{"id":96,"date":"2014-09-12T14:19:31","date_gmt":"2014-09-12T12:19:31","guid":{"rendered":"http:\/\/freerideguide.ch\/schweiz\/?post_type=product&#038;p=96"},"modified":"2026-01-13T17:46:57","modified_gmt":"2026-01-13T15:46:57","slug":"freeride-guide-jungfrau-region","status":"publish","type":"product","link":"https:\/\/freerideguide.ch\/schweiz\/produkt\/freeride-guide-jungfrau-region\/","title":{"rendered":"Freeride Guide Jungfrau Region"},"content":{"rendered":"","protected":false},"excerpt":{"rendered":"<p>Total 43 Variantenvorschl\u00e4ge aus den Skigebieten Grindelwald-First, Kleine Scheidegg-M\u00e4nnlichen und M\u00fcrren-Schilthorn \u2013 systematisch beschrieben und beurteilt nach Kriterien wie Schwierigkeitsgrad, Zeitbedarf, Hangexposition, Steilheit, H\u00f6henunterschied, Zeitbedarf f\u00fcr allf\u00e4llige Aufstiege, Positives, Negatives, Gefahrenhinweise, Hinweise auf Wildschutzgebiete und Wissenswertes. Der empfohlene Routenverlauf kann dabei auf topographischen \u00dcbersichtskarten im Massstab 1:50 000 sowie teilweise auch auf Fotos nachgeschlagen werden. Weiter beinhaltet das Buch eine Checkliste zur Tourenvorbereitung und ein Kapitel \u00fcber Wildschutz. Der Freeride Guide Jungfrau Region hat 144 Seiten und 106 Abbildungen.<\/p>\n<p>Autor: Fischer Roger<\/p>\n<p>ISBN: 978-3-9524054-0-6<\/p>\n<p><a href=\"https:\/\/freerideguide.ch\/schweiz\/beispielvarianten\/\" target=\"_blank\" rel=\"noopener\">Blick ins Buch<\/a><\/p>\n<p><a href=\"https:\/\/freerideguide.ch\/schweiz\/rezensionen\/\" target=\"_blank\" rel=\"noopener\">Rezensionen<\/a><\/p>\n","protected":false},"featured_media":138,"comment_status":"closed","ping_status":"closed","template":"","meta":[],"product_brand":[],"product_cat":[113],"product_tag":[35,58,67],"class_list":{"0":"post-96","1":"product","2":"type-product","3":"status-publish","4":"has-post-thumbnail","6":"product_cat-freeride","7":"product_tag-freeride-guide","8":"product_tag-jungfrau-region","9":"product_tag-roger-fischer","10":"product_shipping_class-briefe-ueber-250g","12":"first","13":"instock","14":"featured","15":"shipping-taxable","16":"purchasable","17":"product-type-simple"},"yoast_head":"<!-- This site is optimized with the Yoast SEO plugin v26.6 - https:\/\/yoast.com\/wordpress\/plugins\/seo\/ -->\r\n<title>Freeride Guide Jungfrau Region | Freerideguide.ch und hikeandflyguide.ch<\/title>\r\n<meta name=\"description\" content=\"Freerideguide, Backcountry Guide, Tiefschneetourenf\u00fchrer, Jungfrau Region, Grindelwald, Wengen, M\u00fcrren, First, Kl. Scheidegg, M\u00e4nnlichen, Schilthorn\" \/>\r\n<meta name=\"robots\" content=\"index, follow, max-snippet:-1, max-image-preview:large, max-video-preview:-1\" \/>\r\n<link rel=\"canonical\" href=\"https:\/\/freerideguide.ch\/schweiz\/produkt\/freeride-guide-jungfrau-region\/\" \/>\r\n<meta property=\"og:locale\" content=\"de_DE\" \/>\r\n<meta property=\"og:type\" content=\"article\" \/>\r\n<meta property=\"og:title\" content=\"Freeride Guide Jungfrau Region | Freerideguide.ch und hikeandflyguide.ch\" \/>\r\n<meta property=\"og:description\" content=\"Freerideguide, Backcountry Guide, Tiefschneetourenf\u00fchrer, Jungfrau Region, Grindelwald, Wengen, M\u00fcrren, First, Kl. Scheidegg, M\u00e4nnlichen, Schilthorn\" \/>\r\n<meta property=\"og:url\" content=\"https:\/\/freerideguide.ch\/schweiz\/produkt\/freeride-guide-jungfrau-region\/\" \/>\r\n<meta property=\"og:site_name\" content=\"Freerideguide.ch\" \/>\r\n<meta property=\"article:publisher\" content=\"https:\/\/www.facebook.com\/FreerideGuideJungfrauRegion\/\" \/>\r\n<meta property=\"article:modified_time\" content=\"2026-01-13T15:46:57+00:00\" \/>\r\n<meta property=\"og:image\" content=\"https:\/\/freerideguide.ch\/schweiz\/wp-content\/uploads\/2014\/08\/Jungrau_region_Buch1.1_def_2.png\" \/>\r\n\t<meta property=\"og:image:width\" content=\"500\" \/>\r\n\t<meta property=\"og:image:height\" content=\"600\" \/>\r\n\t<meta property=\"og:image:type\" content=\"image\/png\" \/>\r\n<meta name=\"twitter:label1\" content=\"Gesch\u00e4tzte Lesezeit\" \/>\n\t<meta name=\"twitter:data1\" content=\"1\u00a0Minute\" \/>\r\n<script type=\"application\/ld+json\" class=\"yoast-schema-graph\">{\"@context\":\"https:\/\/schema.org\",\"@graph\":[{\"@type\":\"WebPage\",\"@id\":\"https:\/\/freerideguide.ch\/schweiz\/produkt\/freeride-guide-jungfrau-region\/\",\"url\":\"https:\/\/freerideguide.ch\/schweiz\/produkt\/freeride-guide-jungfrau-region\/\",\"name\":\"Freeride Guide Jungfrau Region | Freerideguide.ch und hikeandflyguide.ch\",\"isPartOf\":{\"@id\":\"https:\/\/freerideguide.ch\/schweiz\/#website\"},\"primaryImageOfPage\":{\"@id\":\"https:\/\/freerideguide.ch\/schweiz\/produkt\/freeride-guide-jungfrau-region\/#primaryimage\"},\"image\":{\"@id\":\"https:\/\/freerideguide.ch\/schweiz\/produkt\/freeride-guide-jungfrau-region\/#primaryimage\"},\"thumbnailUrl\":\"https:\/\/freerideguide.ch\/schweiz\/wp-content\/uploads\/2014\/08\/Jungrau_region_Buch1.1_def_2.png\",\"datePublished\":\"2014-09-12T12:19:31+00:00\",\"dateModified\":\"2026-01-13T15:46:57+00:00\",\"description\":\"Freerideguide, Backcountry Guide, Tiefschneetourenf\u00fchrer, Jungfrau Region, Grindelwald, Wengen, M\u00fcrren, First, Kl. Scheidegg, M\u00e4nnlichen, Schilthorn\",\"breadcrumb\":{\"@id\":\"https:\/\/freerideguide.ch\/schweiz\/produkt\/freeride-guide-jungfrau-region\/#breadcrumb\"},\"inLanguage\":\"de\",\"potentialAction\":[{\"@type\":\"ReadAction\",\"target\":[\"https:\/\/freerideguide.ch\/schweiz\/produkt\/freeride-guide-jungfrau-region\/\"]}]},{\"@type\":\"ImageObject\",\"inLanguage\":\"de\",\"@id\":\"https:\/\/freerideguide.ch\/schweiz\/produkt\/freeride-guide-jungfrau-region\/#primaryimage\",\"url\":\"https:\/\/freerideguide.ch\/schweiz\/wp-content\/uploads\/2014\/08\/Jungrau_region_Buch1.1_def_2.png\",\"contentUrl\":\"https:\/\/freerideguide.ch\/schweiz\/wp-content\/uploads\/2014\/08\/Jungrau_region_Buch1.1_def_2.png\",\"width\":500,\"height\":600},{\"@type\":\"BreadcrumbList\",\"@id\":\"https:\/\/freerideguide.ch\/schweiz\/produkt\/freeride-guide-jungfrau-region\/#breadcrumb\",\"itemListElement\":[{\"@type\":\"ListItem\",\"position\":1,\"name\":\"Home\",\"item\":\"https:\/\/freerideguide.ch\/schweiz\/\"},{\"@type\":\"ListItem\",\"position\":2,\"name\":\"Shop\",\"item\":\"https:\/\/freerideguide.ch\/schweiz\/shop\/\"},{\"@type\":\"ListItem\",\"position\":3,\"name\":\"Freeride Guide Jungfrau Region\"}]},{\"@type\":\"WebSite\",\"@id\":\"https:\/\/freerideguide.ch\/schweiz\/#website\",\"url\":\"https:\/\/freerideguide.ch\/schweiz\/\",\"name\":\"Freerideguide.ch\",\"description\":\"Books, Guidings and Tandem Flights\",\"publisher\":{\"@id\":\"https:\/\/freerideguide.ch\/schweiz\/#organization\"},\"potentialAction\":[{\"@type\":\"SearchAction\",\"target\":{\"@type\":\"EntryPoint\",\"urlTemplate\":\"https:\/\/freerideguide.ch\/schweiz\/?s={search_term_string}\"},\"query-input\":{\"@type\":\"PropertyValueSpecification\",\"valueRequired\":true,\"valueName\":\"search_term_string\"}}],\"inLanguage\":\"de\"},{\"@type\":\"Organization\",\"@id\":\"https:\/\/freerideguide.ch\/schweiz\/#organization\",\"name\":\"Freerideguide.ch\",\"url\":\"https:\/\/freerideguide.ch\/schweiz\/\",\"logo\":{\"@type\":\"ImageObject\",\"inLanguage\":\"de\",\"@id\":\"https:\/\/freerideguide.ch\/schweiz\/#\/schema\/logo\/image\/\",\"url\":\"http:\/\/freerideguide.ch\/schweiz\/wp-content\/uploads\/2014\/09\/freerideguideR.png\",\"contentUrl\":\"http:\/\/freerideguide.ch\/schweiz\/wp-content\/uploads\/2014\/09\/freerideguideR.png\",\"width\":2362,\"height\":587,\"caption\":\"Freerideguide.ch\"},\"image\":{\"@id\":\"https:\/\/freerideguide.ch\/schweiz\/#\/schema\/logo\/image\/\"},\"sameAs\":[\"https:\/\/www.facebook.com\/FreerideGuideJungfrauRegion\/\",\"https:\/\/www.instagram.com\/freerideguide.ch\/\",\"https:\/\/www.youtube.com\/channel\/UCzwnKqRhHpXAzUA5ZErLnAg\"]}]}<\/script>\r\n<!-- \/ Yoast SEO plugin. -->","yoast_head_json":{"title":"Freeride Guide Jungfrau Region | Freerideguide.ch und hikeandflyguide.ch","description":"Freerideguide, Backcountry Guide, Tiefschneetourenf\u00fchrer, Jungfrau Region, Grindelwald, Wengen, M\u00fcrren, First, Kl. Scheidegg, M\u00e4nnlichen, Schilthorn","robots":{"index":"index","follow":"follow","max-snippet":"max-snippet:-1","max-image-preview":"max-image-preview:large","max-video-preview":"max-video-preview:-1"},"canonical":"https:\/\/freerideguide.ch\/schweiz\/produkt\/freeride-guide-jungfrau-region\/","og_locale":"de_DE","og_type":"article","og_title":"Freeride Guide Jungfrau Region | Freerideguide.ch und hikeandflyguide.ch","og_description":"Freerideguide, Backcountry Guide, Tiefschneetourenf\u00fchrer, Jungfrau Region, Grindelwald, Wengen, M\u00fcrren, First, Kl. Scheidegg, M\u00e4nnlichen, Schilthorn","og_url":"https:\/\/freerideguide.ch\/schweiz\/produkt\/freeride-guide-jungfrau-region\/","og_site_name":"Freerideguide.ch","article_publisher":"https:\/\/www.facebook.com\/FreerideGuideJungfrauRegion\/","article_modified_time":"2026-01-13T15:46:57+00:00","og_image":[{"width":500,"height":600,"url":"https:\/\/freerideguide.ch\/schweiz\/wp-content\/uploads\/2014\/08\/Jungrau_region_Buch1.1_def_2.png","type":"image\/png"}],"twitter_misc":{"Gesch\u00e4tzte Lesezeit":"1\u00a0Minute"},"schema":{"@context":"https:\/\/schema.org","@graph":[{"@type":"WebPage","@id":"https:\/\/freerideguide.ch\/schweiz\/produkt\/freeride-guide-jungfrau-region\/","url":"https:\/\/freerideguide.ch\/schweiz\/produkt\/freeride-guide-jungfrau-region\/","name":"Freeride Guide Jungfrau Region | Freerideguide.ch und hikeandflyguide.ch","isPartOf":{"@id":"https:\/\/freerideguide.ch\/schweiz\/#website"},"primaryImageOfPage":{"@id":"https:\/\/freerideguide.ch\/schweiz\/produkt\/freeride-guide-jungfrau-region\/#primaryimage"},"image":{"@id":"https:\/\/freerideguide.ch\/schweiz\/produkt\/freeride-guide-jungfrau-region\/#primaryimage"},"thumbnailUrl":"https:\/\/freerideguide.ch\/schweiz\/wp-content\/uploads\/2014\/08\/Jungrau_region_Buch1.1_def_2.png","datePublished":"2014-09-12T12:19:31+00:00","dateModified":"2026-01-13T15:46:57+00:00","description":"Freerideguide, Backcountry Guide, Tiefschneetourenf\u00fchrer, Jungfrau Region, Grindelwald, Wengen, M\u00fcrren, First, Kl. Scheidegg, M\u00e4nnlichen, Schilthorn","breadcrumb":{"@id":"https:\/\/freerideguide.ch\/schweiz\/produkt\/freeride-guide-jungfrau-region\/#breadcrumb"},"inLanguage":"de","potentialAction":[{"@type":"ReadAction","target":["https:\/\/freerideguide.ch\/schweiz\/produkt\/freeride-guide-jungfrau-region\/"]}]},{"@type":"ImageObject","inLanguage":"de","@id":"https:\/\/freerideguide.ch\/schweiz\/produkt\/freeride-guide-jungfrau-region\/#primaryimage","url":"https:\/\/freerideguide.ch\/schweiz\/wp-content\/uploads\/2014\/08\/Jungrau_region_Buch1.1_def_2.png","contentUrl":"https:\/\/freerideguide.ch\/schweiz\/wp-content\/uploads\/2014\/08\/Jungrau_region_Buch1.1_def_2.png","width":500,"height":600},{"@type":"BreadcrumbList","@id":"https:\/\/freerideguide.ch\/schweiz\/produkt\/freeride-guide-jungfrau-region\/#breadcrumb","itemListElement":[{"@type":"ListItem","position":1,"name":"Home","item":"https:\/\/freerideguide.ch\/schweiz\/"},{"@type":"ListItem","position":2,"name":"Shop","item":"https:\/\/freerideguide.ch\/schweiz\/shop\/"},{"@type":"ListItem","position":3,"name":"Freeride Guide Jungfrau Region"}]},{"@type":"WebSite","@id":"https:\/\/freerideguide.ch\/schweiz\/#website","url":"https:\/\/freerideguide.ch\/schweiz\/","name":"Freerideguide.ch","description":"Books, Guidings and Tandem Flights","publisher":{"@id":"https:\/\/freerideguide.ch\/schweiz\/#organization"},"potentialAction":[{"@type":"SearchAction","target":{"@type":"EntryPoint","urlTemplate":"https:\/\/freerideguide.ch\/schweiz\/?s={search_term_string}"},"query-input":{"@type":"PropertyValueSpecification","valueRequired":true,"valueName":"search_term_string"}}],"inLanguage":"de"},{"@type":"Organization","@id":"https:\/\/freerideguide.ch\/schweiz\/#organization","name":"Freerideguide.ch","url":"https:\/\/freerideguide.ch\/schweiz\/","logo":{"@type":"ImageObject","inLanguage":"de","@id":"https:\/\/freerideguide.ch\/schweiz\/#\/schema\/logo\/image\/","url":"http:\/\/freerideguide.ch\/schweiz\/wp-content\/uploads\/2014\/09\/freerideguideR.png","contentUrl":"http:\/\/freerideguide.ch\/schweiz\/wp-content\/uploads\/2014\/09\/freerideguideR.png","width":2362,"height":587,"caption":"Freerideguide.ch"},"image":{"@id":"https:\/\/freerideguide.ch\/schweiz\/#\/schema\/logo\/image\/"},"sameAs":["https:\/\/www.facebook.com\/FreerideGuideJungfrauRegion\/","https:\/\/www.instagram.com\/freerideguide.ch\/","https:\/\/www.youtube.com\/channel\/UCzwnKqRhHpXAzUA5ZErLnAg"]}]}},"_links":{"self":[{"href":"https:\/\/freerideguide.ch\/schweiz\/wp-json\/wp\/v2\/product\/96","targetHints":{"allow":["GET"]}}],"collection":[{"href":"https:\/\/freerideguide.ch\/schweiz\/wp-json\/wp\/v2\/product"}],"about":[{"href":"https:\/\/freerideguide.ch\/schweiz\/wp-json\/wp\/v2\/types\/product"}],"replies":[{"embeddable":true,"href":"https:\/\/freerideguide.ch\/schweiz\/wp-json\/wp\/v2\/comments?post=96"}],"wp:featuredmedia":[{"embeddable":true,"href":"https:\/\/freerideguide.ch\/schweiz\/wp-json\/wp\/v2\/media\/138"}],"wp:attachment":[{"href":"https:\/\/freerideguide.ch\/schweiz\/wp-json\/wp\/v2\/media?parent=96"}],"wp:term":[{"taxonomy":"product_brand","embeddable":true,"href":"https:\/\/freerideguide.ch\/schweiz\/wp-json\/wp\/v2\/product_brand?post=96"},{"taxonomy":"product_cat","embeddable":true,"href":"https:\/\/freerideguide.ch\/schweiz\/wp-json\/wp\/v2\/product_cat?post=96"},{"taxonomy":"product_tag","embeddable":true,"href":"https:\/\/freerideguide.ch\/schweiz\/wp-json\/wp\/v2\/product_tag?post=96"}],"curies":[{"name":"wp","href":"https:\/\/api.w.org\/{rel}","templated":true}]}}