{"id":869,"date":"2015-01-21T22:40:49","date_gmt":"2015-01-21T20:40:49","guid":{"rendered":"http:\/\/freerideguide.ch\/schweiz\/?post_type=product&#038;p=869"},"modified":"2026-01-13T17:45:51","modified_gmt":"2026-01-13T15:45:51","slug":"engiadina-freeride","status":"publish","type":"product","link":"https:\/\/freerideguide.ch\/schweiz\/produkt\/engiadina-freeride\/","title":{"rendered":"Engiadina Freeride"},"content":{"rendered":"","protected":false},"excerpt":{"rendered":"<p>Willkommen im Freeride-Paradies Engadin! Bekannt f\u00fcr seinen einzigartigen Champagner-Powder und seine atemberaubende Landschaft! Tausende gefahrene H\u00f6henmeter und \u00fcber ein Jahrzehnt an Erfahrung sind in den ersten und einzigen Freeride Guide des Oberengadins eingeflossen. Engiadina Freeride pr\u00e4sentiert stolz die 101 sch\u00f6nsten Freeride Abfahrten rund um St.Moritz.<\/p>\n<p><em>Welcome to the freeride paradise \u2014 the Engadin valley! Best known <\/em><em>for its champagne-powder and breathtaking scenery. Thousands of <\/em><em>vertical meters skied and more than a decade of freeriding experience\u00a0<\/em><em>are compiled into the first and only freeride guidebook of the Engiadin <\/em><em>valley. <\/em>Engiadina Freeride <em>proudly presents the 101 most beautiful <\/em><em>off-piste descents around St. Moritz.<\/em><\/p>\n<p>Autoren: J\u00f6rg Eugster und Kenny Scheidegger<\/p>\n<p>ISBN: 978-3-033-04841-6<\/p>\n<p>&nbsp;<\/p>\n<p><a href=\"http:\/\/freerideguide.ch\/schweiz\/wp-content\/uploads\/2015\/02\/Buchrezension-Freeride-Engiadina.pdf\">Buchrezension Engiadina Freeride von Roger Fischer<\/a><\/p>\n<p>&nbsp;<\/p>\n","protected":false},"featured_media":873,"comment_status":"closed","ping_status":"closed","template":"","meta":[],"product_brand":[],"product_cat":[113],"product_tag":[49,54,53],"class_list":{"0":"post-869","1":"product","2":"type-product","3":"status-publish","4":"has-post-thumbnail","6":"product_cat-freeride","7":"product_tag-engiadina-freeride","8":"product_tag-juerg-eugster","9":"product_tag-kenny-scheidegger","10":"product_shipping_class-briefe-ueber-250g","12":"first","13":"instock","14":"shipping-taxable","15":"purchasable","16":"product-type-simple"},"yoast_head":"<!-- This site is optimized with the Yoast SEO plugin v26.6 - https:\/\/yoast.com\/wordpress\/plugins\/seo\/ -->\r\n<title>Freerideguide.ch und hikeandflyguide.ch<\/title>\r\n<meta name=\"description\" content=\"Engiadina Freeride - Freeride Guide f\u00fcr das Engadin von J\u00fcrg Eugster und Kenny Scheidegger\" \/>\r\n<meta name=\"robots\" content=\"index, follow, max-snippet:-1, max-image-preview:large, max-video-preview:-1\" \/>\r\n<link rel=\"canonical\" href=\"https:\/\/freerideguide.ch\/schweiz\/produkt\/engiadina-freeride\/\" \/>\r\n<meta property=\"og:locale\" content=\"de_DE\" \/>\r\n<meta property=\"og:type\" content=\"article\" \/>\r\n<meta property=\"og:title\" content=\"Freerideguide.ch und hikeandflyguide.ch\" \/>\r\n<meta property=\"og:description\" content=\"Engiadina Freeride - Freeride Guide f\u00fcr das Engadin von J\u00fcrg Eugster und Kenny Scheidegger\" \/>\r\n<meta property=\"og:url\" content=\"https:\/\/freerideguide.ch\/schweiz\/produkt\/engiadina-freeride\/\" \/>\r\n<meta property=\"og:site_name\" content=\"Freerideguide.ch\" \/>\r\n<meta property=\"article:publisher\" content=\"https:\/\/www.facebook.com\/FreerideGuideJungfrauRegion\/\" \/>\r\n<meta property=\"article:modified_time\" content=\"2026-01-13T15:45:51+00:00\" \/>\r\n<meta property=\"og:image\" content=\"https:\/\/freerideguide.ch\/schweiz\/wp-content\/uploads\/2015\/01\/Cover-FG-Engiadina-webformat.jpg\" \/>\r\n\t<meta property=\"og:image:width\" content=\"500\" \/>\r\n\t<meta property=\"og:image:height\" content=\"726\" \/>\r\n\t<meta property=\"og:image:type\" content=\"image\/jpeg\" \/>\r\n<meta name=\"twitter:label1\" content=\"Gesch\u00e4tzte Lesezeit\" \/>\n\t<meta name=\"twitter:data1\" content=\"1\u00a0Minute\" \/>\r\n<script type=\"application\/ld+json\" class=\"yoast-schema-graph\">{\"@context\":\"https:\/\/schema.org\",\"@graph\":[{\"@type\":\"WebPage\",\"@id\":\"https:\/\/freerideguide.ch\/schweiz\/produkt\/engiadina-freeride\/\",\"url\":\"https:\/\/freerideguide.ch\/schweiz\/produkt\/engiadina-freeride\/\",\"name\":\"Freerideguide.ch und hikeandflyguide.ch\",\"isPartOf\":{\"@id\":\"https:\/\/freerideguide.ch\/schweiz\/#website\"},\"primaryImageOfPage\":{\"@id\":\"https:\/\/freerideguide.ch\/schweiz\/produkt\/engiadina-freeride\/#primaryimage\"},\"image\":{\"@id\":\"https:\/\/freerideguide.ch\/schweiz\/produkt\/engiadina-freeride\/#primaryimage\"},\"thumbnailUrl\":\"https:\/\/freerideguide.ch\/schweiz\/wp-content\/uploads\/2015\/01\/Cover-FG-Engiadina-webformat.jpg\",\"datePublished\":\"2015-01-21T20:40:49+00:00\",\"dateModified\":\"2026-01-13T15:45:51+00:00\",\"description\":\"Engiadina Freeride - Freeride Guide f\u00fcr das Engadin von J\u00fcrg Eugster und Kenny Scheidegger\",\"breadcrumb\":{\"@id\":\"https:\/\/freerideguide.ch\/schweiz\/produkt\/engiadina-freeride\/#breadcrumb\"},\"inLanguage\":\"de\",\"potentialAction\":[{\"@type\":\"ReadAction\",\"target\":[\"https:\/\/freerideguide.ch\/schweiz\/produkt\/engiadina-freeride\/\"]}]},{\"@type\":\"ImageObject\",\"inLanguage\":\"de\",\"@id\":\"https:\/\/freerideguide.ch\/schweiz\/produkt\/engiadina-freeride\/#primaryimage\",\"url\":\"https:\/\/freerideguide.ch\/schweiz\/wp-content\/uploads\/2015\/01\/Cover-FG-Engiadina-webformat.jpg\",\"contentUrl\":\"https:\/\/freerideguide.ch\/schweiz\/wp-content\/uploads\/2015\/01\/Cover-FG-Engiadina-webformat.jpg\",\"width\":500,\"height\":726},{\"@type\":\"BreadcrumbList\",\"@id\":\"https:\/\/freerideguide.ch\/schweiz\/produkt\/engiadina-freeride\/#breadcrumb\",\"itemListElement\":[{\"@type\":\"ListItem\",\"position\":1,\"name\":\"Home\",\"item\":\"https:\/\/freerideguide.ch\/schweiz\/\"},{\"@type\":\"ListItem\",\"position\":2,\"name\":\"Shop\",\"item\":\"https:\/\/freerideguide.ch\/schweiz\/shop\/\"},{\"@type\":\"ListItem\",\"position\":3,\"name\":\"Engiadina Freeride\"}]},{\"@type\":\"WebSite\",\"@id\":\"https:\/\/freerideguide.ch\/schweiz\/#website\",\"url\":\"https:\/\/freerideguide.ch\/schweiz\/\",\"name\":\"Freerideguide.ch\",\"description\":\"Books, Guidings and Tandem Flights\",\"publisher\":{\"@id\":\"https:\/\/freerideguide.ch\/schweiz\/#organization\"},\"potentialAction\":[{\"@type\":\"SearchAction\",\"target\":{\"@type\":\"EntryPoint\",\"urlTemplate\":\"https:\/\/freerideguide.ch\/schweiz\/?s={search_term_string}\"},\"query-input\":{\"@type\":\"PropertyValueSpecification\",\"valueRequired\":true,\"valueName\":\"search_term_string\"}}],\"inLanguage\":\"de\"},{\"@type\":\"Organization\",\"@id\":\"https:\/\/freerideguide.ch\/schweiz\/#organization\",\"name\":\"Freerideguide.ch\",\"url\":\"https:\/\/freerideguide.ch\/schweiz\/\",\"logo\":{\"@type\":\"ImageObject\",\"inLanguage\":\"de\",\"@id\":\"https:\/\/freerideguide.ch\/schweiz\/#\/schema\/logo\/image\/\",\"url\":\"http:\/\/freerideguide.ch\/schweiz\/wp-content\/uploads\/2014\/09\/freerideguideR.png\",\"contentUrl\":\"http:\/\/freerideguide.ch\/schweiz\/wp-content\/uploads\/2014\/09\/freerideguideR.png\",\"width\":2362,\"height\":587,\"caption\":\"Freerideguide.ch\"},\"image\":{\"@id\":\"https:\/\/freerideguide.ch\/schweiz\/#\/schema\/logo\/image\/\"},\"sameAs\":[\"https:\/\/www.facebook.com\/FreerideGuideJungfrauRegion\/\",\"https:\/\/www.instagram.com\/freerideguide.ch\/\",\"https:\/\/www.youtube.com\/channel\/UCzwnKqRhHpXAzUA5ZErLnAg\"]}]}<\/script>\r\n<!-- \/ Yoast SEO plugin. -->","yoast_head_json":{"title":"Freerideguide.ch und hikeandflyguide.ch","description":"Engiadina Freeride - Freeride Guide f\u00fcr das Engadin von J\u00fcrg Eugster und Kenny Scheidegger","robots":{"index":"index","follow":"follow","max-snippet":"max-snippet:-1","max-image-preview":"max-image-preview:large","max-video-preview":"max-video-preview:-1"},"canonical":"https:\/\/freerideguide.ch\/schweiz\/produkt\/engiadina-freeride\/","og_locale":"de_DE","og_type":"article","og_title":"Freerideguide.ch und hikeandflyguide.ch","og_description":"Engiadina Freeride - Freeride Guide f\u00fcr das Engadin von J\u00fcrg Eugster und Kenny Scheidegger","og_url":"https:\/\/freerideguide.ch\/schweiz\/produkt\/engiadina-freeride\/","og_site_name":"Freerideguide.ch","article_publisher":"https:\/\/www.facebook.com\/FreerideGuideJungfrauRegion\/","article_modified_time":"2026-01-13T15:45:51+00:00","og_image":[{"width":500,"height":726,"url":"https:\/\/freerideguide.ch\/schweiz\/wp-content\/uploads\/2015\/01\/Cover-FG-Engiadina-webformat.jpg","type":"image\/jpeg"}],"twitter_misc":{"Gesch\u00e4tzte Lesezeit":"1\u00a0Minute"},"schema":{"@context":"https:\/\/schema.org","@graph":[{"@type":"WebPage","@id":"https:\/\/freerideguide.ch\/schweiz\/produkt\/engiadina-freeride\/","url":"https:\/\/freerideguide.ch\/schweiz\/produkt\/engiadina-freeride\/","name":"Freerideguide.ch und hikeandflyguide.ch","isPartOf":{"@id":"https:\/\/freerideguide.ch\/schweiz\/#website"},"primaryImageOfPage":{"@id":"https:\/\/freerideguide.ch\/schweiz\/produkt\/engiadina-freeride\/#primaryimage"},"image":{"@id":"https:\/\/freerideguide.ch\/schweiz\/produkt\/engiadina-freeride\/#primaryimage"},"thumbnailUrl":"https:\/\/freerideguide.ch\/schweiz\/wp-content\/uploads\/2015\/01\/Cover-FG-Engiadina-webformat.jpg","datePublished":"2015-01-21T20:40:49+00:00","dateModified":"2026-01-13T15:45:51+00:00","description":"Engiadina Freeride - Freeride Guide f\u00fcr das Engadin von J\u00fcrg Eugster und Kenny Scheidegger","breadcrumb":{"@id":"https:\/\/freerideguide.ch\/schweiz\/produkt\/engiadina-freeride\/#breadcrumb"},"inLanguage":"de","potentialAction":[{"@type":"ReadAction","target":["https:\/\/freerideguide.ch\/schweiz\/produkt\/engiadina-freeride\/"]}]},{"@type":"ImageObject","inLanguage":"de","@id":"https:\/\/freerideguide.ch\/schweiz\/produkt\/engiadina-freeride\/#primaryimage","url":"https:\/\/freerideguide.ch\/schweiz\/wp-content\/uploads\/2015\/01\/Cover-FG-Engiadina-webformat.jpg","contentUrl":"https:\/\/freerideguide.ch\/schweiz\/wp-content\/uploads\/2015\/01\/Cover-FG-Engiadina-webformat.jpg","width":500,"height":726},{"@type":"BreadcrumbList","@id":"https:\/\/freerideguide.ch\/schweiz\/produkt\/engiadina-freeride\/#breadcrumb","itemListElement":[{"@type":"ListItem","position":1,"name":"Home","item":"https:\/\/freerideguide.ch\/schweiz\/"},{"@type":"ListItem","position":2,"name":"Shop","item":"https:\/\/freerideguide.ch\/schweiz\/shop\/"},{"@type":"ListItem","position":3,"name":"Engiadina Freeride"}]},{"@type":"WebSite","@id":"https:\/\/freerideguide.ch\/schweiz\/#website","url":"https:\/\/freerideguide.ch\/schweiz\/","name":"Freerideguide.ch","description":"Books, Guidings and Tandem Flights","publisher":{"@id":"https:\/\/freerideguide.ch\/schweiz\/#organization"},"potentialAction":[{"@type":"SearchAction","target":{"@type":"EntryPoint","urlTemplate":"https:\/\/freerideguide.ch\/schweiz\/?s={search_term_string}"},"query-input":{"@type":"PropertyValueSpecification","valueRequired":true,"valueName":"search_term_string"}}],"inLanguage":"de"},{"@type":"Organization","@id":"https:\/\/freerideguide.ch\/schweiz\/#organization","name":"Freerideguide.ch","url":"https:\/\/freerideguide.ch\/schweiz\/","logo":{"@type":"ImageObject","inLanguage":"de","@id":"https:\/\/freerideguide.ch\/schweiz\/#\/schema\/logo\/image\/","url":"http:\/\/freerideguide.ch\/schweiz\/wp-content\/uploads\/2014\/09\/freerideguideR.png","contentUrl":"http:\/\/freerideguide.ch\/schweiz\/wp-content\/uploads\/2014\/09\/freerideguideR.png","width":2362,"height":587,"caption":"Freerideguide.ch"},"image":{"@id":"https:\/\/freerideguide.ch\/schweiz\/#\/schema\/logo\/image\/"},"sameAs":["https:\/\/www.facebook.com\/FreerideGuideJungfrauRegion\/","https:\/\/www.instagram.com\/freerideguide.ch\/","https:\/\/www.youtube.com\/channel\/UCzwnKqRhHpXAzUA5ZErLnAg"]}]}},"_links":{"self":[{"href":"https:\/\/freerideguide.ch\/schweiz\/wp-json\/wp\/v2\/product\/869","targetHints":{"allow":["GET"]}}],"collection":[{"href":"https:\/\/freerideguide.ch\/schweiz\/wp-json\/wp\/v2\/product"}],"about":[{"href":"https:\/\/freerideguide.ch\/schweiz\/wp-json\/wp\/v2\/types\/product"}],"replies":[{"embeddable":true,"href":"https:\/\/freerideguide.ch\/schweiz\/wp-json\/wp\/v2\/comments?post=869"}],"wp:featuredmedia":[{"embeddable":true,"href":"https:\/\/freerideguide.ch\/schweiz\/wp-json\/wp\/v2\/media\/873"}],"wp:attachment":[{"href":"https:\/\/freerideguide.ch\/schweiz\/wp-json\/wp\/v2\/media?parent=869"}],"wp:term":[{"taxonomy":"product_brand","embeddable":true,"href":"https:\/\/freerideguide.ch\/schweiz\/wp-json\/wp\/v2\/product_brand?post=869"},{"taxonomy":"product_cat","embeddable":true,"href":"https:\/\/freerideguide.ch\/schweiz\/wp-json\/wp\/v2\/product_cat?post=869"},{"taxonomy":"product_tag","embeddable":true,"href":"https:\/\/freerideguide.ch\/schweiz\/wp-json\/wp\/v2\/product_tag?post=869"}],"curies":[{"name":"wp","href":"https:\/\/api.w.org\/{rel}","templated":true}]}}