{"id":6577,"date":"2024-12-13T10:15:59","date_gmt":"2024-12-13T08:15:59","guid":{"rendered":"http:\/\/freerideguide.ch\/schweiz\/?post_type=product&#038;p=6577"},"modified":"2026-01-13T17:42:00","modified_gmt":"2026-01-13T15:42:00","slug":"xpeaks-neue-wege-auf-alte-berge","status":"publish","type":"product","link":"https:\/\/freerideguide.ch\/schweiz\/produkt\/xpeaks-neue-wege-auf-alte-berge\/","title":{"rendered":"XPeaks &#8211; Neue Wege auf alte Berge"},"content":{"rendered":"","protected":false},"excerpt":{"rendered":"<p>Am 10. Juni 2024 starten Chrigel Maurer und Peter von K\u00e4nel von ihrem Wohnort Frutigen im Berner Oberland, um alle 82 Viertausender der Alpen zu besteigen \u2013 ausschliesslich zu Fuss und per Gleitschirm, ohne Supporter und m\u00f6glichst am St\u00fcck. Der bergsteigende Gleitschirmprofi und der gleitschirmfliegende Bergprofi erg\u00e4nzen sich perfekt und bilden f\u00fcr dieses Abenteuer das ideale Team. Nach 51 erlebnisreichen Tagen besteigen sie mit der Jungfrau ihren letzten Gipfel und fliegen von dort \u00fcbergl\u00fccklich zur\u00fcck nach Frutigen \u2013 der Kreis schliesst sich.<\/p>\n<p>Die Symbiose zwischen Bergsteigen, hochalpinem Gleitschirmfliegen sowie Streckenflug erm\u00f6glicht verbl\u00fcffende und ausgesprochen elegante Touren. Mit ihrem Stil beschreiten die beiden neue Wege auf alte Berge und werden immer wieder mit \u00fcberraschenden Herausforderungen konfrontiert. Anschaulich, authentisch und mit einer Prise Ironie erl\u00e4utert Peter von K\u00e4nel die entscheidenden Erfolgsfaktoren bez\u00fcglich Vorbereitung, Taktik und Umgang mit Risiken und Fehlern. Packend schildert er die St\u00fcrme, die \u00fcberw\u00e4chteten Grate, das Fliegen am Limit und ihre Magic Moves, mit welchen sie als Team auf kreative Weise auch gr\u00f6sste Schwierigkeiten \u00fcberwinden.<\/p>\n<p>Autor: Peter von K\u00e4nel<\/p>\n<p>4-farbig, 168\u00a0Seiten, Hardcover<\/p>\n<p>Format: 16.5 x 22.5 x 2.1 cm<\/p>\n<p>Sprache: D<\/p>\n<p>Erscheinungsdatum: 01.11.2024<\/p>\n<p>Preis CHF 48.-<\/p>\n<p>ISBN: 978-3-906087-60-3<\/p>\n<p><a href=\"http:\/\/freerideguide.ch\/schweiz\/wp-content\/uploads\/2024\/12\/Leseprobe-XPeaks.pdf\" target=\"_blank\" rel=\"noopener\">Leseprobe<\/a><\/p>\n<p><a href=\"http:\/\/freerideguide.ch\/schweiz\/wp-content\/uploads\/2024\/12\/Umschlag-XPeaks.pdf\" target=\"_blank\" rel=\"noopener\">Umschlag<\/a><\/p>\n<p>&nbsp;<\/p>\n","protected":false},"featured_media":6579,"comment_status":"closed","ping_status":"closed","template":"","meta":[],"product_brand":[],"product_cat":[133,114],"product_tag":[138,134,90,110,137],"class_list":{"0":"post-6577","1":"product","2":"type-product","3":"status-publish","4":"has-post-thumbnail","6":"product_cat-gleitschirm","7":"product_cat-hike-fly","8":"product_tag-4000er","9":"product_tag-chrigel-maurer","10":"product_tag-gleitschirm","11":"product_tag-hike-fly","12":"product_tag-peter-von-kaenel","13":"product_shipping_class-paket","15":"first","16":"instock","17":"shipping-taxable","18":"purchasable","19":"product-type-simple"},"yoast_head":"<!-- This site is optimized with the Yoast SEO plugin v26.6 - https:\/\/yoast.com\/wordpress\/plugins\/seo\/ -->\r\n<title>XPeaks - Neue Wege auf alte Berge | Freerideguide.ch und hikeandflyguide.ch<\/title>\r\n<meta name=\"description\" content=\"Freeride Guides, Hike and Fly Guides und Outdoor Guides in der Schweiz sowie Tandem Paragliding Flights in der Jungfrau Region und in der Zentralschweiz\" \/>\r\n<meta name=\"robots\" content=\"index, follow, max-snippet:-1, max-image-preview:large, max-video-preview:-1\" \/>\r\n<link rel=\"canonical\" href=\"https:\/\/freerideguide.ch\/schweiz\/produkt\/xpeaks-neue-wege-auf-alte-berge\/\" \/>\r\n<meta property=\"og:locale\" content=\"de_DE\" \/>\r\n<meta property=\"og:type\" content=\"article\" \/>\r\n<meta property=\"og:title\" content=\"XPeaks - Neue Wege auf alte Berge | Freerideguide.ch und hikeandflyguide.ch\" \/>\r\n<meta property=\"og:description\" content=\"Freeride Guides, Hike and Fly Guides und Outdoor Guides in der Schweiz sowie Tandem Paragliding Flights in der Jungfrau Region und in der Zentralschweiz\" \/>\r\n<meta property=\"og:url\" content=\"https:\/\/freerideguide.ch\/schweiz\/produkt\/xpeaks-neue-wege-auf-alte-berge\/\" \/>\r\n<meta property=\"og:site_name\" content=\"Freerideguide.ch\" \/>\r\n<meta property=\"article:publisher\" content=\"https:\/\/www.facebook.com\/FreerideGuideJungfrauRegion\/\" \/>\r\n<meta property=\"article:modified_time\" content=\"2026-01-13T15:42:00+00:00\" \/>\r\n<meta property=\"og:image\" content=\"https:\/\/freerideguide.ch\/schweiz\/wp-content\/uploads\/2024\/12\/xPeaks_Buch-1.png\" \/>\r\n\t<meta property=\"og:image:width\" content=\"1278\" \/>\r\n\t<meta property=\"og:image:height\" content=\"958\" \/>\r\n\t<meta property=\"og:image:type\" content=\"image\/png\" \/>\r\n<meta name=\"twitter:label1\" content=\"Gesch\u00e4tzte Lesezeit\" \/>\n\t<meta name=\"twitter:data1\" content=\"2\u00a0Minuten\" \/>\r\n<script type=\"application\/ld+json\" class=\"yoast-schema-graph\">{\"@context\":\"https:\/\/schema.org\",\"@graph\":[{\"@type\":\"WebPage\",\"@id\":\"https:\/\/freerideguide.ch\/schweiz\/produkt\/xpeaks-neue-wege-auf-alte-berge\/\",\"url\":\"https:\/\/freerideguide.ch\/schweiz\/produkt\/xpeaks-neue-wege-auf-alte-berge\/\",\"name\":\"XPeaks - Neue Wege auf alte Berge | Freerideguide.ch und hikeandflyguide.ch\",\"isPartOf\":{\"@id\":\"https:\/\/freerideguide.ch\/schweiz\/#website\"},\"primaryImageOfPage\":{\"@id\":\"https:\/\/freerideguide.ch\/schweiz\/produkt\/xpeaks-neue-wege-auf-alte-berge\/#primaryimage\"},\"image\":{\"@id\":\"https:\/\/freerideguide.ch\/schweiz\/produkt\/xpeaks-neue-wege-auf-alte-berge\/#primaryimage\"},\"thumbnailUrl\":\"https:\/\/freerideguide.ch\/schweiz\/wp-content\/uploads\/2024\/12\/xPeaks_Buch-1.png\",\"datePublished\":\"2024-12-13T08:15:59+00:00\",\"dateModified\":\"2026-01-13T15:42:00+00:00\",\"description\":\"Freeride Guides, Hike and Fly Guides und Outdoor Guides in der Schweiz sowie Tandem Paragliding Flights in der Jungfrau Region und in der Zentralschweiz\",\"breadcrumb\":{\"@id\":\"https:\/\/freerideguide.ch\/schweiz\/produkt\/xpeaks-neue-wege-auf-alte-berge\/#breadcrumb\"},\"inLanguage\":\"de\",\"potentialAction\":[{\"@type\":\"ReadAction\",\"target\":[\"https:\/\/freerideguide.ch\/schweiz\/produkt\/xpeaks-neue-wege-auf-alte-berge\/\"]}]},{\"@type\":\"ImageObject\",\"inLanguage\":\"de\",\"@id\":\"https:\/\/freerideguide.ch\/schweiz\/produkt\/xpeaks-neue-wege-auf-alte-berge\/#primaryimage\",\"url\":\"https:\/\/freerideguide.ch\/schweiz\/wp-content\/uploads\/2024\/12\/xPeaks_Buch-1.png\",\"contentUrl\":\"https:\/\/freerideguide.ch\/schweiz\/wp-content\/uploads\/2024\/12\/xPeaks_Buch-1.png\",\"width\":1278,\"height\":958},{\"@type\":\"BreadcrumbList\",\"@id\":\"https:\/\/freerideguide.ch\/schweiz\/produkt\/xpeaks-neue-wege-auf-alte-berge\/#breadcrumb\",\"itemListElement\":[{\"@type\":\"ListItem\",\"position\":1,\"name\":\"Home\",\"item\":\"https:\/\/freerideguide.ch\/schweiz\/\"},{\"@type\":\"ListItem\",\"position\":2,\"name\":\"Shop\",\"item\":\"https:\/\/freerideguide.ch\/schweiz\/shop\/\"},{\"@type\":\"ListItem\",\"position\":3,\"name\":\"XPeaks &#8211; Neue Wege auf alte Berge\"}]},{\"@type\":\"WebSite\",\"@id\":\"https:\/\/freerideguide.ch\/schweiz\/#website\",\"url\":\"https:\/\/freerideguide.ch\/schweiz\/\",\"name\":\"Freerideguide.ch\",\"description\":\"Books, Guidings and Tandem Flights\",\"publisher\":{\"@id\":\"https:\/\/freerideguide.ch\/schweiz\/#organization\"},\"potentialAction\":[{\"@type\":\"SearchAction\",\"target\":{\"@type\":\"EntryPoint\",\"urlTemplate\":\"https:\/\/freerideguide.ch\/schweiz\/?s={search_term_string}\"},\"query-input\":{\"@type\":\"PropertyValueSpecification\",\"valueRequired\":true,\"valueName\":\"search_term_string\"}}],\"inLanguage\":\"de\"},{\"@type\":\"Organization\",\"@id\":\"https:\/\/freerideguide.ch\/schweiz\/#organization\",\"name\":\"Freerideguide.ch\",\"url\":\"https:\/\/freerideguide.ch\/schweiz\/\",\"logo\":{\"@type\":\"ImageObject\",\"inLanguage\":\"de\",\"@id\":\"https:\/\/freerideguide.ch\/schweiz\/#\/schema\/logo\/image\/\",\"url\":\"http:\/\/freerideguide.ch\/schweiz\/wp-content\/uploads\/2014\/09\/freerideguideR.png\",\"contentUrl\":\"http:\/\/freerideguide.ch\/schweiz\/wp-content\/uploads\/2014\/09\/freerideguideR.png\",\"width\":2362,\"height\":587,\"caption\":\"Freerideguide.ch\"},\"image\":{\"@id\":\"https:\/\/freerideguide.ch\/schweiz\/#\/schema\/logo\/image\/\"},\"sameAs\":[\"https:\/\/www.facebook.com\/FreerideGuideJungfrauRegion\/\",\"https:\/\/www.instagram.com\/freerideguide.ch\/\",\"https:\/\/www.youtube.com\/channel\/UCzwnKqRhHpXAzUA5ZErLnAg\"]}]}<\/script>\r\n<!-- \/ Yoast SEO plugin. -->","yoast_head_json":{"title":"XPeaks - Neue Wege auf alte Berge | Freerideguide.ch und hikeandflyguide.ch","description":"Freeride Guides, Hike and Fly Guides und Outdoor Guides in der Schweiz sowie Tandem Paragliding Flights in der Jungfrau Region und in der Zentralschweiz","robots":{"index":"index","follow":"follow","max-snippet":"max-snippet:-1","max-image-preview":"max-image-preview:large","max-video-preview":"max-video-preview:-1"},"canonical":"https:\/\/freerideguide.ch\/schweiz\/produkt\/xpeaks-neue-wege-auf-alte-berge\/","og_locale":"de_DE","og_type":"article","og_title":"XPeaks - Neue Wege auf alte Berge | Freerideguide.ch und hikeandflyguide.ch","og_description":"Freeride Guides, Hike and Fly Guides und Outdoor Guides in der Schweiz sowie Tandem Paragliding Flights in der Jungfrau Region und in der Zentralschweiz","og_url":"https:\/\/freerideguide.ch\/schweiz\/produkt\/xpeaks-neue-wege-auf-alte-berge\/","og_site_name":"Freerideguide.ch","article_publisher":"https:\/\/www.facebook.com\/FreerideGuideJungfrauRegion\/","article_modified_time":"2026-01-13T15:42:00+00:00","og_image":[{"width":1278,"height":958,"url":"https:\/\/freerideguide.ch\/schweiz\/wp-content\/uploads\/2024\/12\/xPeaks_Buch-1.png","type":"image\/png"}],"twitter_misc":{"Gesch\u00e4tzte Lesezeit":"2\u00a0Minuten"},"schema":{"@context":"https:\/\/schema.org","@graph":[{"@type":"WebPage","@id":"https:\/\/freerideguide.ch\/schweiz\/produkt\/xpeaks-neue-wege-auf-alte-berge\/","url":"https:\/\/freerideguide.ch\/schweiz\/produkt\/xpeaks-neue-wege-auf-alte-berge\/","name":"XPeaks - Neue Wege auf alte Berge | Freerideguide.ch und hikeandflyguide.ch","isPartOf":{"@id":"https:\/\/freerideguide.ch\/schweiz\/#website"},"primaryImageOfPage":{"@id":"https:\/\/freerideguide.ch\/schweiz\/produkt\/xpeaks-neue-wege-auf-alte-berge\/#primaryimage"},"image":{"@id":"https:\/\/freerideguide.ch\/schweiz\/produkt\/xpeaks-neue-wege-auf-alte-berge\/#primaryimage"},"thumbnailUrl":"https:\/\/freerideguide.ch\/schweiz\/wp-content\/uploads\/2024\/12\/xPeaks_Buch-1.png","datePublished":"2024-12-13T08:15:59+00:00","dateModified":"2026-01-13T15:42:00+00:00","description":"Freeride Guides, Hike and Fly Guides und Outdoor Guides in der Schweiz sowie Tandem Paragliding Flights in der Jungfrau Region und in der Zentralschweiz","breadcrumb":{"@id":"https:\/\/freerideguide.ch\/schweiz\/produkt\/xpeaks-neue-wege-auf-alte-berge\/#breadcrumb"},"inLanguage":"de","potentialAction":[{"@type":"ReadAction","target":["https:\/\/freerideguide.ch\/schweiz\/produkt\/xpeaks-neue-wege-auf-alte-berge\/"]}]},{"@type":"ImageObject","inLanguage":"de","@id":"https:\/\/freerideguide.ch\/schweiz\/produkt\/xpeaks-neue-wege-auf-alte-berge\/#primaryimage","url":"https:\/\/freerideguide.ch\/schweiz\/wp-content\/uploads\/2024\/12\/xPeaks_Buch-1.png","contentUrl":"https:\/\/freerideguide.ch\/schweiz\/wp-content\/uploads\/2024\/12\/xPeaks_Buch-1.png","width":1278,"height":958},{"@type":"BreadcrumbList","@id":"https:\/\/freerideguide.ch\/schweiz\/produkt\/xpeaks-neue-wege-auf-alte-berge\/#breadcrumb","itemListElement":[{"@type":"ListItem","position":1,"name":"Home","item":"https:\/\/freerideguide.ch\/schweiz\/"},{"@type":"ListItem","position":2,"name":"Shop","item":"https:\/\/freerideguide.ch\/schweiz\/shop\/"},{"@type":"ListItem","position":3,"name":"XPeaks &#8211; Neue Wege auf alte Berge"}]},{"@type":"WebSite","@id":"https:\/\/freerideguide.ch\/schweiz\/#website","url":"https:\/\/freerideguide.ch\/schweiz\/","name":"Freerideguide.ch","description":"Books, Guidings and Tandem Flights","publisher":{"@id":"https:\/\/freerideguide.ch\/schweiz\/#organization"},"potentialAction":[{"@type":"SearchAction","target":{"@type":"EntryPoint","urlTemplate":"https:\/\/freerideguide.ch\/schweiz\/?s={search_term_string}"},"query-input":{"@type":"PropertyValueSpecification","valueRequired":true,"valueName":"search_term_string"}}],"inLanguage":"de"},{"@type":"Organization","@id":"https:\/\/freerideguide.ch\/schweiz\/#organization","name":"Freerideguide.ch","url":"https:\/\/freerideguide.ch\/schweiz\/","logo":{"@type":"ImageObject","inLanguage":"de","@id":"https:\/\/freerideguide.ch\/schweiz\/#\/schema\/logo\/image\/","url":"http:\/\/freerideguide.ch\/schweiz\/wp-content\/uploads\/2014\/09\/freerideguideR.png","contentUrl":"http:\/\/freerideguide.ch\/schweiz\/wp-content\/uploads\/2014\/09\/freerideguideR.png","width":2362,"height":587,"caption":"Freerideguide.ch"},"image":{"@id":"https:\/\/freerideguide.ch\/schweiz\/#\/schema\/logo\/image\/"},"sameAs":["https:\/\/www.facebook.com\/FreerideGuideJungfrauRegion\/","https:\/\/www.instagram.com\/freerideguide.ch\/","https:\/\/www.youtube.com\/channel\/UCzwnKqRhHpXAzUA5ZErLnAg"]}]}},"_links":{"self":[{"href":"https:\/\/freerideguide.ch\/schweiz\/wp-json\/wp\/v2\/product\/6577","targetHints":{"allow":["GET"]}}],"collection":[{"href":"https:\/\/freerideguide.ch\/schweiz\/wp-json\/wp\/v2\/product"}],"about":[{"href":"https:\/\/freerideguide.ch\/schweiz\/wp-json\/wp\/v2\/types\/product"}],"replies":[{"embeddable":true,"href":"https:\/\/freerideguide.ch\/schweiz\/wp-json\/wp\/v2\/comments?post=6577"}],"wp:featuredmedia":[{"embeddable":true,"href":"https:\/\/freerideguide.ch\/schweiz\/wp-json\/wp\/v2\/media\/6579"}],"wp:attachment":[{"href":"https:\/\/freerideguide.ch\/schweiz\/wp-json\/wp\/v2\/media?parent=6577"}],"wp:term":[{"taxonomy":"product_brand","embeddable":true,"href":"https:\/\/freerideguide.ch\/schweiz\/wp-json\/wp\/v2\/product_brand?post=6577"},{"taxonomy":"product_cat","embeddable":true,"href":"https:\/\/freerideguide.ch\/schweiz\/wp-json\/wp\/v2\/product_cat?post=6577"},{"taxonomy":"product_tag","embeddable":true,"href":"https:\/\/freerideguide.ch\/schweiz\/wp-json\/wp\/v2\/product_tag?post=6577"}],"curies":[{"name":"wp","href":"https:\/\/api.w.org\/{rel}","templated":true}]}}