{"id":1614,"date":"2019-11-22T00:17:07","date_gmt":"2019-11-21T22:17:07","guid":{"rendered":"http:\/\/freerideguide.ch\/schweiz\/?post_type=product&#038;p=1614"},"modified":"2026-01-13T17:44:43","modified_gmt":"2026-01-13T15:44:43","slug":"hike-fly-guide-berner-oberland","status":"publish","type":"product","link":"https:\/\/freerideguide.ch\/schweiz\/produkt\/hike-fly-guide-berner-oberland\/","title":{"rendered":"Hike &#038; Fly Guide Berner Oberland"},"content":{"rendered":"","protected":false},"excerpt":{"rendered":"<p>Der Guide beinhaltet 60 Vorschl\u00e4ge f\u00fcr Hike &amp; Fly, Climb &amp; Fly, Ski &amp; Fly und Fly to Ski-Touren im ganzen Berner Oberland vom Oldenhorn (Les Diablerets) bis zum Sustenhorn, systematisch beschrieben und beurteilt nach Kriterien wie Zeitbedarf und H\u00f6henunterschied des Aufstiegs, Schwierigkeitsgrad des Start- und Landeplatzes, Hangexposition, Positives, Negatives, Gefahrenhinweise, Hinweise auf Wildschutzgebiete sowie Wissenswertes. Die Touren k\u00f6nnen dabei auf topographischen Karten im Massstab 1:100 000 und alle Start- und Landepl\u00e4tze auf Karten im Massstab von 1:25\u2018000 nachgeschlagen werden. Weiter verf\u00fcgt das Buch \u00fcber informative Kapitel wie Tourenvorbereitung, Hike &amp; Fly Praxistipps von Chrigel Maurer, Meteo (insbesondere \u00fcber die lokalen Wetterph\u00e4nomene in den verschiedenen T\u00e4lern des Berner Oberlandes) und Wildtierschutz. Als Auflockerung gibt es im Buch diverse Erlebnisberichte, unter anderem auch einen \u00fcber Roger\u2019s Schweiz Traversierung per Hike &amp; Fly.<\/p>\n<p>Der Hike &amp; Fly Guide Berner Oberland hat 416 Seiten, 271 Abbildungen und 189 Swisstopo-Kartenausschnitte. Er dokumentiert 96 Start- und 38 Landepl\u00e4tze.<\/p>\n<p>Autor: Roger Fischer<\/p>\n<p>ISBN: 978-3-9524054-2-0<\/p>\n<p><a href=\"https:\/\/freerideguide.ch\/schweiz\/beispielvarianten\/\" target=\"_blank\" rel=\"noopener\">Blick ins Buch<\/a><\/p>\n<p><a href=\"https:\/\/freerideguide.ch\/schweiz\/rezensionen\/\" target=\"_blank\" rel=\"noopener\">Rezensionen<\/a><\/p>\n<p><a href=\"https:\/\/www.youtube.com\/watch?v=mreS5BCBJjA\" target=\"_blank\" rel=\"noopener\">Buchvorstellung durch Burnair<\/a><\/p>\n","protected":false},"featured_media":1645,"comment_status":"closed","ping_status":"closed","template":"","meta":[],"product_brand":[],"product_cat":[133,114],"product_tag":[108,107,109],"class_list":{"0":"post-1614","1":"product","2":"type-product","3":"status-publish","4":"has-post-thumbnail","6":"product_cat-gleitschirm","7":"product_cat-hike-fly","8":"product_tag-berner-oberland","9":"product_tag-hike-fly-guide","10":"product_tag-roger-ficher","11":"product_shipping_class-briefe-ueber-250g","13":"first","14":"instock","15":"featured","16":"shipping-taxable","17":"purchasable","18":"product-type-simple"},"yoast_head":"<!-- This site is optimized with the Yoast SEO plugin v26.6 - https:\/\/yoast.com\/wordpress\/plugins\/seo\/ -->\r\n<title>Freerideguide.ch und hikeandflyguide.ch<\/title>\r\n<meta name=\"description\" content=\"Freeride Guides, Hike and Fly Guides und Outdoor Guides in der Schweiz sowie Tandem Paragliding Flights in der Jungfrau Region und in der Zentralschweiz\" \/>\r\n<meta name=\"robots\" content=\"index, follow, max-snippet:-1, max-image-preview:large, max-video-preview:-1\" \/>\r\n<link rel=\"canonical\" href=\"https:\/\/freerideguide.ch\/schweiz\/produkt\/hike-fly-guide-berner-oberland\/\" \/>\r\n<meta property=\"og:locale\" content=\"de_DE\" \/>\r\n<meta property=\"og:type\" content=\"article\" \/>\r\n<meta property=\"og:title\" content=\"Freerideguide.ch und hikeandflyguide.ch\" \/>\r\n<meta property=\"og:description\" content=\"Freeride Guides, Hike and Fly Guides und Outdoor Guides in der Schweiz sowie Tandem Paragliding Flights in der Jungfrau Region und in der Zentralschweiz\" \/>\r\n<meta property=\"og:url\" content=\"https:\/\/freerideguide.ch\/schweiz\/produkt\/hike-fly-guide-berner-oberland\/\" \/>\r\n<meta property=\"og:site_name\" content=\"Freerideguide.ch\" \/>\r\n<meta property=\"article:publisher\" content=\"https:\/\/www.facebook.com\/FreerideGuideJungfrauRegion\/\" \/>\r\n<meta property=\"article:modified_time\" content=\"2026-01-13T15:44:43+00:00\" \/>\r\n<meta property=\"og:image\" content=\"https:\/\/freerideguide.ch\/schweiz\/wp-content\/uploads\/2019\/11\/buch_freigestellt72dpi-e1761927529263.png\" \/>\r\n\t<meta property=\"og:image:width\" content=\"400\" \/>\r\n\t<meta property=\"og:image:height\" content=\"582\" \/>\r\n\t<meta property=\"og:image:type\" content=\"image\/png\" \/>\r\n<meta name=\"twitter:label1\" content=\"Gesch\u00e4tzte Lesezeit\" \/>\n\t<meta name=\"twitter:data1\" content=\"1\u00a0Minute\" \/>\r\n<script type=\"application\/ld+json\" class=\"yoast-schema-graph\">{\"@context\":\"https:\/\/schema.org\",\"@graph\":[{\"@type\":\"WebPage\",\"@id\":\"https:\/\/freerideguide.ch\/schweiz\/produkt\/hike-fly-guide-berner-oberland\/\",\"url\":\"https:\/\/freerideguide.ch\/schweiz\/produkt\/hike-fly-guide-berner-oberland\/\",\"name\":\"Freerideguide.ch und hikeandflyguide.ch\",\"isPartOf\":{\"@id\":\"https:\/\/freerideguide.ch\/schweiz\/#website\"},\"primaryImageOfPage\":{\"@id\":\"https:\/\/freerideguide.ch\/schweiz\/produkt\/hike-fly-guide-berner-oberland\/#primaryimage\"},\"image\":{\"@id\":\"https:\/\/freerideguide.ch\/schweiz\/produkt\/hike-fly-guide-berner-oberland\/#primaryimage\"},\"thumbnailUrl\":\"https:\/\/freerideguide.ch\/schweiz\/wp-content\/uploads\/2019\/11\/buch_freigestellt72dpi-e1761927529263.png\",\"datePublished\":\"2019-11-21T22:17:07+00:00\",\"dateModified\":\"2026-01-13T15:44:43+00:00\",\"description\":\"Freeride Guides, Hike and Fly Guides und Outdoor Guides in der Schweiz sowie Tandem Paragliding Flights in der Jungfrau Region und in der Zentralschweiz\",\"breadcrumb\":{\"@id\":\"https:\/\/freerideguide.ch\/schweiz\/produkt\/hike-fly-guide-berner-oberland\/#breadcrumb\"},\"inLanguage\":\"de\",\"potentialAction\":[{\"@type\":\"ReadAction\",\"target\":[\"https:\/\/freerideguide.ch\/schweiz\/produkt\/hike-fly-guide-berner-oberland\/\"]}]},{\"@type\":\"ImageObject\",\"inLanguage\":\"de\",\"@id\":\"https:\/\/freerideguide.ch\/schweiz\/produkt\/hike-fly-guide-berner-oberland\/#primaryimage\",\"url\":\"https:\/\/freerideguide.ch\/schweiz\/wp-content\/uploads\/2019\/11\/buch_freigestellt72dpi-e1761927529263.png\",\"contentUrl\":\"https:\/\/freerideguide.ch\/schweiz\/wp-content\/uploads\/2019\/11\/buch_freigestellt72dpi-e1761927529263.png\",\"width\":400,\"height\":582},{\"@type\":\"BreadcrumbList\",\"@id\":\"https:\/\/freerideguide.ch\/schweiz\/produkt\/hike-fly-guide-berner-oberland\/#breadcrumb\",\"itemListElement\":[{\"@type\":\"ListItem\",\"position\":1,\"name\":\"Home\",\"item\":\"https:\/\/freerideguide.ch\/schweiz\/\"},{\"@type\":\"ListItem\",\"position\":2,\"name\":\"Shop\",\"item\":\"https:\/\/freerideguide.ch\/schweiz\/shop\/\"},{\"@type\":\"ListItem\",\"position\":3,\"name\":\"Hike &#038; Fly Guide Berner Oberland\"}]},{\"@type\":\"WebSite\",\"@id\":\"https:\/\/freerideguide.ch\/schweiz\/#website\",\"url\":\"https:\/\/freerideguide.ch\/schweiz\/\",\"name\":\"Freerideguide.ch\",\"description\":\"Books, Guidings and Tandem Flights\",\"publisher\":{\"@id\":\"https:\/\/freerideguide.ch\/schweiz\/#organization\"},\"potentialAction\":[{\"@type\":\"SearchAction\",\"target\":{\"@type\":\"EntryPoint\",\"urlTemplate\":\"https:\/\/freerideguide.ch\/schweiz\/?s={search_term_string}\"},\"query-input\":{\"@type\":\"PropertyValueSpecification\",\"valueRequired\":true,\"valueName\":\"search_term_string\"}}],\"inLanguage\":\"de\"},{\"@type\":\"Organization\",\"@id\":\"https:\/\/freerideguide.ch\/schweiz\/#organization\",\"name\":\"Freerideguide.ch\",\"url\":\"https:\/\/freerideguide.ch\/schweiz\/\",\"logo\":{\"@type\":\"ImageObject\",\"inLanguage\":\"de\",\"@id\":\"https:\/\/freerideguide.ch\/schweiz\/#\/schema\/logo\/image\/\",\"url\":\"http:\/\/freerideguide.ch\/schweiz\/wp-content\/uploads\/2014\/09\/freerideguideR.png\",\"contentUrl\":\"http:\/\/freerideguide.ch\/schweiz\/wp-content\/uploads\/2014\/09\/freerideguideR.png\",\"width\":2362,\"height\":587,\"caption\":\"Freerideguide.ch\"},\"image\":{\"@id\":\"https:\/\/freerideguide.ch\/schweiz\/#\/schema\/logo\/image\/\"},\"sameAs\":[\"https:\/\/www.facebook.com\/FreerideGuideJungfrauRegion\/\",\"https:\/\/www.instagram.com\/freerideguide.ch\/\",\"https:\/\/www.youtube.com\/channel\/UCzwnKqRhHpXAzUA5ZErLnAg\"]}]}<\/script>\r\n<!-- \/ Yoast SEO plugin. -->","yoast_head_json":{"title":"Freerideguide.ch und hikeandflyguide.ch","description":"Freeride Guides, Hike and Fly Guides und Outdoor Guides in der Schweiz sowie Tandem Paragliding Flights in der Jungfrau Region und in der Zentralschweiz","robots":{"index":"index","follow":"follow","max-snippet":"max-snippet:-1","max-image-preview":"max-image-preview:large","max-video-preview":"max-video-preview:-1"},"canonical":"https:\/\/freerideguide.ch\/schweiz\/produkt\/hike-fly-guide-berner-oberland\/","og_locale":"de_DE","og_type":"article","og_title":"Freerideguide.ch und hikeandflyguide.ch","og_description":"Freeride Guides, Hike and Fly Guides und Outdoor Guides in der Schweiz sowie Tandem Paragliding Flights in der Jungfrau Region und in der Zentralschweiz","og_url":"https:\/\/freerideguide.ch\/schweiz\/produkt\/hike-fly-guide-berner-oberland\/","og_site_name":"Freerideguide.ch","article_publisher":"https:\/\/www.facebook.com\/FreerideGuideJungfrauRegion\/","article_modified_time":"2026-01-13T15:44:43+00:00","og_image":[{"width":400,"height":582,"url":"https:\/\/freerideguide.ch\/schweiz\/wp-content\/uploads\/2019\/11\/buch_freigestellt72dpi-e1761927529263.png","type":"image\/png"}],"twitter_misc":{"Gesch\u00e4tzte Lesezeit":"1\u00a0Minute"},"schema":{"@context":"https:\/\/schema.org","@graph":[{"@type":"WebPage","@id":"https:\/\/freerideguide.ch\/schweiz\/produkt\/hike-fly-guide-berner-oberland\/","url":"https:\/\/freerideguide.ch\/schweiz\/produkt\/hike-fly-guide-berner-oberland\/","name":"Freerideguide.ch und hikeandflyguide.ch","isPartOf":{"@id":"https:\/\/freerideguide.ch\/schweiz\/#website"},"primaryImageOfPage":{"@id":"https:\/\/freerideguide.ch\/schweiz\/produkt\/hike-fly-guide-berner-oberland\/#primaryimage"},"image":{"@id":"https:\/\/freerideguide.ch\/schweiz\/produkt\/hike-fly-guide-berner-oberland\/#primaryimage"},"thumbnailUrl":"https:\/\/freerideguide.ch\/schweiz\/wp-content\/uploads\/2019\/11\/buch_freigestellt72dpi-e1761927529263.png","datePublished":"2019-11-21T22:17:07+00:00","dateModified":"2026-01-13T15:44:43+00:00","description":"Freeride Guides, Hike and Fly Guides und Outdoor Guides in der Schweiz sowie Tandem Paragliding Flights in der Jungfrau Region und in der Zentralschweiz","breadcrumb":{"@id":"https:\/\/freerideguide.ch\/schweiz\/produkt\/hike-fly-guide-berner-oberland\/#breadcrumb"},"inLanguage":"de","potentialAction":[{"@type":"ReadAction","target":["https:\/\/freerideguide.ch\/schweiz\/produkt\/hike-fly-guide-berner-oberland\/"]}]},{"@type":"ImageObject","inLanguage":"de","@id":"https:\/\/freerideguide.ch\/schweiz\/produkt\/hike-fly-guide-berner-oberland\/#primaryimage","url":"https:\/\/freerideguide.ch\/schweiz\/wp-content\/uploads\/2019\/11\/buch_freigestellt72dpi-e1761927529263.png","contentUrl":"https:\/\/freerideguide.ch\/schweiz\/wp-content\/uploads\/2019\/11\/buch_freigestellt72dpi-e1761927529263.png","width":400,"height":582},{"@type":"BreadcrumbList","@id":"https:\/\/freerideguide.ch\/schweiz\/produkt\/hike-fly-guide-berner-oberland\/#breadcrumb","itemListElement":[{"@type":"ListItem","position":1,"name":"Home","item":"https:\/\/freerideguide.ch\/schweiz\/"},{"@type":"ListItem","position":2,"name":"Shop","item":"https:\/\/freerideguide.ch\/schweiz\/shop\/"},{"@type":"ListItem","position":3,"name":"Hike &#038; Fly Guide Berner Oberland"}]},{"@type":"WebSite","@id":"https:\/\/freerideguide.ch\/schweiz\/#website","url":"https:\/\/freerideguide.ch\/schweiz\/","name":"Freerideguide.ch","description":"Books, Guidings and Tandem Flights","publisher":{"@id":"https:\/\/freerideguide.ch\/schweiz\/#organization"},"potentialAction":[{"@type":"SearchAction","target":{"@type":"EntryPoint","urlTemplate":"https:\/\/freerideguide.ch\/schweiz\/?s={search_term_string}"},"query-input":{"@type":"PropertyValueSpecification","valueRequired":true,"valueName":"search_term_string"}}],"inLanguage":"de"},{"@type":"Organization","@id":"https:\/\/freerideguide.ch\/schweiz\/#organization","name":"Freerideguide.ch","url":"https:\/\/freerideguide.ch\/schweiz\/","logo":{"@type":"ImageObject","inLanguage":"de","@id":"https:\/\/freerideguide.ch\/schweiz\/#\/schema\/logo\/image\/","url":"http:\/\/freerideguide.ch\/schweiz\/wp-content\/uploads\/2014\/09\/freerideguideR.png","contentUrl":"http:\/\/freerideguide.ch\/schweiz\/wp-content\/uploads\/2014\/09\/freerideguideR.png","width":2362,"height":587,"caption":"Freerideguide.ch"},"image":{"@id":"https:\/\/freerideguide.ch\/schweiz\/#\/schema\/logo\/image\/"},"sameAs":["https:\/\/www.facebook.com\/FreerideGuideJungfrauRegion\/","https:\/\/www.instagram.com\/freerideguide.ch\/","https:\/\/www.youtube.com\/channel\/UCzwnKqRhHpXAzUA5ZErLnAg"]}]}},"_links":{"self":[{"href":"https:\/\/freerideguide.ch\/schweiz\/wp-json\/wp\/v2\/product\/1614","targetHints":{"allow":["GET"]}}],"collection":[{"href":"https:\/\/freerideguide.ch\/schweiz\/wp-json\/wp\/v2\/product"}],"about":[{"href":"https:\/\/freerideguide.ch\/schweiz\/wp-json\/wp\/v2\/types\/product"}],"replies":[{"embeddable":true,"href":"https:\/\/freerideguide.ch\/schweiz\/wp-json\/wp\/v2\/comments?post=1614"}],"wp:featuredmedia":[{"embeddable":true,"href":"https:\/\/freerideguide.ch\/schweiz\/wp-json\/wp\/v2\/media\/1645"}],"wp:attachment":[{"href":"https:\/\/freerideguide.ch\/schweiz\/wp-json\/wp\/v2\/media?parent=1614"}],"wp:term":[{"taxonomy":"product_brand","embeddable":true,"href":"https:\/\/freerideguide.ch\/schweiz\/wp-json\/wp\/v2\/product_brand?post=1614"},{"taxonomy":"product_cat","embeddable":true,"href":"https:\/\/freerideguide.ch\/schweiz\/wp-json\/wp\/v2\/product_cat?post=1614"},{"taxonomy":"product_tag","embeddable":true,"href":"https:\/\/freerideguide.ch\/schweiz\/wp-json\/wp\/v2\/product_tag?post=1614"}],"curies":[{"name":"wp","href":"https:\/\/api.w.org\/{rel}","templated":true}]}}