{"id":243,"date":"2014-09-17T20:10:10","date_gmt":"2014-09-17T18:10:10","guid":{"rendered":"http:\/\/freerideguide.ch\/schweiz\/?page_id=243"},"modified":"2025-12-25T17:47:53","modified_gmt":"2025-12-25T15:47:53","slug":"presseartikel-2","status":"publish","type":"page","link":"https:\/\/freerideguide.ch\/schweiz\/presseartikel-2\/","title":{"rendered":"Presse &#038; Medien"},"content":{"rendered":"[spb_single_image image=&#8220;456&#8243; image_size=&#8220;full&#8220; frame=&#8220;noframe&#8220; lightbox=&#8220;yes&#8220; link_target=&#8220;_self&#8220; fullwidth=&#8220;no&#8220; width=&#8220;1\/1&#8243; el_position=&#8220;first last&#8220;][\/spb_single_image] [spb_text_block title=&#8220;Hike &amp; Fly Guide Oberwallis&#8220; icon=&#8220;Presseartikel&#8220; pb_margin_bottom=&#8220;no&#8220; pb_border_bottom=&#8220;no&#8220; width=&#8220;1\/4&#8243; el_position=&#8220;first&#8220;]\n<p>&nbsp;<\/p>\n<p><strong>Presseartikel<\/strong><\/p>\n<p><a href=\"http:\/\/freerideguide.ch\/schweiz\/wp-content\/uploads\/2025\/12\/Walliser-Bote.pdf\" target=\"_blank\" rel=\"noopener noreferrer\">Neuerscheinung, Walliserbote, 24.11.2025<\/a><\/p>\n<p><a href=\"https:\/\/walliser-zeitung.ch\/hike-fly-oberwallis-ist-erschienen\/\" target=\"_blank\" rel=\"noopener noreferrer\">Walliser Zeitung \u00fcber Buchvernissage, 28.11.2025\u00a0<\/a><\/p>\n<p>&nbsp;<\/p>\n<p>&nbsp;<\/p>\n[\/spb_text_block] [spb_text_block title=&#8220;Hike &amp; Fly Guide Berner Oberland&#8220; pb_margin_bottom=&#8220;no&#8220; pb_border_bottom=&#8220;no&#8220; width=&#8220;1\/4&#8243;]\n<p>&nbsp;<\/p>\n<p><strong>Presseartikel<\/strong><\/p>\n<p><a href=\"https:\/\/lu-glidz.blogspot.com\/2020\/02\/buchtipp-hike-guide-berner-oberland.html\" target=\"_blank\" rel=\"noopener noreferrer\">Lu-glidz.bloggspot.com, 17.2.2020 (Gleitschirmblogg Lucian Haas), Buchtipp: Hike &amp; Fly Guide Berner Oberland<\/a><\/p>\n<p><a href=\"https:\/\/www.jungfrauzeitung.ch\/artikel\/178470\/\" target=\"_blank\" rel=\"noopener noreferrer\">Jungfrauzeitung, 11.12.2019, Fliegende Wanderer aufgepasst<\/a><\/p>\n<p><a href=\"http:\/\/freerideguide.ch\/schweiz\/wp-content\/uploads\/2019\/12\/BeO-Buch-Freeride-Guide-11.12.2019.pdf\" target=\"_blank\" rel=\"noopener noreferrer\">Berner Oberl\u00e4nder, 11.12.2019, Der fliegende Verm\u00f6gensberater ver\u00f6ffentlicht einen &#8222;Hike &amp; Fly&#8220;-F\u00fchrer<\/a><\/p>\n<p><a href=\"https:\/\/www.jungfrauzeitung.ch\/artikel\/166532\/\" target=\"_blank\" rel=\"noopener noreferrer\">So macht Pendelverkehr Spass, Jungfrauzeitung, 2.8.2018<\/a><\/p>\n<p><a href=\"http:\/\/freerideguide.ch\/schweiz\/wp-content\/uploads\/2017\/07\/Grindelwald-Magazin-Sommer.pdf\" target=\"_blank\" rel=\"noopener noreferrer\">Grindelwald Magazin 2017\/2018, Der Flying Banker von Grindelwald<\/a><\/p>\n<p>&nbsp;<\/p>\n<p>&nbsp;<\/p>\n<p>&nbsp;<\/p>\n[\/spb_text_block] [spb_text_block title=&#8220;Freeride Guide Jungfrau Region&#8220; pb_margin_bottom=&#8220;no&#8220; pb_border_bottom=&#8220;no&#8220; width=&#8220;1\/4&#8243;]\n<p>&nbsp;<\/p>\n<p><strong>Presseartikel<\/strong><\/p>\n<p><a title=\"Grindelwald Magazin \u00fcber Freeride Guide Jungfrau Region\" href=\"http:\/\/freerideguide.ch\/schweiz\/wp-content\/uploads\/2014\/11\/Grindelwald-Magazin-Winter.pdf\" target=\"_blank\" rel=\"noopener noreferrer\">Grindelwald Magazin 2014\/2015, Gl\u00fccksversprechen im Pulverschnee<\/a><\/p>\n<p><a href=\"http:\/\/freerideguide.ch\/schweiz\/wp-content\/uploads\/2014\/09\/Diplomarbeit-von-Corinne-Moser-1-5-2014.pdf\" target=\"_blank\" rel=\"noopener noreferrer\">Kaufm\u00e4nnische Lehrlingsdiplomarbeit von Corinne Moser, 24.3.2014<\/a><\/p>\n<p><a href=\"http:\/\/freerideguide.ch\/schweiz\/wp-content\/uploads\/2014\/09\/Beo-12.12.2013-Interview.pdf\" target=\"_blank\" rel=\"noopener noreferrer\">Pressebericht Interview Berner Zeitung und Berner Oberl\u00e4nder, 12.12.2013<\/a><\/p>\n<p><a href=\"http:\/\/freerideguide.ch\/schweiz\/wp-content\/uploads\/2014\/09\/Jungfrauzeitung-26-10-2012.pdf\" target=\"_blank\" rel=\"noopener noreferrer\">Pressebericht Buchvernissage Jungfrauzeitung, 23.10.2012<\/a><\/p>\n<p>&nbsp;<\/p>\n<p>&nbsp;<\/p>\n<p>&nbsp;<\/p>\n<p>&nbsp;<\/p>\n<p>&nbsp;<\/p>\n<p>&nbsp;<\/p>\n[\/spb_text_block] [spb_text_block title=&#8220;Freeride Guide Davos Klosters&#8220; pb_margin_bottom=&#8220;no&#8220; pb_border_bottom=&#8220;no&#8220; width=&#8220;1\/4&#8243; el_position=&#8220;last&#8220;]\n<p>&nbsp;<\/p>\n<p><strong>Presseartikel<\/strong><\/p>\n<p><a title=\"Interview Freeride Guide Snow Times Magazine\" href=\"http:\/\/issuu.com\/snowtimes\/docs\/zusammenstellung_davos_2015_004\/56?e=1968723\/10650782\" target=\"_blank\" rel=\"noopener noreferrer\">Snow Times Magazine 01\/2015<\/a><\/p>\n<p>&nbsp;<\/p>\n<p>&nbsp;<\/p>\n<p>&nbsp;<\/p>\n<p>&nbsp;<\/p>\n[\/spb_text_block] [spb_text_block title=&#8220;Hike &amp; Fly Guide Oberwallis&#8220; pb_margin_bottom=&#8220;no&#8220; pb_border_bottom=&#8220;no&#8220; width=&#8220;1\/4&#8243; el_position=&#8220;first&#8220;]\n<p><strong>Presse-Informationen<\/strong><\/p>\n<p><a href=\"http:\/\/freerideguide.ch\/schweiz\/wp-content\/uploads\/2025\/11\/Medienmitteilung-HFOW.pdf\" target=\"_blank\" rel=\"noopener noreferrer\">Medienmitteilung Hike &amp; Fly Guide Oberwallis<\/a><\/p>\n<p><a href=\"http:\/\/freerideguide.ch\/schweiz\/wp-content\/uploads\/2025\/10\/Cover-72dpi.jpg\" target=\"_blank\" rel=\"noopener noreferrer\">Buchcover Hike &amp; Fly Guide Oberwallis<\/a><\/p>\n<p>&nbsp;<\/p>\n<p>&nbsp;<\/p>\n<p>&nbsp;<\/p>\n[\/spb_text_block] [spb_text_block title=&#8220;Hike &amp; Fly Guide Berner Oberland&#8220; pb_margin_bottom=&#8220;no&#8220; pb_border_bottom=&#8220;no&#8220; width=&#8220;1\/4&#8243;]\n<p><strong>Presse-Informationen<\/strong><\/p>\n<p><a href=\"http:\/\/freerideguide.ch\/schweiz\/wp-content\/uploads\/2019\/12\/Medienmitteilung-HFG-BEO.pdf\" target=\"_blank\" rel=\"noopener noreferrer\">Medienmitteilung Hike &amp; Fly Guide Berner Oberland<\/a><\/p>\n<p><a title=\"Titelcover Freeride Guide Davos Klosters\" href=\"http:\/\/freerideguide.ch\/schweiz\/wp-content\/uploads\/2019\/12\/cover-hike-and-Fly-guide-72dpi.jpg\" target=\"_blank\" rel=\"noopener noreferrer\">Buchcover Hike &amp; Fly Guide Berner Oberland<\/a><\/p>\n<p>&nbsp;<\/p>\n<p>&nbsp;<\/p>\n<p>&nbsp;<\/p>\n[\/spb_text_block] [spb_text_block title=&#8220;Freeride Guide Jungfrau Region&#8220; pb_margin_bottom=&#8220;no&#8220; pb_border_bottom=&#8220;no&#8220; width=&#8220;1\/4&#8243;]\n<p><strong>Presse-Informationen<\/strong><\/p>\n<p><a title=\"Medienmitteilung Freeride Guide Jungfrau Region\" href=\"http:\/\/freerideguide.ch\/schweiz\/wp-content\/uploads\/2014\/09\/Medienmitteilung.pdf\" target=\"_blank\" rel=\"noopener noreferrer\">Medienmitteilung Freeride Guide Jungfrau Region<\/a><\/p>\n<p><a title=\"Press Release Freeride Guide Jungfrau Region\" href=\"http:\/\/freerideguide.ch\/schweiz\/wp-content\/uploads\/2014\/09\/Press-release.pdf\" target=\"_blank\" rel=\"noopener noreferrer\">Press Release Freeride Guide Jungfrau Region<\/a><\/p>\n<p><a title=\"Buchcover Freeride Guide Jungfrau Region\" href=\"http:\/\/freerideguide.ch\/schweiz\/wp-content\/uploads\/2014\/09\/Coverbild-FGJR.jpg\" target=\"_blank\" rel=\"noopener noreferrer\">Buchcover Freeride Guide Jungfrau Region<\/a><\/p>\n<p>&nbsp;<\/p>\n<p>&nbsp;<\/p>\n<p>&nbsp;<\/p>\n[\/spb_text_block] [spb_text_block title=&#8220;Freeride Guide Davos Klosters&#8220; pb_margin_bottom=&#8220;no&#8220; pb_border_bottom=&#8220;no&#8220; width=&#8220;1\/4&#8243; el_position=&#8220;last&#8220;]\n<p><strong>Presse-Informationen<\/strong><\/p>\n<p><a title=\"Medienmitteilung Freeride Guide Davos Klosters\" href=\"http:\/\/freerideguide.ch\/schweiz\/wp-content\/uploads\/2014\/11\/Medienmitteilung-Davos-Klosters.pdf\" target=\"_blank\" rel=\"noopener noreferrer\">Medienmitteilung Freeride Guide Davos Klosters<\/a><\/p>\n<p><a title=\"Titelcover Freeride Guide Davos Klosters\" href=\"http:\/\/freerideguide.ch\/schweiz\/wp-content\/uploads\/2014\/09\/Coverbild-FGDK.jpg\" target=\"_blank\" rel=\"noopener noreferrer\">Buchcover\u00a0Freeride Guide Davos Klosters<\/a><\/p>\n<p>&nbsp;<\/p>\n<p>&nbsp;<\/p>\n<p>&nbsp;<\/p>\n[\/spb_text_block]\n","protected":false},"excerpt":{"rendered":"<p>[spb_single_image image=&#8220;456&#8243; image_size=&#8220;full&#8220; frame=&#8220;noframe&#8220; lightbox=&#8220;yes&#8220; link_target=&#8220;_self&#8220; fullwidth=&#8220;no&#8220; width=&#8220;1\/1&#8243; el_position=&#8220;first last&#8220;][\/spb_single_image] [spb_text_block title=&#8220;Hike &amp; Fly Guide Oberwallis&#8220; icon=&#8220;Presseartikel&#8220; pb_margin_bottom=&#8220;no&#8220; pb_border_bottom=&#8220;no&#8220; width=&#8220;1\/4&#8243; el_position=&#8220;first&#8220;] &nbsp; Presseartikel Neuerscheinung, Walliserbote, 24.11.2025 Walliser Zeitung \u00fcber Buchvernissage, 28.11.2025\u00a0 &nbsp; &nbsp; [\/spb_text_block] [spb_text_block title=&#8220;Hike &amp; Fly Guide Berner Oberland&#8220; pb_margin_bottom=&#8220;no&#8220; pb_border_bottom=&#8220;no&#8220; width=&#8220;1\/4&#8243;] &nbsp; Presseartikel Lu-glidz.bloggspot.com, 17.2.2020 (Gleitschirmblogg Lucian Haas), Buchtipp: Hike &amp; Fly Guide Berner Oberland Jungfrauzeitung, 11.12.2019, [&hellip;]<\/p>\n","protected":false},"author":1,"featured_media":0,"parent":0,"menu_order":0,"comment_status":"closed","ping_status":"closed","template":"","meta":{"footnotes":""},"class_list":["post-243","page","type-page","status-publish","hentry"],"yoast_head":"<!-- This site is optimized with the Yoast SEO plugin v26.6 - https:\/\/yoast.com\/wordpress\/plugins\/seo\/ -->\r\n<title>Freerideguide.ch und hikeandflyguide.ch<\/title>\r\n<meta name=\"description\" content=\"Presseartikel \u00fcber Freeride Guide Jungfrau Region und Davos Klosters sowie Roger Fischer, Christian Frei, Ruedi Berli\" \/>\r\n<meta name=\"robots\" content=\"index, follow, max-snippet:-1, max-image-preview:large, max-video-preview:-1\" \/>\r\n<link rel=\"canonical\" href=\"https:\/\/freerideguide.ch\/schweiz\/presseartikel-2\/\" \/>\r\n<meta property=\"og:locale\" content=\"de_DE\" \/>\r\n<meta property=\"og:type\" content=\"article\" \/>\r\n<meta property=\"og:title\" content=\"Freerideguide.ch und hikeandflyguide.ch\" \/>\r\n<meta property=\"og:description\" content=\"Presseartikel \u00fcber Freeride Guide Jungfrau Region und Davos Klosters sowie Roger Fischer, Christian Frei, Ruedi Berli\" \/>\r\n<meta property=\"og:url\" content=\"https:\/\/freerideguide.ch\/schweiz\/presseartikel-2\/\" \/>\r\n<meta property=\"og:site_name\" content=\"Freerideguide.ch\" \/>\r\n<meta property=\"article:publisher\" content=\"https:\/\/www.facebook.com\/FreerideGuideJungfrauRegion\/\" \/>\r\n<meta property=\"article:modified_time\" content=\"2025-12-25T15:47:53+00:00\" \/>\r\n<meta property=\"og:image\" content=\"https:\/\/freerideguide.ch\/schweiz\/wp-content\/uploads\/2016\/09\/schriftzug-72-dpi-e1473949883429.png\" \/>\r\n\t<meta property=\"og:image:width\" content=\"2001\" \/>\r\n\t<meta property=\"og:image:height\" content=\"477\" \/>\r\n\t<meta property=\"og:image:type\" content=\"image\/png\" \/>\r\n<meta name=\"twitter:label1\" content=\"Gesch\u00e4tzte Lesezeit\" \/>\n\t<meta name=\"twitter:data1\" content=\"2\u00a0Minuten\" \/>\r\n<script type=\"application\/ld+json\" class=\"yoast-schema-graph\">{\"@context\":\"https:\/\/schema.org\",\"@graph\":[{\"@type\":\"WebPage\",\"@id\":\"https:\/\/freerideguide.ch\/schweiz\/presseartikel-2\/\",\"url\":\"https:\/\/freerideguide.ch\/schweiz\/presseartikel-2\/\",\"name\":\"Freerideguide.ch und hikeandflyguide.ch\",\"isPartOf\":{\"@id\":\"https:\/\/freerideguide.ch\/schweiz\/#website\"},\"datePublished\":\"2014-09-17T18:10:10+00:00\",\"dateModified\":\"2025-12-25T15:47:53+00:00\",\"description\":\"Presseartikel \u00fcber Freeride Guide Jungfrau Region und Davos Klosters sowie Roger Fischer, Christian Frei, Ruedi Berli\",\"breadcrumb\":{\"@id\":\"https:\/\/freerideguide.ch\/schweiz\/presseartikel-2\/#breadcrumb\"},\"inLanguage\":\"de\",\"potentialAction\":[{\"@type\":\"ReadAction\",\"target\":[\"https:\/\/freerideguide.ch\/schweiz\/presseartikel-2\/\"]}]},{\"@type\":\"BreadcrumbList\",\"@id\":\"https:\/\/freerideguide.ch\/schweiz\/presseartikel-2\/#breadcrumb\",\"itemListElement\":[{\"@type\":\"ListItem\",\"position\":1,\"name\":\"Home\",\"item\":\"https:\/\/freerideguide.ch\/schweiz\/\"},{\"@type\":\"ListItem\",\"position\":2,\"name\":\"Presse &#038; Medien\"}]},{\"@type\":\"WebSite\",\"@id\":\"https:\/\/freerideguide.ch\/schweiz\/#website\",\"url\":\"https:\/\/freerideguide.ch\/schweiz\/\",\"name\":\"Freerideguide.ch\",\"description\":\"Books, Guidings and Tandem Flights\",\"publisher\":{\"@id\":\"https:\/\/freerideguide.ch\/schweiz\/#organization\"},\"potentialAction\":[{\"@type\":\"SearchAction\",\"target\":{\"@type\":\"EntryPoint\",\"urlTemplate\":\"https:\/\/freerideguide.ch\/schweiz\/?s={search_term_string}\"},\"query-input\":{\"@type\":\"PropertyValueSpecification\",\"valueRequired\":true,\"valueName\":\"search_term_string\"}}],\"inLanguage\":\"de\"},{\"@type\":\"Organization\",\"@id\":\"https:\/\/freerideguide.ch\/schweiz\/#organization\",\"name\":\"Freerideguide.ch\",\"url\":\"https:\/\/freerideguide.ch\/schweiz\/\",\"logo\":{\"@type\":\"ImageObject\",\"inLanguage\":\"de\",\"@id\":\"https:\/\/freerideguide.ch\/schweiz\/#\/schema\/logo\/image\/\",\"url\":\"http:\/\/freerideguide.ch\/schweiz\/wp-content\/uploads\/2014\/09\/freerideguideR.png\",\"contentUrl\":\"http:\/\/freerideguide.ch\/schweiz\/wp-content\/uploads\/2014\/09\/freerideguideR.png\",\"width\":2362,\"height\":587,\"caption\":\"Freerideguide.ch\"},\"image\":{\"@id\":\"https:\/\/freerideguide.ch\/schweiz\/#\/schema\/logo\/image\/\"},\"sameAs\":[\"https:\/\/www.facebook.com\/FreerideGuideJungfrauRegion\/\",\"https:\/\/www.instagram.com\/freerideguide.ch\/\",\"https:\/\/www.youtube.com\/channel\/UCzwnKqRhHpXAzUA5ZErLnAg\"]}]}<\/script>\r\n<!-- \/ Yoast SEO plugin. -->","yoast_head_json":{"title":"Freerideguide.ch und hikeandflyguide.ch","description":"Presseartikel \u00fcber Freeride Guide Jungfrau Region und Davos Klosters sowie Roger Fischer, Christian Frei, Ruedi Berli","robots":{"index":"index","follow":"follow","max-snippet":"max-snippet:-1","max-image-preview":"max-image-preview:large","max-video-preview":"max-video-preview:-1"},"canonical":"https:\/\/freerideguide.ch\/schweiz\/presseartikel-2\/","og_locale":"de_DE","og_type":"article","og_title":"Freerideguide.ch und hikeandflyguide.ch","og_description":"Presseartikel \u00fcber Freeride Guide Jungfrau Region und Davos Klosters sowie Roger Fischer, Christian Frei, Ruedi Berli","og_url":"https:\/\/freerideguide.ch\/schweiz\/presseartikel-2\/","og_site_name":"Freerideguide.ch","article_publisher":"https:\/\/www.facebook.com\/FreerideGuideJungfrauRegion\/","article_modified_time":"2025-12-25T15:47:53+00:00","og_image":[{"width":2001,"height":477,"url":"https:\/\/freerideguide.ch\/schweiz\/wp-content\/uploads\/2016\/09\/schriftzug-72-dpi-e1473949883429.png","type":"image\/png"}],"twitter_misc":{"Gesch\u00e4tzte Lesezeit":"2\u00a0Minuten"},"schema":{"@context":"https:\/\/schema.org","@graph":[{"@type":"WebPage","@id":"https:\/\/freerideguide.ch\/schweiz\/presseartikel-2\/","url":"https:\/\/freerideguide.ch\/schweiz\/presseartikel-2\/","name":"Freerideguide.ch und hikeandflyguide.ch","isPartOf":{"@id":"https:\/\/freerideguide.ch\/schweiz\/#website"},"datePublished":"2014-09-17T18:10:10+00:00","dateModified":"2025-12-25T15:47:53+00:00","description":"Presseartikel \u00fcber Freeride Guide Jungfrau Region und Davos Klosters sowie Roger Fischer, Christian Frei, Ruedi Berli","breadcrumb":{"@id":"https:\/\/freerideguide.ch\/schweiz\/presseartikel-2\/#breadcrumb"},"inLanguage":"de","potentialAction":[{"@type":"ReadAction","target":["https:\/\/freerideguide.ch\/schweiz\/presseartikel-2\/"]}]},{"@type":"BreadcrumbList","@id":"https:\/\/freerideguide.ch\/schweiz\/presseartikel-2\/#breadcrumb","itemListElement":[{"@type":"ListItem","position":1,"name":"Home","item":"https:\/\/freerideguide.ch\/schweiz\/"},{"@type":"ListItem","position":2,"name":"Presse &#038; Medien"}]},{"@type":"WebSite","@id":"https:\/\/freerideguide.ch\/schweiz\/#website","url":"https:\/\/freerideguide.ch\/schweiz\/","name":"Freerideguide.ch","description":"Books, Guidings and Tandem Flights","publisher":{"@id":"https:\/\/freerideguide.ch\/schweiz\/#organization"},"potentialAction":[{"@type":"SearchAction","target":{"@type":"EntryPoint","urlTemplate":"https:\/\/freerideguide.ch\/schweiz\/?s={search_term_string}"},"query-input":{"@type":"PropertyValueSpecification","valueRequired":true,"valueName":"search_term_string"}}],"inLanguage":"de"},{"@type":"Organization","@id":"https:\/\/freerideguide.ch\/schweiz\/#organization","name":"Freerideguide.ch","url":"https:\/\/freerideguide.ch\/schweiz\/","logo":{"@type":"ImageObject","inLanguage":"de","@id":"https:\/\/freerideguide.ch\/schweiz\/#\/schema\/logo\/image\/","url":"http:\/\/freerideguide.ch\/schweiz\/wp-content\/uploads\/2014\/09\/freerideguideR.png","contentUrl":"http:\/\/freerideguide.ch\/schweiz\/wp-content\/uploads\/2014\/09\/freerideguideR.png","width":2362,"height":587,"caption":"Freerideguide.ch"},"image":{"@id":"https:\/\/freerideguide.ch\/schweiz\/#\/schema\/logo\/image\/"},"sameAs":["https:\/\/www.facebook.com\/FreerideGuideJungfrauRegion\/","https:\/\/www.instagram.com\/freerideguide.ch\/","https:\/\/www.youtube.com\/channel\/UCzwnKqRhHpXAzUA5ZErLnAg"]}]}},"_links":{"self":[{"href":"https:\/\/freerideguide.ch\/schweiz\/wp-json\/wp\/v2\/pages\/243","targetHints":{"allow":["GET"]}}],"collection":[{"href":"https:\/\/freerideguide.ch\/schweiz\/wp-json\/wp\/v2\/pages"}],"about":[{"href":"https:\/\/freerideguide.ch\/schweiz\/wp-json\/wp\/v2\/types\/page"}],"author":[{"embeddable":true,"href":"https:\/\/freerideguide.ch\/schweiz\/wp-json\/wp\/v2\/users\/1"}],"replies":[{"embeddable":true,"href":"https:\/\/freerideguide.ch\/schweiz\/wp-json\/wp\/v2\/comments?post=243"}],"version-history":[{"count":48,"href":"https:\/\/freerideguide.ch\/schweiz\/wp-json\/wp\/v2\/pages\/243\/revisions"}],"predecessor-version":[{"id":6932,"href":"https:\/\/freerideguide.ch\/schweiz\/wp-json\/wp\/v2\/pages\/243\/revisions\/6932"}],"wp:attachment":[{"href":"https:\/\/freerideguide.ch\/schweiz\/wp-json\/wp\/v2\/media?parent=243"}],"curies":[{"name":"wp","href":"https:\/\/api.w.org\/{rel}","templated":true}]}}