{"id":19,"date":"2014-08-19T11:20:40","date_gmt":"2014-08-19T09:20:40","guid":{"rendered":"http:\/\/freerideguide.ch\/schweiz\/?page_id=19"},"modified":"2025-11-11T12:04:13","modified_gmt":"2025-11-11T10:04:13","slug":"kurzbeschrieb","status":"publish","type":"page","link":"https:\/\/freerideguide.ch\/schweiz\/kurzbeschrieb\/","title":{"rendered":"Kurzbeschrieb"},"content":{"rendered":"[spb_single_image image=&#8220;6729&#8243; image_size=&#8220;full&#8220; frame=&#8220;noframe&#8220; lightbox=&#8220;yes&#8220; link_target=&#8220;_self&#8220; fullwidth=&#8220;no&#8220; width=&#8220;1\/1&#8243; el_position=&#8220;first last&#8220;][\/spb_single_image] [spb_text_block title=&#8220;Hike &amp; Fly Guide Oberwallis&#8220; pb_margin_bottom=&#8220;no&#8220; pb_border_bottom=&#8220;no&#8220; width=&#8220;1\/4&#8243; el_position=&#8220;first&#8220;]\n<p><a href=\"https:\/\/freerideguide.ch\/schweiz\/produkt\/hike-fly-guide-oberwallis\/\" rel=\"noopener\"><img loading=\"lazy\" decoding=\"async\" class=\"alignleft wp-image-6691 size-medium\" src=\"http:\/\/freerideguide.ch\/schweiz\/wp-content\/uploads\/2025\/10\/Buch-freigestellt-198x300.png\" alt=\"\" width=\"198\" height=\"300\" srcset=\"https:\/\/freerideguide.ch\/schweiz\/wp-content\/uploads\/2025\/10\/Buch-freigestellt-198x300.png 198w, https:\/\/freerideguide.ch\/schweiz\/wp-content\/uploads\/2025\/10\/Buch-freigestellt-400x605.png 400w, https:\/\/freerideguide.ch\/schweiz\/wp-content\/uploads\/2025\/10\/Buch-freigestellt-600x907.png 600w, https:\/\/freerideguide.ch\/schweiz\/wp-content\/uploads\/2025\/10\/Buch-freigestellt-529x800.png 529w, https:\/\/freerideguide.ch\/schweiz\/wp-content\/uploads\/2025\/10\/Buch-freigestellt-768x1161.png 768w, https:\/\/freerideguide.ch\/schweiz\/wp-content\/uploads\/2025\/10\/Buch-freigestellt-1016x1536.png 1016w, https:\/\/freerideguide.ch\/schweiz\/wp-content\/uploads\/2025\/10\/Buch-freigestellt-1355x2048.png 1355w, https:\/\/freerideguide.ch\/schweiz\/wp-content\/uploads\/2025\/10\/Buch-freigestellt-1280x1935.png 1280w, https:\/\/freerideguide.ch\/schweiz\/wp-content\/uploads\/2025\/10\/Buch-freigestellt.png 1523w\" sizes=\"auto, (max-width: 198px) 100vw, 198px\" \/><\/a><\/p>\n<p>&nbsp;<\/p>\n<p>&nbsp;<\/p>\n<p>&nbsp;<\/p>\n<p>&nbsp;<\/p>\n<p>&nbsp;<\/p>\n<p>&nbsp;<\/p>\n<p>&nbsp;<\/p>\n<p>&nbsp;<\/p>\n<p>&nbsp;<\/p>\n<p>&nbsp;<\/p>\n<p>&nbsp;<\/p>\n<p>Der Guide beinhaltet 60 Vorschl\u00e4ge f\u00fcr Hike &amp; Fly, Climb &amp; Fly und Ski &amp; Fly-Touren im Oberwallis von Sierre bis zum Furkapass, systematisch beschrieben und beurteilt nach Kriterien wie Zeitbedarf und H\u00f6henunterschied des Aufstiegs, Schwierigkeitsgrad des Start- und Landeplatzes, Hangexposition, Positives, Negatives, Gefahrenhinweise, Hinweise auf Wildschutzgebiete sowie Wissenswertes. Die Touren k\u00f6nnen dabei auf topographischen Karten im Massstab 1:100 000 und alle Start- und Landepl\u00e4tze auf Karten im Massstab von 1:25\u2018000 nachgeschlagen werden. Weiter verf\u00fcgt das Buch \u00fcber informative Kapitel wie Tourenvorbereitung, Hike &amp; Fly Praxistipps von Chrigel Maurer, Meteo (insbesondere \u00fcber die lokalen Wetterph\u00e4nomene im Oberwallis) und Wildtierschutz. Als Auflockerung gibt es im Buch diverse Erlebnisberichte.<\/p>\n<p>Der Hike &amp; Fly Guide Oberwallis hat 416 Seiten, 295 Abbildungen und 212 Swisstopo-Kartenausschnitte. Er dokumentiert 84 Start- und 47 Landepl\u00e4tze.<\/p>\n<p>Autoren: Bernhard Senn, Thomas Kalbermatter, Roger Fischer<\/p>\n<p>ISBN: 978-3-9524054-3-7<\/p>\n<p><a href=\"https:\/\/freerideguide.ch\/schweiz\/shop\/\" target=\"_blank\" rel=\"noopener noreferrer\">Zum Shop<\/a><\/p>\n<p>&nbsp;<\/p>\n<p><a title=\"Shop Freeride Guide Davos Klosters\" href=\"http:\/\/freerideguide.ch\/schweiz\/produkt\/freeride-guide-davos-klosters\/\">\u00a0<\/a><\/p>\n<p>&nbsp;<\/p>\n[\/spb_text_block] [spb_text_block title=&#8220;Hike &amp; Fly Guide Berner Oberland&#8220; pb_margin_bottom=&#8220;no&#8220; pb_border_bottom=&#8220;no&#8220; width=&#8220;1\/4&#8243;]\n<p><a href=\"https:\/\/freerideguide.ch\/schweiz\/produkt\/hike-fly-guide-berner-oberland\/\"><img loading=\"lazy\" decoding=\"async\" class=\"aligncenter wp-image-1645 size-medium\" src=\"http:\/\/freerideguide.ch\/schweiz\/wp-content\/uploads\/2019\/11\/buch_freigestellt72dpi-206x300.png\" alt=\"\" width=\"206\" height=\"300\" \/><\/a><\/p>\n<p>&nbsp;<\/p>\n<p>Der Guide beinhaltet 60 Vorschl\u00e4ge f\u00fcr Hike &amp; Fly, Climb &amp; Fly, Ski &amp; Fly und Fly to Ski-Touren im ganzen Berner Oberland vom Oldenhorn (Les Diablerets) bis zum Sustenhorn, systematisch beschrieben und beurteilt nach Kriterien wie Zeitbedarf und H\u00f6henunterschied des Aufstiegs, Schwierigkeitsgrad des Start- und Landeplatzes, Hangexposition, Positives, Negatives, Gefahrenhinweise, Hinweise auf Wildschutzgebiete sowie Wissenswertes. Die Touren k\u00f6nnen dabei auf topographischen Karten im Massstab 1:100 000 und alle Start- und Landepl\u00e4tze auf Karten im Massstab von 1:25\u2018000 nachgeschlagen werden. Weiter verf\u00fcgt das Buch \u00fcber informative Kapitel wie Tourenvorbereitung, Hike &amp; Fly Praxistipps von Chrigel Maurer, Meteo (insbesondere \u00fcber die lokalen Wetterph\u00e4nomene in den verschiedenen T\u00e4lern des Berner Oberlandes) und Wildtierschutz. Als Auflockerung gibt es im Buch diverse Erlebnisberichte, unter anderem auch einen \u00fcber Roger\u2019s Schweiz Traversierung per Hike &amp; Fly.<\/p>\n<p>Der Hike &amp; Fly Guide Berner Oberland hat 416 Seiten, 271 Abbildungen und 189 Swisstopo-Kartenausschnitte. Er dokumentiert 96 Start- und 38 Landepl\u00e4tze.<\/p>\n<p>Autor: Fischer Roger<\/p>\n<p>ISBN: 978-3-9524054-2-0<\/p>\n<p><a href=\"https:\/\/freerideguide.ch\/schweiz\/shop\/\" target=\"_blank\" rel=\"noopener noreferrer\">Zum Shop<\/a><\/p>\n<p>&nbsp;<\/p>\n<p><a title=\"Shop Freeride Guide Davos Klosters\" href=\"http:\/\/freerideguide.ch\/schweiz\/produkt\/freeride-guide-davos-klosters\/\">\u00a0<\/a><\/p>\n<p>&nbsp;<\/p>\n[\/spb_text_block] [spb_text_block title=&#8220;Freeride Guide Jungfrau Region&#8220; pb_margin_bottom=&#8220;no&#8220; pb_border_bottom=&#8220;no&#8220; width=&#8220;1\/4&#8243;]\n<div class=\"summary entry-summary\">\n<div class=\"summary-top clearfix\">\n<p><a title=\"Shop Freeride Guide Jungfrau Region\" href=\"http:\/\/freerideguide.ch\/schweiz\/produkt\/freeride-guide-jungfrau-region\/\"><br \/>\n<\/a><a href=\"http:\/\/freerideguide.ch\/schweiz\/produkt\/freeride-guide-jungfrau-region\/\"><img loading=\"lazy\" decoding=\"async\" class=\"alignleft wp-image-138 size-full\" src=\"http:\/\/freerideguide.ch\/schweiz\/wp-content\/uploads\/2014\/08\/Jungrau_region_Buch1.1_def_2.png\" alt=\"Jungrau_region_Buch1.1_def_2\" width=\"500\" height=\"600\" srcset=\"https:\/\/freerideguide.ch\/schweiz\/wp-content\/uploads\/2014\/08\/Jungrau_region_Buch1.1_def_2.png 500w, https:\/\/freerideguide.ch\/schweiz\/wp-content\/uploads\/2014\/08\/Jungrau_region_Buch1.1_def_2-400x480.png 400w, https:\/\/freerideguide.ch\/schweiz\/wp-content\/uploads\/2014\/08\/Jungrau_region_Buch1.1_def_2-250x300.png 250w\" sizes=\"auto, (max-width: 500px) 100vw, 500px\" \/><\/a><span class=\"woocommerce-Price-amount amount\">Total 43 Variantenvorschl\u00e4ge aus den Skigebieten Grindelwald-First, Kleine Scheidegg-M\u00e4nnlichen und M\u00fcrren-Schilthorn \u2013 systematisch beschrieben und beurteilt nach Kriterien wie Schwierigkeitsgrad, Zeitbedarf, Hangexposition, Steilheit, H\u00f6henunterschied, Zeitbedarf f\u00fcr allf\u00e4llige Aufstiege, Positives, Negatives, Gefahrenhinweise, Hinweise auf Wildschutzgebiete und Wissenswertes. Der empfohlene Routenverlauf kann dabei auf topographischen \u00dcbersichtskarten im Massstab 1:50 000 sowie teilweise auch auf Fotos nachgeschlagen werden. Weiter beinhaltet das Buch eine Checkliste zur Tourenvorbereitung und ein Kapitel \u00fcber Wildschutz. Der Freeride Guide Jungfrau Region hat 144 Seiten und 106 Abbildungen.<\/span><\/p>\n<p class=\"price\"><span class=\"woocommerce-Price-amount amount\">Autor: Fischer Roger<\/span><\/p>\n<p class=\"price\"><span class=\"woocommerce-Price-amount amount\">ISBN: 978-3-9524054-0-6<\/span><\/p>\n<p><a href=\"https:\/\/freerideguide.ch\/schweiz\/shop\/\" target=\"_blank\" rel=\"noopener noreferrer\">Zum Shop<\/a><\/p>\n<\/div>\n<\/div>\n<p>&nbsp;<\/p>\n<p>&nbsp;<\/p>\n<p>&nbsp;<\/p>\n<p>&nbsp;<\/p>\n<p>&nbsp;<\/p>\n[\/spb_text_block] [spb_text_block title=&#8220;Freeride Guide Davos Klosters&#8220; pb_margin_bottom=&#8220;no&#8220; pb_border_bottom=&#8220;no&#8220; width=&#8220;1\/4&#8243; el_position=&#8220;last&#8220;]\n<p><img loading=\"lazy\" decoding=\"async\" class=\"alignleft wp-image-136 size-full\" src=\"http:\/\/freerideguide.ch\/schweiz\/wp-content\/uploads\/2014\/08\/Klosters_Buch1.1_def_2.png\" alt=\"\" width=\"500\" height=\"600\" srcset=\"https:\/\/freerideguide.ch\/schweiz\/wp-content\/uploads\/2014\/08\/Klosters_Buch1.1_def_2.png 500w, https:\/\/freerideguide.ch\/schweiz\/wp-content\/uploads\/2014\/08\/Klosters_Buch1.1_def_2-400x480.png 400w, https:\/\/freerideguide.ch\/schweiz\/wp-content\/uploads\/2014\/08\/Klosters_Buch1.1_def_2-250x300.png 250w\" sizes=\"auto, (max-width: 500px) 100vw, 500px\" \/><\/p>\n<p>Aufgebaut auf dem bestehenden Konzept des Freeride Guides Jungfrau Region umfasst der Freeride Guide Davos Klosters\u00a0total 48 Variantenvorschl\u00e4ge aus den Skigebieten Persenn, Jakobshorn, Pischa,\u00a0Rinerhorn und Madrisa. Der Guide beschreibt die Variantenabfahrten systematisch und beurteilt sie nach den Kriterien wie Schwierigkeitsgrad, Zeitbedarf, Hangexposition, Steilheit, H\u00f6henunterschied, Zeitbedarf f\u00fcr allf\u00e4llige Aufstiege, Positives, Negatives, Gefahrenhinweise, Hinweise auf Wildschutzgebiete und Wissenswertes. Der empfohlene Routenverlauf kann dabei auf topographischen \u00dcbersichtskarten im Massstab 1:50 000 sowie teilweise auch auf Fotos nachgeschlagen werden. Weiter beinhaltet das Buch eine Checkliste zur Tourenvorbereitung sowie ein Kapitel \u00fcber Lawinen und Wildschutz. Der Freeride Guide Davos Klosters\u00a0hat 168 Seiten und 106 Abbildungen.<\/p>\n<p>Autoren: Frei Christian, Berli Ruedi und Fischer Roger<\/p>\n<p>ISBN: 978-3-9524054-1-3<\/p>\n<p><a href=\"https:\/\/freerideguide.ch\/schweiz\/shop\/\" target=\"_blank\" rel=\"noopener noreferrer\">Zum Shop<\/a><\/p>\n<p>&nbsp;<\/p>\n<p>&nbsp;<\/p>\n<p>&nbsp;<\/p>\n<p>&nbsp;<\/p>\n<p>&nbsp;<\/p>\n<p>Alle Guides sind in Deutsch und in Englisch verfasst (im selben Buch). <em>All Guides are written in German and Englisch (in the same book).<\/em><\/p>\n<p>&nbsp;<\/p>\n<p>&nbsp;<\/p>\n<p>&nbsp;<\/p>\n[\/spb_text_block]\n","protected":false},"excerpt":{"rendered":"<p>[spb_single_image image=&#8220;6729&#8243; image_size=&#8220;full&#8220; frame=&#8220;noframe&#8220; lightbox=&#8220;yes&#8220; link_target=&#8220;_self&#8220; fullwidth=&#8220;no&#8220; width=&#8220;1\/1&#8243; el_position=&#8220;first last&#8220;][\/spb_single_image] [spb_text_block title=&#8220;Hike &amp; Fly Guide Oberwallis&#8220; pb_margin_bottom=&#8220;no&#8220; pb_border_bottom=&#8220;no&#8220; width=&#8220;1\/4&#8243; el_position=&#8220;first&#8220;] &nbsp; &nbsp; &nbsp; &nbsp; &nbsp; &nbsp; &nbsp; &nbsp; &nbsp; &nbsp; &nbsp; Der Guide beinhaltet 60 Vorschl\u00e4ge f\u00fcr Hike &amp; Fly, Climb &amp; Fly und Ski &amp; Fly-Touren im Oberwallis von Sierre bis zum Furkapass, systematisch beschrieben und beurteilt nach Kriterien [&hellip;]<\/p>\n","protected":false},"author":1,"featured_media":0,"parent":0,"menu_order":0,"comment_status":"open","ping_status":"closed","template":"","meta":{"footnotes":""},"class_list":["post-19","page","type-page","status-publish","hentry"],"yoast_head":"<!-- This site is optimized with the Yoast SEO plugin v26.6 - https:\/\/yoast.com\/wordpress\/plugins\/seo\/ -->\r\n<title>Freerideguide.ch und hikeandflyguide.ch<\/title>\r\n<meta name=\"description\" content=\"Freeride Guide Jungfrau Region, Freeride Guide Davos Klosters, Grindelwald-First, Kleine Scheidegg-M\u00e4nnlichen, M\u00fcrren-Schilthorn, Parsenn, Jakobshorn\" \/>\r\n<meta name=\"robots\" content=\"index, follow, max-snippet:-1, max-image-preview:large, max-video-preview:-1\" \/>\r\n<link rel=\"canonical\" href=\"https:\/\/freerideguide.ch\/schweiz\/kurzbeschrieb\/\" \/>\r\n<meta property=\"og:locale\" content=\"de_DE\" \/>\r\n<meta property=\"og:type\" content=\"article\" \/>\r\n<meta property=\"og:title\" content=\"Freerideguide.ch und hikeandflyguide.ch\" \/>\r\n<meta property=\"og:description\" content=\"Freeride Guide Jungfrau Region, Freeride Guide Davos Klosters, Grindelwald-First, Kleine Scheidegg-M\u00e4nnlichen, M\u00fcrren-Schilthorn, Parsenn, Jakobshorn\" \/>\r\n<meta property=\"og:url\" content=\"https:\/\/freerideguide.ch\/schweiz\/kurzbeschrieb\/\" \/>\r\n<meta property=\"og:site_name\" content=\"Freerideguide.ch\" \/>\r\n<meta property=\"article:publisher\" content=\"https:\/\/www.facebook.com\/FreerideGuideJungfrauRegion\/\" \/>\r\n<meta property=\"article:modified_time\" content=\"2025-11-11T10:04:13+00:00\" \/>\r\n<meta property=\"og:image\" content=\"https:\/\/freerideguide.ch\/schweiz\/wp-content\/uploads\/2025\/10\/Buch-freigestellt-529x800.png\" \/>\r\n\t<meta property=\"og:image:width\" content=\"529\" \/>\r\n\t<meta property=\"og:image:height\" content=\"800\" \/>\r\n\t<meta property=\"og:image:type\" content=\"image\/png\" \/>\r\n<meta name=\"twitter:label1\" content=\"Gesch\u00e4tzte Lesezeit\" \/>\n\t<meta name=\"twitter:data1\" content=\"3\u00a0Minuten\" \/>\r\n<script type=\"application\/ld+json\" class=\"yoast-schema-graph\">{\"@context\":\"https:\/\/schema.org\",\"@graph\":[{\"@type\":\"WebPage\",\"@id\":\"https:\/\/freerideguide.ch\/schweiz\/kurzbeschrieb\/\",\"url\":\"https:\/\/freerideguide.ch\/schweiz\/kurzbeschrieb\/\",\"name\":\"Freerideguide.ch und hikeandflyguide.ch\",\"isPartOf\":{\"@id\":\"https:\/\/freerideguide.ch\/schweiz\/#website\"},\"primaryImageOfPage\":{\"@id\":\"https:\/\/freerideguide.ch\/schweiz\/kurzbeschrieb\/#primaryimage\"},\"image\":{\"@id\":\"https:\/\/freerideguide.ch\/schweiz\/kurzbeschrieb\/#primaryimage\"},\"thumbnailUrl\":\"http:\/\/freerideguide.ch\/schweiz\/wp-content\/uploads\/2025\/10\/Buch-freigestellt-198x300.png\",\"datePublished\":\"2014-08-19T09:20:40+00:00\",\"dateModified\":\"2025-11-11T10:04:13+00:00\",\"description\":\"Freeride Guide Jungfrau Region, Freeride Guide Davos Klosters, Grindelwald-First, Kleine Scheidegg-M\u00e4nnlichen, M\u00fcrren-Schilthorn, Parsenn, Jakobshorn\",\"breadcrumb\":{\"@id\":\"https:\/\/freerideguide.ch\/schweiz\/kurzbeschrieb\/#breadcrumb\"},\"inLanguage\":\"de\",\"potentialAction\":[{\"@type\":\"ReadAction\",\"target\":[\"https:\/\/freerideguide.ch\/schweiz\/kurzbeschrieb\/\"]}]},{\"@type\":\"ImageObject\",\"inLanguage\":\"de\",\"@id\":\"https:\/\/freerideguide.ch\/schweiz\/kurzbeschrieb\/#primaryimage\",\"url\":\"http:\/\/freerideguide.ch\/schweiz\/wp-content\/uploads\/2025\/10\/Buch-freigestellt-198x300.png\",\"contentUrl\":\"http:\/\/freerideguide.ch\/schweiz\/wp-content\/uploads\/2025\/10\/Buch-freigestellt-198x300.png\"},{\"@type\":\"BreadcrumbList\",\"@id\":\"https:\/\/freerideguide.ch\/schweiz\/kurzbeschrieb\/#breadcrumb\",\"itemListElement\":[{\"@type\":\"ListItem\",\"position\":1,\"name\":\"Home\",\"item\":\"https:\/\/freerideguide.ch\/schweiz\/\"},{\"@type\":\"ListItem\",\"position\":2,\"name\":\"Kurzbeschrieb\"}]},{\"@type\":\"WebSite\",\"@id\":\"https:\/\/freerideguide.ch\/schweiz\/#website\",\"url\":\"https:\/\/freerideguide.ch\/schweiz\/\",\"name\":\"Freerideguide.ch\",\"description\":\"Books, Guidings and Tandem Flights\",\"publisher\":{\"@id\":\"https:\/\/freerideguide.ch\/schweiz\/#organization\"},\"potentialAction\":[{\"@type\":\"SearchAction\",\"target\":{\"@type\":\"EntryPoint\",\"urlTemplate\":\"https:\/\/freerideguide.ch\/schweiz\/?s={search_term_string}\"},\"query-input\":{\"@type\":\"PropertyValueSpecification\",\"valueRequired\":true,\"valueName\":\"search_term_string\"}}],\"inLanguage\":\"de\"},{\"@type\":\"Organization\",\"@id\":\"https:\/\/freerideguide.ch\/schweiz\/#organization\",\"name\":\"Freerideguide.ch\",\"url\":\"https:\/\/freerideguide.ch\/schweiz\/\",\"logo\":{\"@type\":\"ImageObject\",\"inLanguage\":\"de\",\"@id\":\"https:\/\/freerideguide.ch\/schweiz\/#\/schema\/logo\/image\/\",\"url\":\"http:\/\/freerideguide.ch\/schweiz\/wp-content\/uploads\/2014\/09\/freerideguideR.png\",\"contentUrl\":\"http:\/\/freerideguide.ch\/schweiz\/wp-content\/uploads\/2014\/09\/freerideguideR.png\",\"width\":2362,\"height\":587,\"caption\":\"Freerideguide.ch\"},\"image\":{\"@id\":\"https:\/\/freerideguide.ch\/schweiz\/#\/schema\/logo\/image\/\"},\"sameAs\":[\"https:\/\/www.facebook.com\/FreerideGuideJungfrauRegion\/\",\"https:\/\/www.instagram.com\/freerideguide.ch\/\",\"https:\/\/www.youtube.com\/channel\/UCzwnKqRhHpXAzUA5ZErLnAg\"]}]}<\/script>\r\n<!-- \/ Yoast SEO plugin. -->","yoast_head_json":{"title":"Freerideguide.ch und hikeandflyguide.ch","description":"Freeride Guide Jungfrau Region, Freeride Guide Davos Klosters, Grindelwald-First, Kleine Scheidegg-M\u00e4nnlichen, M\u00fcrren-Schilthorn, Parsenn, Jakobshorn","robots":{"index":"index","follow":"follow","max-snippet":"max-snippet:-1","max-image-preview":"max-image-preview:large","max-video-preview":"max-video-preview:-1"},"canonical":"https:\/\/freerideguide.ch\/schweiz\/kurzbeschrieb\/","og_locale":"de_DE","og_type":"article","og_title":"Freerideguide.ch und hikeandflyguide.ch","og_description":"Freeride Guide Jungfrau Region, Freeride Guide Davos Klosters, Grindelwald-First, Kleine Scheidegg-M\u00e4nnlichen, M\u00fcrren-Schilthorn, Parsenn, Jakobshorn","og_url":"https:\/\/freerideguide.ch\/schweiz\/kurzbeschrieb\/","og_site_name":"Freerideguide.ch","article_publisher":"https:\/\/www.facebook.com\/FreerideGuideJungfrauRegion\/","article_modified_time":"2025-11-11T10:04:13+00:00","og_image":[{"width":529,"height":800,"url":"https:\/\/freerideguide.ch\/schweiz\/wp-content\/uploads\/2025\/10\/Buch-freigestellt-529x800.png","type":"image\/png"}],"twitter_misc":{"Gesch\u00e4tzte Lesezeit":"3\u00a0Minuten"},"schema":{"@context":"https:\/\/schema.org","@graph":[{"@type":"WebPage","@id":"https:\/\/freerideguide.ch\/schweiz\/kurzbeschrieb\/","url":"https:\/\/freerideguide.ch\/schweiz\/kurzbeschrieb\/","name":"Freerideguide.ch und hikeandflyguide.ch","isPartOf":{"@id":"https:\/\/freerideguide.ch\/schweiz\/#website"},"primaryImageOfPage":{"@id":"https:\/\/freerideguide.ch\/schweiz\/kurzbeschrieb\/#primaryimage"},"image":{"@id":"https:\/\/freerideguide.ch\/schweiz\/kurzbeschrieb\/#primaryimage"},"thumbnailUrl":"http:\/\/freerideguide.ch\/schweiz\/wp-content\/uploads\/2025\/10\/Buch-freigestellt-198x300.png","datePublished":"2014-08-19T09:20:40+00:00","dateModified":"2025-11-11T10:04:13+00:00","description":"Freeride Guide Jungfrau Region, Freeride Guide Davos Klosters, Grindelwald-First, Kleine Scheidegg-M\u00e4nnlichen, M\u00fcrren-Schilthorn, Parsenn, Jakobshorn","breadcrumb":{"@id":"https:\/\/freerideguide.ch\/schweiz\/kurzbeschrieb\/#breadcrumb"},"inLanguage":"de","potentialAction":[{"@type":"ReadAction","target":["https:\/\/freerideguide.ch\/schweiz\/kurzbeschrieb\/"]}]},{"@type":"ImageObject","inLanguage":"de","@id":"https:\/\/freerideguide.ch\/schweiz\/kurzbeschrieb\/#primaryimage","url":"http:\/\/freerideguide.ch\/schweiz\/wp-content\/uploads\/2025\/10\/Buch-freigestellt-198x300.png","contentUrl":"http:\/\/freerideguide.ch\/schweiz\/wp-content\/uploads\/2025\/10\/Buch-freigestellt-198x300.png"},{"@type":"BreadcrumbList","@id":"https:\/\/freerideguide.ch\/schweiz\/kurzbeschrieb\/#breadcrumb","itemListElement":[{"@type":"ListItem","position":1,"name":"Home","item":"https:\/\/freerideguide.ch\/schweiz\/"},{"@type":"ListItem","position":2,"name":"Kurzbeschrieb"}]},{"@type":"WebSite","@id":"https:\/\/freerideguide.ch\/schweiz\/#website","url":"https:\/\/freerideguide.ch\/schweiz\/","name":"Freerideguide.ch","description":"Books, Guidings and Tandem Flights","publisher":{"@id":"https:\/\/freerideguide.ch\/schweiz\/#organization"},"potentialAction":[{"@type":"SearchAction","target":{"@type":"EntryPoint","urlTemplate":"https:\/\/freerideguide.ch\/schweiz\/?s={search_term_string}"},"query-input":{"@type":"PropertyValueSpecification","valueRequired":true,"valueName":"search_term_string"}}],"inLanguage":"de"},{"@type":"Organization","@id":"https:\/\/freerideguide.ch\/schweiz\/#organization","name":"Freerideguide.ch","url":"https:\/\/freerideguide.ch\/schweiz\/","logo":{"@type":"ImageObject","inLanguage":"de","@id":"https:\/\/freerideguide.ch\/schweiz\/#\/schema\/logo\/image\/","url":"http:\/\/freerideguide.ch\/schweiz\/wp-content\/uploads\/2014\/09\/freerideguideR.png","contentUrl":"http:\/\/freerideguide.ch\/schweiz\/wp-content\/uploads\/2014\/09\/freerideguideR.png","width":2362,"height":587,"caption":"Freerideguide.ch"},"image":{"@id":"https:\/\/freerideguide.ch\/schweiz\/#\/schema\/logo\/image\/"},"sameAs":["https:\/\/www.facebook.com\/FreerideGuideJungfrauRegion\/","https:\/\/www.instagram.com\/freerideguide.ch\/","https:\/\/www.youtube.com\/channel\/UCzwnKqRhHpXAzUA5ZErLnAg"]}]}},"_links":{"self":[{"href":"https:\/\/freerideguide.ch\/schweiz\/wp-json\/wp\/v2\/pages\/19","targetHints":{"allow":["GET"]}}],"collection":[{"href":"https:\/\/freerideguide.ch\/schweiz\/wp-json\/wp\/v2\/pages"}],"about":[{"href":"https:\/\/freerideguide.ch\/schweiz\/wp-json\/wp\/v2\/types\/page"}],"author":[{"embeddable":true,"href":"https:\/\/freerideguide.ch\/schweiz\/wp-json\/wp\/v2\/users\/1"}],"replies":[{"embeddable":true,"href":"https:\/\/freerideguide.ch\/schweiz\/wp-json\/wp\/v2\/comments?post=19"}],"version-history":[{"count":58,"href":"https:\/\/freerideguide.ch\/schweiz\/wp-json\/wp\/v2\/pages\/19\/revisions"}],"predecessor-version":[{"id":6784,"href":"https:\/\/freerideguide.ch\/schweiz\/wp-json\/wp\/v2\/pages\/19\/revisions\/6784"}],"wp:attachment":[{"href":"https:\/\/freerideguide.ch\/schweiz\/wp-json\/wp\/v2\/media?parent=19"}],"curies":[{"name":"wp","href":"https:\/\/api.w.org\/{rel}","templated":true}]}}