{"id":12,"date":"2014-08-19T11:19:24","date_gmt":"2014-08-19T09:19:24","guid":{"rendered":"http:\/\/freerideguide.ch\/schweiz\/?page_id=12"},"modified":"2019-11-23T22:32:13","modified_gmt":"2019-11-23T20:32:13","slug":"freeride-guides-fuer-neue-regionen","status":"publish","type":"page","link":"https:\/\/freerideguide.ch\/schweiz\/freeride-guides-fuer-neue-regionen\/","title":{"rendered":"Freeride und Hike &#038; Fly Guides f\u00fcr neue Regionen"},"content":{"rendered":"[spb_single_image image=&#8220;384&#8243; image_size=&#8220;full&#8220; frame=&#8220;noframe&#8220; lightbox=&#8220;yes&#8220; link_target=&#8220;_self&#8220; fullwidth=&#8220;no&#8220; width=&#8220;1\/1&#8243; el_position=&#8220;first last&#8220;][\/spb_single_image] [spb_text_block pb_margin_bottom=&#8220;no&#8220; pb_border_bottom=&#8220;no&#8220; width=&#8220;1\/1&#8243; el_position=&#8220;first last&#8220;]\n<p>&nbsp;<\/p>\n<p>Kennst Du die Freeride Runs an Deinem Hausberg wie Deine eigene Hosentasche? Mit einem Freeride Guide \u00fcber Deine Region tr\u00e4gst Du nicht nur zur touristischen Weiterentwicklung Deiner Skiregion bei, sondern Du unterst\u00fctzt auch die Wildhut im Bestreben, die Schneesportler abseits der Piste auf wildtiervertr\u00e4gliche Varianten zu lenken. \u00c4hnliches gilt auch f\u00fcr einen Hike &amp; Fly Guide.<\/p>\n<p>Hast Du Lust in Zusammenarbeit mit Freerideguide.ch einen neuen Freeride Guide oder einen Hike &amp; Fly Guide \u00fcber Deine Region zu schreiben? Wir bieten Dir ein bew\u00e4hrtes Konzept, ein vorbereitetes Layout und ein \u00fcber die Jahre aufgebautes Vertriebsnetz an. Zudem unterst\u00fctzen wir Dich mit unserer Erfahrung und helfen Dir, Dein Freeride oder Hike &amp; Fly-Projekt zu verwirklichen.<\/p>\n<p>Interessiert? Dann melde Dich doch einfach um \u00fcber eine m\u00f6gliche Partnerschaft zu diskutieren. Kontakt: Roger Fischer, info@freerideguide.ch, +41 79 446 70 01 <a href=\"http:\/\/freerideguide.ch\/schweiz\/wp-content\/uploads\/2014\/08\/an-der-Arbeit.jpg\">\u00a0<\/a><\/p>\n<p>&nbsp;<\/p>\n[\/spb_text_block]\n","protected":false},"excerpt":{"rendered":"<p>[spb_single_image image=&#8220;384&#8243; image_size=&#8220;full&#8220; frame=&#8220;noframe&#8220; lightbox=&#8220;yes&#8220; link_target=&#8220;_self&#8220; fullwidth=&#8220;no&#8220; width=&#8220;1\/1&#8243; el_position=&#8220;first last&#8220;][\/spb_single_image] [spb_text_block pb_margin_bottom=&#8220;no&#8220; pb_border_bottom=&#8220;no&#8220; width=&#8220;1\/1&#8243; el_position=&#8220;first last&#8220;] &nbsp; Kennst Du die Freeride Runs an Deinem Hausberg wie Deine eigene Hosentasche? Mit einem Freeride Guide \u00fcber Deine Region tr\u00e4gst Du nicht nur zur touristischen Weiterentwicklung Deiner Skiregion bei, sondern Du unterst\u00fctzt auch die Wildhut im Bestreben, die Schneesportler abseits der Piste auf [&hellip;]<\/p>\n","protected":false},"author":1,"featured_media":0,"parent":0,"menu_order":0,"comment_status":"open","ping_status":"open","template":"","meta":{"footnotes":""},"class_list":["post-12","page","type-page","status-publish","hentry"],"yoast_head":"<!-- This site is optimized with the Yoast SEO plugin v26.6 - https:\/\/yoast.com\/wordpress\/plugins\/seo\/ -->\r\n<title>Freerideguide.ch und hikeandflyguide.ch<\/title>\r\n<meta name=\"description\" content=\"Freeride Guide f\u00fcr neue Regionen. Dein eigenes Buch schreiben. mit unserer Unterst\u00fctzung\" \/>\r\n<meta name=\"robots\" content=\"index, follow, max-snippet:-1, max-image-preview:large, max-video-preview:-1\" \/>\r\n<link rel=\"canonical\" href=\"https:\/\/freerideguide.ch\/schweiz\/freeride-guides-fuer-neue-regionen\/\" \/>\r\n<meta property=\"og:locale\" content=\"de_DE\" \/>\r\n<meta property=\"og:type\" content=\"article\" \/>\r\n<meta property=\"og:title\" content=\"Freerideguide.ch und hikeandflyguide.ch\" \/>\r\n<meta property=\"og:description\" content=\"Freeride Guide f\u00fcr neue Regionen. Dein eigenes Buch schreiben. mit unserer Unterst\u00fctzung\" \/>\r\n<meta property=\"og:url\" content=\"https:\/\/freerideguide.ch\/schweiz\/freeride-guides-fuer-neue-regionen\/\" \/>\r\n<meta property=\"og:site_name\" content=\"Freerideguide.ch\" \/>\r\n<meta property=\"article:publisher\" content=\"https:\/\/www.facebook.com\/FreerideGuideJungfrauRegion\/\" \/>\r\n<meta property=\"article:modified_time\" content=\"2019-11-23T20:32:13+00:00\" \/>\r\n<meta property=\"og:image\" content=\"https:\/\/freerideguide.ch\/schweiz\/wp-content\/uploads\/2016\/09\/schriftzug-72-dpi-e1473949883429.png\" \/>\r\n\t<meta property=\"og:image:width\" content=\"2001\" \/>\r\n\t<meta property=\"og:image:height\" content=\"477\" \/>\r\n\t<meta property=\"og:image:type\" content=\"image\/png\" \/>\r\n<meta name=\"twitter:label1\" content=\"Gesch\u00e4tzte Lesezeit\" \/>\n\t<meta name=\"twitter:data1\" content=\"1\u00a0Minute\" \/>\r\n<script type=\"application\/ld+json\" class=\"yoast-schema-graph\">{\"@context\":\"https:\/\/schema.org\",\"@graph\":[{\"@type\":\"WebPage\",\"@id\":\"https:\/\/freerideguide.ch\/schweiz\/freeride-guides-fuer-neue-regionen\/\",\"url\":\"https:\/\/freerideguide.ch\/schweiz\/freeride-guides-fuer-neue-regionen\/\",\"name\":\"Freerideguide.ch und hikeandflyguide.ch\",\"isPartOf\":{\"@id\":\"https:\/\/freerideguide.ch\/schweiz\/#website\"},\"datePublished\":\"2014-08-19T09:19:24+00:00\",\"dateModified\":\"2019-11-23T20:32:13+00:00\",\"description\":\"Freeride Guide f\u00fcr neue Regionen. Dein eigenes Buch schreiben. mit unserer Unterst\u00fctzung\",\"breadcrumb\":{\"@id\":\"https:\/\/freerideguide.ch\/schweiz\/freeride-guides-fuer-neue-regionen\/#breadcrumb\"},\"inLanguage\":\"de\",\"potentialAction\":[{\"@type\":\"ReadAction\",\"target\":[\"https:\/\/freerideguide.ch\/schweiz\/freeride-guides-fuer-neue-regionen\/\"]}]},{\"@type\":\"BreadcrumbList\",\"@id\":\"https:\/\/freerideguide.ch\/schweiz\/freeride-guides-fuer-neue-regionen\/#breadcrumb\",\"itemListElement\":[{\"@type\":\"ListItem\",\"position\":1,\"name\":\"Home\",\"item\":\"https:\/\/freerideguide.ch\/schweiz\/\"},{\"@type\":\"ListItem\",\"position\":2,\"name\":\"Freeride und Hike &#038; Fly Guides f\u00fcr neue Regionen\"}]},{\"@type\":\"WebSite\",\"@id\":\"https:\/\/freerideguide.ch\/schweiz\/#website\",\"url\":\"https:\/\/freerideguide.ch\/schweiz\/\",\"name\":\"Freerideguide.ch\",\"description\":\"Books, Guidings and Tandem Flights\",\"publisher\":{\"@id\":\"https:\/\/freerideguide.ch\/schweiz\/#organization\"},\"potentialAction\":[{\"@type\":\"SearchAction\",\"target\":{\"@type\":\"EntryPoint\",\"urlTemplate\":\"https:\/\/freerideguide.ch\/schweiz\/?s={search_term_string}\"},\"query-input\":{\"@type\":\"PropertyValueSpecification\",\"valueRequired\":true,\"valueName\":\"search_term_string\"}}],\"inLanguage\":\"de\"},{\"@type\":\"Organization\",\"@id\":\"https:\/\/freerideguide.ch\/schweiz\/#organization\",\"name\":\"Freerideguide.ch\",\"url\":\"https:\/\/freerideguide.ch\/schweiz\/\",\"logo\":{\"@type\":\"ImageObject\",\"inLanguage\":\"de\",\"@id\":\"https:\/\/freerideguide.ch\/schweiz\/#\/schema\/logo\/image\/\",\"url\":\"http:\/\/freerideguide.ch\/schweiz\/wp-content\/uploads\/2014\/09\/freerideguideR.png\",\"contentUrl\":\"http:\/\/freerideguide.ch\/schweiz\/wp-content\/uploads\/2014\/09\/freerideguideR.png\",\"width\":2362,\"height\":587,\"caption\":\"Freerideguide.ch\"},\"image\":{\"@id\":\"https:\/\/freerideguide.ch\/schweiz\/#\/schema\/logo\/image\/\"},\"sameAs\":[\"https:\/\/www.facebook.com\/FreerideGuideJungfrauRegion\/\",\"https:\/\/www.instagram.com\/freerideguide.ch\/\",\"https:\/\/www.youtube.com\/channel\/UCzwnKqRhHpXAzUA5ZErLnAg\"]}]}<\/script>\r\n<!-- \/ Yoast SEO plugin. -->","yoast_head_json":{"title":"Freerideguide.ch und hikeandflyguide.ch","description":"Freeride Guide f\u00fcr neue Regionen. Dein eigenes Buch schreiben. mit unserer Unterst\u00fctzung","robots":{"index":"index","follow":"follow","max-snippet":"max-snippet:-1","max-image-preview":"max-image-preview:large","max-video-preview":"max-video-preview:-1"},"canonical":"https:\/\/freerideguide.ch\/schweiz\/freeride-guides-fuer-neue-regionen\/","og_locale":"de_DE","og_type":"article","og_title":"Freerideguide.ch und hikeandflyguide.ch","og_description":"Freeride Guide f\u00fcr neue Regionen. Dein eigenes Buch schreiben. mit unserer Unterst\u00fctzung","og_url":"https:\/\/freerideguide.ch\/schweiz\/freeride-guides-fuer-neue-regionen\/","og_site_name":"Freerideguide.ch","article_publisher":"https:\/\/www.facebook.com\/FreerideGuideJungfrauRegion\/","article_modified_time":"2019-11-23T20:32:13+00:00","og_image":[{"width":2001,"height":477,"url":"https:\/\/freerideguide.ch\/schweiz\/wp-content\/uploads\/2016\/09\/schriftzug-72-dpi-e1473949883429.png","type":"image\/png"}],"twitter_misc":{"Gesch\u00e4tzte Lesezeit":"1\u00a0Minute"},"schema":{"@context":"https:\/\/schema.org","@graph":[{"@type":"WebPage","@id":"https:\/\/freerideguide.ch\/schweiz\/freeride-guides-fuer-neue-regionen\/","url":"https:\/\/freerideguide.ch\/schweiz\/freeride-guides-fuer-neue-regionen\/","name":"Freerideguide.ch und hikeandflyguide.ch","isPartOf":{"@id":"https:\/\/freerideguide.ch\/schweiz\/#website"},"datePublished":"2014-08-19T09:19:24+00:00","dateModified":"2019-11-23T20:32:13+00:00","description":"Freeride Guide f\u00fcr neue Regionen. Dein eigenes Buch schreiben. mit unserer Unterst\u00fctzung","breadcrumb":{"@id":"https:\/\/freerideguide.ch\/schweiz\/freeride-guides-fuer-neue-regionen\/#breadcrumb"},"inLanguage":"de","potentialAction":[{"@type":"ReadAction","target":["https:\/\/freerideguide.ch\/schweiz\/freeride-guides-fuer-neue-regionen\/"]}]},{"@type":"BreadcrumbList","@id":"https:\/\/freerideguide.ch\/schweiz\/freeride-guides-fuer-neue-regionen\/#breadcrumb","itemListElement":[{"@type":"ListItem","position":1,"name":"Home","item":"https:\/\/freerideguide.ch\/schweiz\/"},{"@type":"ListItem","position":2,"name":"Freeride und Hike &#038; Fly Guides f\u00fcr neue Regionen"}]},{"@type":"WebSite","@id":"https:\/\/freerideguide.ch\/schweiz\/#website","url":"https:\/\/freerideguide.ch\/schweiz\/","name":"Freerideguide.ch","description":"Books, Guidings and Tandem Flights","publisher":{"@id":"https:\/\/freerideguide.ch\/schweiz\/#organization"},"potentialAction":[{"@type":"SearchAction","target":{"@type":"EntryPoint","urlTemplate":"https:\/\/freerideguide.ch\/schweiz\/?s={search_term_string}"},"query-input":{"@type":"PropertyValueSpecification","valueRequired":true,"valueName":"search_term_string"}}],"inLanguage":"de"},{"@type":"Organization","@id":"https:\/\/freerideguide.ch\/schweiz\/#organization","name":"Freerideguide.ch","url":"https:\/\/freerideguide.ch\/schweiz\/","logo":{"@type":"ImageObject","inLanguage":"de","@id":"https:\/\/freerideguide.ch\/schweiz\/#\/schema\/logo\/image\/","url":"http:\/\/freerideguide.ch\/schweiz\/wp-content\/uploads\/2014\/09\/freerideguideR.png","contentUrl":"http:\/\/freerideguide.ch\/schweiz\/wp-content\/uploads\/2014\/09\/freerideguideR.png","width":2362,"height":587,"caption":"Freerideguide.ch"},"image":{"@id":"https:\/\/freerideguide.ch\/schweiz\/#\/schema\/logo\/image\/"},"sameAs":["https:\/\/www.facebook.com\/FreerideGuideJungfrauRegion\/","https:\/\/www.instagram.com\/freerideguide.ch\/","https:\/\/www.youtube.com\/channel\/UCzwnKqRhHpXAzUA5ZErLnAg"]}]}},"_links":{"self":[{"href":"https:\/\/freerideguide.ch\/schweiz\/wp-json\/wp\/v2\/pages\/12","targetHints":{"allow":["GET"]}}],"collection":[{"href":"https:\/\/freerideguide.ch\/schweiz\/wp-json\/wp\/v2\/pages"}],"about":[{"href":"https:\/\/freerideguide.ch\/schweiz\/wp-json\/wp\/v2\/types\/page"}],"author":[{"embeddable":true,"href":"https:\/\/freerideguide.ch\/schweiz\/wp-json\/wp\/v2\/users\/1"}],"replies":[{"embeddable":true,"href":"https:\/\/freerideguide.ch\/schweiz\/wp-json\/wp\/v2\/comments?post=12"}],"version-history":[{"count":10,"href":"https:\/\/freerideguide.ch\/schweiz\/wp-json\/wp\/v2\/pages\/12\/revisions"}],"predecessor-version":[{"id":1695,"href":"https:\/\/freerideguide.ch\/schweiz\/wp-json\/wp\/v2\/pages\/12\/revisions\/1695"}],"wp:attachment":[{"href":"https:\/\/freerideguide.ch\/schweiz\/wp-json\/wp\/v2\/media?parent=12"}],"curies":[{"name":"wp","href":"https:\/\/api.w.org\/{rel}","templated":true}]}}