{"id":1084,"date":"2016-08-23T10:43:09","date_gmt":"2016-08-23T08:43:09","guid":{"rendered":"http:\/\/freerideguide.ch\/schweiz\/?page_id=1084"},"modified":"2026-01-29T15:22:55","modified_gmt":"2026-01-29T13:22:55","slug":"hike-fly","status":"publish","type":"page","link":"https:\/\/freerideguide.ch\/schweiz\/hike-fly\/","title":{"rendered":"Hike &#038; Fly"},"content":{"rendered":"[spb_single_image image=&#8220;1112&#8243; image_size=&#8220;full&#8220; frame=&#8220;noframe&#8220; lightbox=&#8220;yes&#8220; link_target=&#8220;_self&#8220; fullwidth=&#8220;no&#8220; width=&#8220;1\/1&#8243; el_position=&#8220;first last&#8220;][\/spb_single_image] [spb_text_block pb_margin_bottom=&#8220;no&#8220; pb_border_bottom=&#8220;no&#8220; width=&#8220;1\/1&#8243; el_position=&#8220;first last&#8220;]\n<p>Wenn du aus eigener Kraft auf den Berg gelaufen bist, ist der anschliessende Flug ins Tal ein noch sch\u00f6neres Erlebnis.<\/p>\n<p>Voraussetzung: gute Kondition. Die ganze Ausr\u00fcstung von ca. 10 kg. wird aufgeteilt.<\/p>\n<p>M\u00f6gliche Vorschl\u00e4ge:<\/p>\n<p><strong>Wandervorschl\u00e4ge in der Jungfrau Region: <\/strong><\/p>\n<ul>\n<li>Passstrasse Grosse Scheidegg \u2013 Glecksteinh\u00fctte, 2h 30<\/li>\n<li>Pfingstegg \u2013 Berghaus B\u00e4regg 1h<\/li>\n<li>Bussalp \u2013 Faulhorn oder First \u2013 Faulhorn: 1h 30<\/li>\n<li>Pfingstegg \u2013 Schreckhornh\u00fctte, 3h 30<\/li>\n<li>Isenfluh \u2013 H\u00f6ji Sulegg, 3h<\/li>\n<\/ul>\n<p><strong>Wandervorschl\u00e4ge in der Zentralschweiz:<\/strong><\/p>\n<ul>\n<li>Niederrickenbach \u2013 Buochserhorn: 1h 30<\/li>\n<li>Niederrickenbach \u2013 Brisenhaus: 1h 30<\/li>\n<li>Bannalp \u2013 Chaiserstuel: 1h 30<\/li>\n<li>Brunni \u2013 Rugghubelh\u00fctte: 2h<\/li>\n<li>Klewenalp \u2013 Schwalmis: 2h<\/li>\n<\/ul>\n<p>Flugzeit: 10 \u2013 30 Minuten, je nach Ort und Verh\u00e4ltnissen<\/p>\n<p>Preis: CHF 600.- bis CHF 900.- pro Flug inkl. Fotos und Versicherung, exkl. allf\u00e4lligen Transports<\/p>\n<p>Booking: Nach Absprache <a href=\"mailto:info@freerideguide.ch\">per Email <\/a>oder Telefon +41 79 446 70 01<\/p>\n<p style=\"text-align: center;\"><a href=\"http:\/\/freerideguide.ch\/schweiz\/paragliding\/\">zur\u00fcck zum Men\u00fc &#8222;Paragliding&#8220;<\/a><\/p>\n<p>&nbsp;<\/p>\n[\/spb_text_block] [spb_single_image image=&#8220;1145&#8243; image_size=&#8220;full&#8220; frame=&#8220;noframe&#8220; lightbox=&#8220;yes&#8220; link_target=&#8220;_self&#8220; fullwidth=&#8220;no&#8220; width=&#8220;1\/1&#8243; el_position=&#8220;first last&#8220;][\/spb_single_image]\n","protected":false},"excerpt":{"rendered":"<p>[spb_single_image image=&#8220;1112&#8243; image_size=&#8220;full&#8220; frame=&#8220;noframe&#8220; lightbox=&#8220;yes&#8220; link_target=&#8220;_self&#8220; fullwidth=&#8220;no&#8220; width=&#8220;1\/1&#8243; el_position=&#8220;first last&#8220;][\/spb_single_image] [spb_text_block pb_margin_bottom=&#8220;no&#8220; pb_border_bottom=&#8220;no&#8220; width=&#8220;1\/1&#8243; el_position=&#8220;first last&#8220;] Wenn du aus eigener Kraft auf den Berg gelaufen bist, ist der anschliessende Flug ins Tal ein noch sch\u00f6neres Erlebnis. Voraussetzung: gute Kondition. Die ganze Ausr\u00fcstung von ca. 10 kg. wird aufgeteilt. M\u00f6gliche Vorschl\u00e4ge: Wandervorschl\u00e4ge in der Jungfrau Region: Passstrasse Grosse Scheidegg \u2013 Glecksteinh\u00fctte, [&hellip;]<\/p>\n","protected":false},"author":1,"featured_media":0,"parent":0,"menu_order":0,"comment_status":"closed","ping_status":"closed","template":"","meta":{"footnotes":""},"class_list":["post-1084","page","type-page","status-publish","hentry"],"yoast_head":"<!-- This site is optimized with the Yoast SEO plugin v26.6 - https:\/\/yoast.com\/wordpress\/plugins\/seo\/ -->\r\n<title>Freerideguide.ch und hikeandflyguide.ch<\/title>\r\n<meta name=\"description\" content=\"Tandem-Hike &amp; Fly in der Jungfrau Region, Grindelwald, Interlaken mit Roger Fischer, Freerideguide.ch\" \/>\r\n<meta name=\"robots\" content=\"index, follow, max-snippet:-1, max-image-preview:large, max-video-preview:-1\" \/>\r\n<link rel=\"canonical\" href=\"https:\/\/freerideguide.ch\/schweiz\/hike-fly\/\" \/>\r\n<meta property=\"og:locale\" content=\"de_DE\" \/>\r\n<meta property=\"og:type\" content=\"article\" \/>\r\n<meta property=\"og:title\" content=\"Freerideguide.ch und hikeandflyguide.ch\" \/>\r\n<meta property=\"og:description\" content=\"Tandem-Hike &amp; Fly in der Jungfrau Region, Grindelwald, Interlaken mit Roger Fischer, Freerideguide.ch\" \/>\r\n<meta property=\"og:url\" content=\"https:\/\/freerideguide.ch\/schweiz\/hike-fly\/\" \/>\r\n<meta property=\"og:site_name\" content=\"Freerideguide.ch\" \/>\r\n<meta property=\"article:publisher\" content=\"https:\/\/www.facebook.com\/FreerideGuideJungfrauRegion\/\" \/>\r\n<meta property=\"article:modified_time\" content=\"2026-01-29T13:22:55+00:00\" \/>\r\n<meta property=\"og:image\" content=\"https:\/\/freerideguide.ch\/schweiz\/wp-content\/uploads\/2016\/09\/schriftzug-72-dpi-e1473949883429.png\" \/>\r\n\t<meta property=\"og:image:width\" content=\"2001\" \/>\r\n\t<meta property=\"og:image:height\" content=\"477\" \/>\r\n\t<meta property=\"og:image:type\" content=\"image\/png\" \/>\r\n<meta name=\"twitter:label1\" content=\"Gesch\u00e4tzte Lesezeit\" \/>\n\t<meta name=\"twitter:data1\" content=\"1\u00a0Minute\" \/>\r\n<script type=\"application\/ld+json\" class=\"yoast-schema-graph\">{\"@context\":\"https:\/\/schema.org\",\"@graph\":[{\"@type\":\"WebPage\",\"@id\":\"https:\/\/freerideguide.ch\/schweiz\/hike-fly\/\",\"url\":\"https:\/\/freerideguide.ch\/schweiz\/hike-fly\/\",\"name\":\"Freerideguide.ch und hikeandflyguide.ch\",\"isPartOf\":{\"@id\":\"https:\/\/freerideguide.ch\/schweiz\/#website\"},\"datePublished\":\"2016-08-23T08:43:09+00:00\",\"dateModified\":\"2026-01-29T13:22:55+00:00\",\"description\":\"Tandem-Hike & Fly in der Jungfrau Region, Grindelwald, Interlaken mit Roger Fischer, Freerideguide.ch\",\"breadcrumb\":{\"@id\":\"https:\/\/freerideguide.ch\/schweiz\/hike-fly\/#breadcrumb\"},\"inLanguage\":\"de\",\"potentialAction\":[{\"@type\":\"ReadAction\",\"target\":[\"https:\/\/freerideguide.ch\/schweiz\/hike-fly\/\"]}]},{\"@type\":\"BreadcrumbList\",\"@id\":\"https:\/\/freerideguide.ch\/schweiz\/hike-fly\/#breadcrumb\",\"itemListElement\":[{\"@type\":\"ListItem\",\"position\":1,\"name\":\"Home\",\"item\":\"https:\/\/freerideguide.ch\/schweiz\/\"},{\"@type\":\"ListItem\",\"position\":2,\"name\":\"Hike &#038; Fly\"}]},{\"@type\":\"WebSite\",\"@id\":\"https:\/\/freerideguide.ch\/schweiz\/#website\",\"url\":\"https:\/\/freerideguide.ch\/schweiz\/\",\"name\":\"Freerideguide.ch\",\"description\":\"Books, Guidings and Tandem Flights\",\"publisher\":{\"@id\":\"https:\/\/freerideguide.ch\/schweiz\/#organization\"},\"potentialAction\":[{\"@type\":\"SearchAction\",\"target\":{\"@type\":\"EntryPoint\",\"urlTemplate\":\"https:\/\/freerideguide.ch\/schweiz\/?s={search_term_string}\"},\"query-input\":{\"@type\":\"PropertyValueSpecification\",\"valueRequired\":true,\"valueName\":\"search_term_string\"}}],\"inLanguage\":\"de\"},{\"@type\":\"Organization\",\"@id\":\"https:\/\/freerideguide.ch\/schweiz\/#organization\",\"name\":\"Freerideguide.ch\",\"url\":\"https:\/\/freerideguide.ch\/schweiz\/\",\"logo\":{\"@type\":\"ImageObject\",\"inLanguage\":\"de\",\"@id\":\"https:\/\/freerideguide.ch\/schweiz\/#\/schema\/logo\/image\/\",\"url\":\"http:\/\/freerideguide.ch\/schweiz\/wp-content\/uploads\/2014\/09\/freerideguideR.png\",\"contentUrl\":\"http:\/\/freerideguide.ch\/schweiz\/wp-content\/uploads\/2014\/09\/freerideguideR.png\",\"width\":2362,\"height\":587,\"caption\":\"Freerideguide.ch\"},\"image\":{\"@id\":\"https:\/\/freerideguide.ch\/schweiz\/#\/schema\/logo\/image\/\"},\"sameAs\":[\"https:\/\/www.facebook.com\/FreerideGuideJungfrauRegion\/\",\"https:\/\/www.instagram.com\/freerideguide.ch\/\",\"https:\/\/www.youtube.com\/channel\/UCzwnKqRhHpXAzUA5ZErLnAg\"]}]}<\/script>\r\n<!-- \/ Yoast SEO plugin. -->","yoast_head_json":{"title":"Freerideguide.ch und hikeandflyguide.ch","description":"Tandem-Hike & Fly in der Jungfrau Region, Grindelwald, Interlaken mit Roger Fischer, Freerideguide.ch","robots":{"index":"index","follow":"follow","max-snippet":"max-snippet:-1","max-image-preview":"max-image-preview:large","max-video-preview":"max-video-preview:-1"},"canonical":"https:\/\/freerideguide.ch\/schweiz\/hike-fly\/","og_locale":"de_DE","og_type":"article","og_title":"Freerideguide.ch und hikeandflyguide.ch","og_description":"Tandem-Hike & Fly in der Jungfrau Region, Grindelwald, Interlaken mit Roger Fischer, Freerideguide.ch","og_url":"https:\/\/freerideguide.ch\/schweiz\/hike-fly\/","og_site_name":"Freerideguide.ch","article_publisher":"https:\/\/www.facebook.com\/FreerideGuideJungfrauRegion\/","article_modified_time":"2026-01-29T13:22:55+00:00","og_image":[{"width":2001,"height":477,"url":"https:\/\/freerideguide.ch\/schweiz\/wp-content\/uploads\/2016\/09\/schriftzug-72-dpi-e1473949883429.png","type":"image\/png"}],"twitter_misc":{"Gesch\u00e4tzte Lesezeit":"1\u00a0Minute"},"schema":{"@context":"https:\/\/schema.org","@graph":[{"@type":"WebPage","@id":"https:\/\/freerideguide.ch\/schweiz\/hike-fly\/","url":"https:\/\/freerideguide.ch\/schweiz\/hike-fly\/","name":"Freerideguide.ch und hikeandflyguide.ch","isPartOf":{"@id":"https:\/\/freerideguide.ch\/schweiz\/#website"},"datePublished":"2016-08-23T08:43:09+00:00","dateModified":"2026-01-29T13:22:55+00:00","description":"Tandem-Hike & Fly in der Jungfrau Region, Grindelwald, Interlaken mit Roger Fischer, Freerideguide.ch","breadcrumb":{"@id":"https:\/\/freerideguide.ch\/schweiz\/hike-fly\/#breadcrumb"},"inLanguage":"de","potentialAction":[{"@type":"ReadAction","target":["https:\/\/freerideguide.ch\/schweiz\/hike-fly\/"]}]},{"@type":"BreadcrumbList","@id":"https:\/\/freerideguide.ch\/schweiz\/hike-fly\/#breadcrumb","itemListElement":[{"@type":"ListItem","position":1,"name":"Home","item":"https:\/\/freerideguide.ch\/schweiz\/"},{"@type":"ListItem","position":2,"name":"Hike &#038; Fly"}]},{"@type":"WebSite","@id":"https:\/\/freerideguide.ch\/schweiz\/#website","url":"https:\/\/freerideguide.ch\/schweiz\/","name":"Freerideguide.ch","description":"Books, Guidings and Tandem Flights","publisher":{"@id":"https:\/\/freerideguide.ch\/schweiz\/#organization"},"potentialAction":[{"@type":"SearchAction","target":{"@type":"EntryPoint","urlTemplate":"https:\/\/freerideguide.ch\/schweiz\/?s={search_term_string}"},"query-input":{"@type":"PropertyValueSpecification","valueRequired":true,"valueName":"search_term_string"}}],"inLanguage":"de"},{"@type":"Organization","@id":"https:\/\/freerideguide.ch\/schweiz\/#organization","name":"Freerideguide.ch","url":"https:\/\/freerideguide.ch\/schweiz\/","logo":{"@type":"ImageObject","inLanguage":"de","@id":"https:\/\/freerideguide.ch\/schweiz\/#\/schema\/logo\/image\/","url":"http:\/\/freerideguide.ch\/schweiz\/wp-content\/uploads\/2014\/09\/freerideguideR.png","contentUrl":"http:\/\/freerideguide.ch\/schweiz\/wp-content\/uploads\/2014\/09\/freerideguideR.png","width":2362,"height":587,"caption":"Freerideguide.ch"},"image":{"@id":"https:\/\/freerideguide.ch\/schweiz\/#\/schema\/logo\/image\/"},"sameAs":["https:\/\/www.facebook.com\/FreerideGuideJungfrauRegion\/","https:\/\/www.instagram.com\/freerideguide.ch\/","https:\/\/www.youtube.com\/channel\/UCzwnKqRhHpXAzUA5ZErLnAg"]}]}},"_links":{"self":[{"href":"https:\/\/freerideguide.ch\/schweiz\/wp-json\/wp\/v2\/pages\/1084","targetHints":{"allow":["GET"]}}],"collection":[{"href":"https:\/\/freerideguide.ch\/schweiz\/wp-json\/wp\/v2\/pages"}],"about":[{"href":"https:\/\/freerideguide.ch\/schweiz\/wp-json\/wp\/v2\/types\/page"}],"author":[{"embeddable":true,"href":"https:\/\/freerideguide.ch\/schweiz\/wp-json\/wp\/v2\/users\/1"}],"replies":[{"embeddable":true,"href":"https:\/\/freerideguide.ch\/schweiz\/wp-json\/wp\/v2\/comments?post=1084"}],"version-history":[{"count":12,"href":"https:\/\/freerideguide.ch\/schweiz\/wp-json\/wp\/v2\/pages\/1084\/revisions"}],"predecessor-version":[{"id":7017,"href":"https:\/\/freerideguide.ch\/schweiz\/wp-json\/wp\/v2\/pages\/1084\/revisions\/7017"}],"wp:attachment":[{"href":"https:\/\/freerideguide.ch\/schweiz\/wp-json\/wp\/v2\/media?parent=1084"}],"curies":[{"name":"wp","href":"https:\/\/api.w.org\/{rel}","templated":true}]}}