{"id":100,"date":"2014-09-12T14:24:27","date_gmt":"2014-09-12T12:24:27","guid":{"rendered":"http:\/\/freerideguide.ch\/schweiz\/?page_id=100"},"modified":"2023-08-31T14:49:08","modified_gmt":"2023-08-31T12:49:08","slug":"impressum","status":"publish","type":"page","link":"https:\/\/freerideguide.ch\/schweiz\/impressum\/","title":{"rendered":"Impressum"},"content":{"rendered":"[spb_single_image image=&#8220;352&#8243; image_size=&#8220;full&#8220; frame=&#8220;noframe&#8220; lightbox=&#8220;yes&#8220; link_target=&#8220;_self&#8220; fullwidth=&#8220;no&#8220; width=&#8220;1\/1&#8243; el_position=&#8220;first last&#8220;][\/spb_single_image] [spb_text_block title=&#8220;Verantwortlich f\u00fcr Web-Page&#8220; pb_margin_bottom=&#8220;no&#8220; pb_border_bottom=&#8220;no&#8220; width=&#8220;1\/3&#8243; el_position=&#8220;first&#8220;]\n<p>Freerideguide.ch<br \/>\nRoger Fischer<br \/>\nAlmisg\u00e4ssli 32<br \/>\nCH-3818 Grindelwald<\/p>\n<p><a href=\"mailto:info@freerideguide.ch\">info@freerideguide.ch<\/a><\/p>\n[\/spb_text_block] [spb_text_block title=&#8220;Bildnachweis&#8220; pb_margin_bottom=&#8220;no&#8220; pb_border_bottom=&#8220;no&#8220; width=&#8220;1\/3&#8243; el_position=&#8220;last&#8220;]\n<p><a href=\"https:\/\/www.vertical-paragliding.com\/\" target=\"_blank\" rel=\"noopener noreferrer\">Tobias Dimmler<\/a><\/p>\n<p><a href=\"http:\/\/www.mi-ka.ch\" target=\"_blank\" rel=\"noopener noreferrer\">Mike Kaufmann<\/a><\/p>\n<p><a href=\"http:\/\/www.pascalimhof.com\" target=\"_blank\" rel=\"noopener noreferrer\">Pascal Imhof<\/a><\/p>\n<p><a href=\"http:\/\/www.davidbirri.com\" target=\"_blank\" rel=\"noopener noreferrer\">David Birri<\/a><\/p>\n<p><a href=\"http:\/\/www.baguslife.com\" target=\"_blank\" rel=\"noopener noreferrer\">Bea Anliker und Armin Wurmser<\/a><\/p>\n<p><a href=\"http:\/\/www.gosswiler.com\" target=\"_blank\" rel=\"noopener noreferrer\">Bj\u00f6rn Gosswiler<\/a><\/p>\n<p>Johny Wenger<\/p>\n<p><a title=\"Walter von Ballmoos\" href=\"http:\/\/www.fullmoons.ch\" target=\"_blank\" rel=\"noopener noreferrer\">Walter von Ballmoos<\/a><\/p>\n<p><a title=\"Christian Frei\" href=\"mailto:christian@freerideguide.ch\" target=\"_blank\" rel=\"noopener noreferrer\">Christian Frei<\/a><\/p>\n<p><a href=\"mailto:ruedi@freerideguide.ch\">Ruedi Berli<\/a><\/p>\n<p><a title=\"Roger Fischer\" href=\"mailto:roger@freerideguide.ch\" target=\"_blank\" rel=\"noopener noreferrer\">Roger Fischer<\/a><\/p>\n[\/spb_text_block] [spb_text_block title=&#8220;Disclaimer&#8220; pb_margin_bottom=&#8220;no&#8220; pb_border_bottom=&#8220;no&#8220; width=&#8220;1\/1&#8243; el_position=&#8220;first last&#8220;]\n<p><strong>Webpage<\/strong><\/p>\n<p>Alle Texte und Links wurden sorgf\u00e4ltig gepr\u00fcft und werden laufend aktualisiert. Wir sind bem\u00fcht, richtige und vollst\u00e4ndige Informationen auf dieser Website bereitzustellen, \u00fcbernehmen aber keinerlei Verantwortung, Garantien oder Haftung daf\u00fcr, dass die durch diese Website bereitgestellten Informationen, richtig, vollst\u00e4ndig oder aktuell sind. Wir behalten uns das Recht vor, jederzeit und ohne Vorank\u00fcndigung die Informationen auf dieser Website zu \u00e4ndern und verpflichten uns auch nicht, die enthaltenen Informationen zu aktualisieren. Alle Links zu externen Anbietern wurden zum Zeitpunkt ihrer Aufnahme auf ihre Richtigkeit \u00fcberpr\u00fcft, dennoch haften wir nicht f\u00fcr Inhalte und Verf\u00fcgbarkeit von Websites, die mittels Hyperlinks zu erreichen sind. F\u00fcr illegale, fehlerhafte oder unvollst\u00e4ndige Inhalte und insbesondere f\u00fcr Sch\u00e4den, die durch Inhalte verkn\u00fcpfter Seiten entstehen, haftet allein der Anbieter der Seite, auf welche verwiesen wurde. Dabei ist es gleichg\u00fcltig, ob der Schaden direkter, indirekter oder finanzieller Natur ist oder ein sonstiger Schaden vorliegt, der sich aus Datenverlust, Nutzungsausfall oder anderen Gr\u00fcnden aller Art ergeben k\u00f6nnte.<\/p>\n<p><strong>Haftungsausschluss<\/strong><\/p>\n<p>Die Ausarbeitung aller Touren in den Freeride und Hike and Fly Guides erfolgte nach bestem Wissen und Gewissen. Die Ben\u00fctzung dieser F\u00fchrer geschieht auf eigenes Risiko. Eine Haftung f\u00fcr Unf\u00e4lle oder Sch\u00e4den jeglicher Art wird abgelehnt. Jeder Schneesportler, der sich abseits der markierten Pisten bewegt, \u00fcbt seinen Sport auf eigenes Risiko aus. Alle beschriebenen Varianten f\u00fchren durch ungesichertes Gebiet. Auch Hike and Fly Piloten sind f\u00fcr ihre Wanderung und ihren Flug selbst verantwortlich.<\/p>\n[\/spb_text_block] [spb_text_block title=&#8220;Datenschutz&#8220; pb_margin_bottom=&#8220;no&#8220; pb_border_bottom=&#8220;no&#8220; width=&#8220;1\/1&#8243; el_position=&#8220;first last&#8220;]\n<p>Alle Daten, die uns mit einer Buchung oder einer Bestellung zufliessen werden vertraulich behandelt. Es werden nur solche Daten erfasst, die f\u00fcr die Ausf\u00fchrung des Auftrags sinnvoll und n\u00fctzlich sind. Konkret sind dies Name, Adresse, Telefon-Nr., Email-Adresse und die bestellten Artikel. Sie werden nicht ohne allf\u00e4llige R\u00fcckfrage an Dritte weitergegeben. Die Kontaktdaten werden aufbewahrt, um die Kunden sp\u00e4ter gegebenenfalls auf ein neues Produkt aufmerksam zu machen. Auf Wunsch kann die L\u00f6schung der Daten jederzeit verlangt werden.<\/p>\n<p>F\u00fcr die Sicherheit der Daten\u00fcbertragung im Internet k\u00f6nnen wir keine Gew\u00e4hr \u00fcbernehmen, insbesondere besteht bei der \u00dcbertragung von Daten per E-Mail die Gefahr des Zugriffs durch Dritte. Einer Nutzung der im Impressum ver\u00f6ffentlichten Kontaktdaten durch Dritte zu Werbezwecken wird hiermit ausdr\u00fccklich widersprochen. Der Betreiber beh\u00e4lt sich f\u00fcr den Fall unverlangt zugesandter Werbe- oder Informationsmaterialien ausdr\u00fccklich rechtliche Schritte vor. Sollten einzelne Regelungen oder Formulierungen dieses Haftungsausschlusses unwirksam sein oder werden, bleiben die \u00fcbrigen Regelungen in ihrem Inhalt und ihrer G\u00fcltigkeit hiervon unber\u00fchrt.<\/p>\n[\/spb_text_block] [spb_text_block title=&#8220;Copyright&#8220; pb_margin_bottom=&#8220;no&#8220; pb_border_bottom=&#8220;no&#8220; width=&#8220;1\/1&#8243; el_position=&#8220;first last&#8220;]\n<p align=\"LEFT\">Die B\u00fccher sowie der ganze Inhalt der Webpage ist urheberrechtlich gesch\u00fctzt. Jede Verwertung ausserhalb der engen Grenzen des Urhebergesetzes ist ohne Zustimmung der Verantwortlichen unzul\u00e4ssig und strafbar. Zudem ist die Marke &#8222;Freeride Guide&#8220; im schweizerischen Markenregister eingetragen und gesch\u00fctzt.<\/p>\n[\/spb_text_block]\n","protected":false},"excerpt":{"rendered":"<p>[spb_single_image image=&#8220;352&#8243; image_size=&#8220;full&#8220; frame=&#8220;noframe&#8220; lightbox=&#8220;yes&#8220; link_target=&#8220;_self&#8220; fullwidth=&#8220;no&#8220; width=&#8220;1\/1&#8243; el_position=&#8220;first last&#8220;][\/spb_single_image] [spb_text_block title=&#8220;Verantwortlich f\u00fcr Web-Page&#8220; pb_margin_bottom=&#8220;no&#8220; pb_border_bottom=&#8220;no&#8220; width=&#8220;1\/3&#8243; el_position=&#8220;first&#8220;] Freerideguide.ch Roger Fischer Almisg\u00e4ssli 32 CH-3818 Grindelwald info@freerideguide.ch [\/spb_text_block] [spb_text_block title=&#8220;Bildnachweis&#8220; pb_margin_bottom=&#8220;no&#8220; pb_border_bottom=&#8220;no&#8220; width=&#8220;1\/3&#8243; el_position=&#8220;last&#8220;] Tobias Dimmler Mike Kaufmann Pascal Imhof David Birri Bea Anliker und Armin Wurmser Bj\u00f6rn Gosswiler Johny Wenger Walter von Ballmoos Christian Frei Ruedi Berli Roger Fischer [\/spb_text_block] [&hellip;]<\/p>\n","protected":false},"author":1,"featured_media":0,"parent":0,"menu_order":0,"comment_status":"closed","ping_status":"closed","template":"","meta":{"footnotes":""},"class_list":["post-100","page","type-page","status-publish","hentry"],"yoast_head":"<!-- This site is optimized with the Yoast SEO plugin v26.6 - https:\/\/yoast.com\/wordpress\/plugins\/seo\/ -->\r\n<title>Freerideguide.ch und hikeandflyguide.ch<\/title>\r\n<meta name=\"description\" content=\"Impressum und Haftungsausschluss\" \/>\r\n<meta name=\"robots\" content=\"index, follow, max-snippet:-1, max-image-preview:large, max-video-preview:-1\" \/>\r\n<link rel=\"canonical\" href=\"https:\/\/freerideguide.ch\/schweiz\/impressum\/\" \/>\r\n<meta property=\"og:locale\" content=\"de_DE\" \/>\r\n<meta property=\"og:type\" content=\"article\" \/>\r\n<meta property=\"og:title\" content=\"Freerideguide.ch und hikeandflyguide.ch\" \/>\r\n<meta property=\"og:description\" content=\"Impressum und Haftungsausschluss\" \/>\r\n<meta property=\"og:url\" content=\"https:\/\/freerideguide.ch\/schweiz\/impressum\/\" \/>\r\n<meta property=\"og:site_name\" content=\"Freerideguide.ch\" \/>\r\n<meta property=\"article:publisher\" content=\"https:\/\/www.facebook.com\/FreerideGuideJungfrauRegion\/\" \/>\r\n<meta property=\"article:modified_time\" content=\"2023-08-31T12:49:08+00:00\" \/>\r\n<meta property=\"og:image\" content=\"https:\/\/freerideguide.ch\/schweiz\/wp-content\/uploads\/2016\/09\/schriftzug-72-dpi-e1473949883429.png\" \/>\r\n\t<meta property=\"og:image:width\" content=\"2001\" \/>\r\n\t<meta property=\"og:image:height\" content=\"477\" \/>\r\n\t<meta property=\"og:image:type\" content=\"image\/png\" \/>\r\n<meta name=\"twitter:label1\" content=\"Gesch\u00e4tzte Lesezeit\" \/>\n\t<meta name=\"twitter:data1\" content=\"3\u00a0Minuten\" \/>\r\n<script type=\"application\/ld+json\" class=\"yoast-schema-graph\">{\"@context\":\"https:\/\/schema.org\",\"@graph\":[{\"@type\":\"WebPage\",\"@id\":\"https:\/\/freerideguide.ch\/schweiz\/impressum\/\",\"url\":\"https:\/\/freerideguide.ch\/schweiz\/impressum\/\",\"name\":\"Freerideguide.ch und hikeandflyguide.ch\",\"isPartOf\":{\"@id\":\"https:\/\/freerideguide.ch\/schweiz\/#website\"},\"datePublished\":\"2014-09-12T12:24:27+00:00\",\"dateModified\":\"2023-08-31T12:49:08+00:00\",\"description\":\"Impressum und Haftungsausschluss\",\"breadcrumb\":{\"@id\":\"https:\/\/freerideguide.ch\/schweiz\/impressum\/#breadcrumb\"},\"inLanguage\":\"de\",\"potentialAction\":[{\"@type\":\"ReadAction\",\"target\":[\"https:\/\/freerideguide.ch\/schweiz\/impressum\/\"]}]},{\"@type\":\"BreadcrumbList\",\"@id\":\"https:\/\/freerideguide.ch\/schweiz\/impressum\/#breadcrumb\",\"itemListElement\":[{\"@type\":\"ListItem\",\"position\":1,\"name\":\"Home\",\"item\":\"https:\/\/freerideguide.ch\/schweiz\/\"},{\"@type\":\"ListItem\",\"position\":2,\"name\":\"Impressum\"}]},{\"@type\":\"WebSite\",\"@id\":\"https:\/\/freerideguide.ch\/schweiz\/#website\",\"url\":\"https:\/\/freerideguide.ch\/schweiz\/\",\"name\":\"Freerideguide.ch\",\"description\":\"Books, Guidings and Tandem Flights\",\"publisher\":{\"@id\":\"https:\/\/freerideguide.ch\/schweiz\/#organization\"},\"potentialAction\":[{\"@type\":\"SearchAction\",\"target\":{\"@type\":\"EntryPoint\",\"urlTemplate\":\"https:\/\/freerideguide.ch\/schweiz\/?s={search_term_string}\"},\"query-input\":{\"@type\":\"PropertyValueSpecification\",\"valueRequired\":true,\"valueName\":\"search_term_string\"}}],\"inLanguage\":\"de\"},{\"@type\":\"Organization\",\"@id\":\"https:\/\/freerideguide.ch\/schweiz\/#organization\",\"name\":\"Freerideguide.ch\",\"url\":\"https:\/\/freerideguide.ch\/schweiz\/\",\"logo\":{\"@type\":\"ImageObject\",\"inLanguage\":\"de\",\"@id\":\"https:\/\/freerideguide.ch\/schweiz\/#\/schema\/logo\/image\/\",\"url\":\"http:\/\/freerideguide.ch\/schweiz\/wp-content\/uploads\/2014\/09\/freerideguideR.png\",\"contentUrl\":\"http:\/\/freerideguide.ch\/schweiz\/wp-content\/uploads\/2014\/09\/freerideguideR.png\",\"width\":2362,\"height\":587,\"caption\":\"Freerideguide.ch\"},\"image\":{\"@id\":\"https:\/\/freerideguide.ch\/schweiz\/#\/schema\/logo\/image\/\"},\"sameAs\":[\"https:\/\/www.facebook.com\/FreerideGuideJungfrauRegion\/\",\"https:\/\/www.instagram.com\/freerideguide.ch\/\",\"https:\/\/www.youtube.com\/channel\/UCzwnKqRhHpXAzUA5ZErLnAg\"]}]}<\/script>\r\n<!-- \/ Yoast SEO plugin. -->","yoast_head_json":{"title":"Freerideguide.ch und hikeandflyguide.ch","description":"Impressum und Haftungsausschluss","robots":{"index":"index","follow":"follow","max-snippet":"max-snippet:-1","max-image-preview":"max-image-preview:large","max-video-preview":"max-video-preview:-1"},"canonical":"https:\/\/freerideguide.ch\/schweiz\/impressum\/","og_locale":"de_DE","og_type":"article","og_title":"Freerideguide.ch und hikeandflyguide.ch","og_description":"Impressum und Haftungsausschluss","og_url":"https:\/\/freerideguide.ch\/schweiz\/impressum\/","og_site_name":"Freerideguide.ch","article_publisher":"https:\/\/www.facebook.com\/FreerideGuideJungfrauRegion\/","article_modified_time":"2023-08-31T12:49:08+00:00","og_image":[{"width":2001,"height":477,"url":"https:\/\/freerideguide.ch\/schweiz\/wp-content\/uploads\/2016\/09\/schriftzug-72-dpi-e1473949883429.png","type":"image\/png"}],"twitter_misc":{"Gesch\u00e4tzte Lesezeit":"3\u00a0Minuten"},"schema":{"@context":"https:\/\/schema.org","@graph":[{"@type":"WebPage","@id":"https:\/\/freerideguide.ch\/schweiz\/impressum\/","url":"https:\/\/freerideguide.ch\/schweiz\/impressum\/","name":"Freerideguide.ch und hikeandflyguide.ch","isPartOf":{"@id":"https:\/\/freerideguide.ch\/schweiz\/#website"},"datePublished":"2014-09-12T12:24:27+00:00","dateModified":"2023-08-31T12:49:08+00:00","description":"Impressum und Haftungsausschluss","breadcrumb":{"@id":"https:\/\/freerideguide.ch\/schweiz\/impressum\/#breadcrumb"},"inLanguage":"de","potentialAction":[{"@type":"ReadAction","target":["https:\/\/freerideguide.ch\/schweiz\/impressum\/"]}]},{"@type":"BreadcrumbList","@id":"https:\/\/freerideguide.ch\/schweiz\/impressum\/#breadcrumb","itemListElement":[{"@type":"ListItem","position":1,"name":"Home","item":"https:\/\/freerideguide.ch\/schweiz\/"},{"@type":"ListItem","position":2,"name":"Impressum"}]},{"@type":"WebSite","@id":"https:\/\/freerideguide.ch\/schweiz\/#website","url":"https:\/\/freerideguide.ch\/schweiz\/","name":"Freerideguide.ch","description":"Books, Guidings and Tandem Flights","publisher":{"@id":"https:\/\/freerideguide.ch\/schweiz\/#organization"},"potentialAction":[{"@type":"SearchAction","target":{"@type":"EntryPoint","urlTemplate":"https:\/\/freerideguide.ch\/schweiz\/?s={search_term_string}"},"query-input":{"@type":"PropertyValueSpecification","valueRequired":true,"valueName":"search_term_string"}}],"inLanguage":"de"},{"@type":"Organization","@id":"https:\/\/freerideguide.ch\/schweiz\/#organization","name":"Freerideguide.ch","url":"https:\/\/freerideguide.ch\/schweiz\/","logo":{"@type":"ImageObject","inLanguage":"de","@id":"https:\/\/freerideguide.ch\/schweiz\/#\/schema\/logo\/image\/","url":"http:\/\/freerideguide.ch\/schweiz\/wp-content\/uploads\/2014\/09\/freerideguideR.png","contentUrl":"http:\/\/freerideguide.ch\/schweiz\/wp-content\/uploads\/2014\/09\/freerideguideR.png","width":2362,"height":587,"caption":"Freerideguide.ch"},"image":{"@id":"https:\/\/freerideguide.ch\/schweiz\/#\/schema\/logo\/image\/"},"sameAs":["https:\/\/www.facebook.com\/FreerideGuideJungfrauRegion\/","https:\/\/www.instagram.com\/freerideguide.ch\/","https:\/\/www.youtube.com\/channel\/UCzwnKqRhHpXAzUA5ZErLnAg"]}]}},"_links":{"self":[{"href":"https:\/\/freerideguide.ch\/schweiz\/wp-json\/wp\/v2\/pages\/100","targetHints":{"allow":["GET"]}}],"collection":[{"href":"https:\/\/freerideguide.ch\/schweiz\/wp-json\/wp\/v2\/pages"}],"about":[{"href":"https:\/\/freerideguide.ch\/schweiz\/wp-json\/wp\/v2\/types\/page"}],"author":[{"embeddable":true,"href":"https:\/\/freerideguide.ch\/schweiz\/wp-json\/wp\/v2\/users\/1"}],"replies":[{"embeddable":true,"href":"https:\/\/freerideguide.ch\/schweiz\/wp-json\/wp\/v2\/comments?post=100"}],"version-history":[{"count":24,"href":"https:\/\/freerideguide.ch\/schweiz\/wp-json\/wp\/v2\/pages\/100\/revisions"}],"predecessor-version":[{"id":6414,"href":"https:\/\/freerideguide.ch\/schweiz\/wp-json\/wp\/v2\/pages\/100\/revisions\/6414"}],"wp:attachment":[{"href":"https:\/\/freerideguide.ch\/schweiz\/wp-json\/wp\/v2\/media?parent=100"}],"curies":[{"name":"wp","href":"https:\/\/api.w.org\/{rel}","templated":true}]}}