{"id":10,"date":"2014-08-19T11:18:59","date_gmt":"2014-08-19T09:18:59","guid":{"rendered":"http:\/\/freerideguide.ch\/schweiz\/?page_id=10"},"modified":"2024-03-05T17:34:57","modified_gmt":"2024-03-05T15:34:57","slug":"freeride-days","status":"publish","type":"page","link":"https:\/\/freerideguide.ch\/schweiz\/freeride-days\/","title":{"rendered":"Freeride Days"},"content":{"rendered":"[spb_single_image image=&#8220;183&#8243; image_size=&#8220;full&#8220; frame=&#8220;shadowframe&#8220; lightbox=&#8220;no&#8220; link_target=&#8220;_self&#8220; fullwidth=&#8220;no&#8220; width=&#8220;1\/1&#8243; el_position=&#8220;first last&#8220;][\/spb_single_image] [spb_text_block pb_margin_bottom=&#8220;no&#8220; pb_border_bottom=&#8220;no&#8220; width=&#8220;1\/1&#8243; el_position=&#8220;first last&#8220;]\n<p>Hast Du Lust einen Freeride-Tag im Pulverschnee zu erleben? Die lokalen Guides kennen die besten Runs bei allen Verh\u00e4ltnissen und bieten Dir maximale Sicherheit im ungesicherten Gel\u00e4nde. G\u00f6nne Dir ein unvergessliches Powder-Erlebnis abseits des Pistenrummels.<\/p>\n<p>Sicherheit ist dabei immer unser\u00a0oberstes Ziel. Wir sind Schneesportlehrer mit eidg. Fachausweis und\u00a0verf\u00fcgen\u00a0\u00fcber eine Bewilligung f\u00fcr das Anbieten von Risikoaktivit\u00e4ten.<\/p>\n[\/spb_text_block] [spb_text_block title=&#8220;Jungfrau Region&#8220; pb_margin_bottom=&#8220;no&#8220; pb_border_bottom=&#8220;no&#8220; width=&#8220;1\/2&#8243; el_position=&#8220;first&#8220;]\n<p>&nbsp;<\/p>\n<p><strong>Anmeldung f\u00fcr einen Powder-Tag mit Freeride Guide-Autor Roger Fischer in der Jungfrau Region:<\/strong><br \/>\nEmail: <a href=\"mailto:roger@freerideguide.ch\">roger@freerideguide.ch<\/a>, Telefon: +41 79 446 70 01<\/p>\n<p>Preis pro Tag: CHF 600.00 \u00a0(bei einer Person, CHF 50.00 zus\u00e4tzlich f\u00fcr jede weitere)<\/p>\n<p>M\u00f6chtest Du jemanden mit einem Freeride Day \u00fcberraschen? Gerne stelle ich auch\u00a0einen Gutschein daf\u00fcr aus.<\/p>\n<p>&nbsp;<\/p>\n[\/spb_text_block] [spb_text_block title=&#8220;Davos Klosters&#8220; pb_margin_bottom=&#8220;no&#8220; pb_border_bottom=&#8220;no&#8220; width=&#8220;1\/2&#8243; el_position=&#8220;last&#8220;]\n<p>&nbsp;<\/p>\n<p><strong>Anmeldung f\u00fcr einen Freeride Tag in der Region Davos Klosters mit einem lokalen Guide:\u00a0<\/strong><br \/>\nEmail:<a href=\"mailto:info@ssd.ch\"> info@ssd.ch<\/a>, Telefon +41 81 416 24 54<\/p>\n<p>Es gelten die offiziellen Preise der Schneesportschule Davos.<\/p>\n<p>&nbsp;<\/p>\n<p>&nbsp;<\/p>\n[\/spb_text_block] [spb_text_block pb_margin_bottom=&#8220;no&#8220; pb_border_bottom=&#8220;no&#8220; width=&#8220;1\/2&#8243; el_position=&#8220;first&#8220;]\n<p>&nbsp;<\/p>\n<p><a href=\"mailto:roger@freerideguide.ch\"><img loading=\"lazy\" decoding=\"async\" class=\"alignnone wp-image-409\" src=\"http:\/\/freerideguide.ch\/schweiz\/wp-content\/uploads\/2014\/08\/Logo-1024x206.jpg\" alt=\"logo.indd\" width=\"547\" height=\"110\" srcset=\"https:\/\/freerideguide.ch\/schweiz\/wp-content\/uploads\/2014\/08\/Logo-1024x206.jpg 1024w, https:\/\/freerideguide.ch\/schweiz\/wp-content\/uploads\/2014\/08\/Logo-400x81.jpg 400w, https:\/\/freerideguide.ch\/schweiz\/wp-content\/uploads\/2014\/08\/Logo-600x121.jpg 600w, https:\/\/freerideguide.ch\/schweiz\/wp-content\/uploads\/2014\/08\/Logo-300x60.jpg 300w, https:\/\/freerideguide.ch\/schweiz\/wp-content\/uploads\/2014\/08\/Logo-1280x257.jpg 1280w\" sizes=\"auto, (max-width: 547px) 100vw, 547px\" \/><\/a><\/p>\n<p>&nbsp;<\/p>\n[\/spb_text_block] [spb_text_block pb_margin_bottom=&#8220;no&#8220; pb_border_bottom=&#8220;no&#8220; width=&#8220;1\/2&#8243; el_position=&#8220;last&#8220;]\n<p>&nbsp;<\/p>\n<p><a title=\"Schneesportschule Davos\" href=\"http:\/\/www.ssd.ch\" target=\"_blank\" rel=\"noopener noreferrer\"><img loading=\"lazy\" decoding=\"async\" class=\"alignnone wp-image-411\" src=\"http:\/\/freerideguide.ch\/schweiz\/wp-content\/uploads\/2014\/08\/ssd_vektor_pos_lang-1024x175.jpg\" alt=\"ssd_vektor_pos_lang\" width=\"667\" height=\"114\" srcset=\"https:\/\/freerideguide.ch\/schweiz\/wp-content\/uploads\/2014\/08\/ssd_vektor_pos_lang-1024x175.jpg 1024w, https:\/\/freerideguide.ch\/schweiz\/wp-content\/uploads\/2014\/08\/ssd_vektor_pos_lang-400x69.jpg 400w, https:\/\/freerideguide.ch\/schweiz\/wp-content\/uploads\/2014\/08\/ssd_vektor_pos_lang-600x103.jpg 600w, https:\/\/freerideguide.ch\/schweiz\/wp-content\/uploads\/2014\/08\/ssd_vektor_pos_lang-300x51.jpg 300w, https:\/\/freerideguide.ch\/schweiz\/wp-content\/uploads\/2014\/08\/ssd_vektor_pos_lang-1280x219.jpg 1280w, https:\/\/freerideguide.ch\/schweiz\/wp-content\/uploads\/2014\/08\/ssd_vektor_pos_lang.jpg 1651w\" sizes=\"auto, (max-width: 667px) 100vw, 667px\" \/><\/a><\/p>\n<p>&nbsp;<\/p>\n[\/spb_text_block] [spb_single_image image=&#8220;308&#8243; image_size=&#8220;full&#8220; frame=&#8220;noframe&#8220; lightbox=&#8220;yes&#8220; link_target=&#8220;_self&#8220; fullwidth=&#8220;no&#8220; width=&#8220;1\/2&#8243; el_position=&#8220;first&#8220;][\/spb_single_image] [spb_single_image image=&#8220;446&#8243; image_size=&#8220;full&#8220; frame=&#8220;noframe&#8220; lightbox=&#8220;yes&#8220; link_target=&#8220;_self&#8220; fullwidth=&#8220;no&#8220; width=&#8220;1\/2&#8243; el_position=&#8220;last&#8220;][\/spb_single_image] [spb_single_image image=&#8220;309&#8243; image_size=&#8220;full&#8220; frame=&#8220;noframe&#8220; lightbox=&#8220;yes&#8220; link_target=&#8220;_self&#8220; fullwidth=&#8220;no&#8220; width=&#8220;1\/2&#8243; el_position=&#8220;first&#8220;][\/spb_single_image] [spb_single_image image=&#8220;447&#8243; image_size=&#8220;full&#8220; frame=&#8220;noframe&#8220; lightbox=&#8220;yes&#8220; link_target=&#8220;_self&#8220; fullwidth=&#8220;no&#8220; width=&#8220;1\/2&#8243; el_position=&#8220;last&#8220;][\/spb_single_image] [spb_single_image image=&#8220;369&#8243; image_size=&#8220;full&#8220; frame=&#8220;noframe&#8220; lightbox=&#8220;yes&#8220; link_target=&#8220;_self&#8220; fullwidth=&#8220;no&#8220; width=&#8220;1\/2&#8243; el_position=&#8220;first&#8220;][\/spb_single_image] [spb_single_image image=&#8220;448&#8243; image_size=&#8220;full&#8220; frame=&#8220;noframe&#8220; lightbox=&#8220;yes&#8220; link_target=&#8220;_self&#8220; fullwidth=&#8220;no&#8220; width=&#8220;1\/2&#8243; el_position=&#8220;last&#8220;][\/spb_single_image]\n","protected":false},"excerpt":{"rendered":"<p>[spb_single_image image=&#8220;183&#8243; image_size=&#8220;full&#8220; frame=&#8220;shadowframe&#8220; lightbox=&#8220;no&#8220; link_target=&#8220;_self&#8220; fullwidth=&#8220;no&#8220; width=&#8220;1\/1&#8243; el_position=&#8220;first last&#8220;][\/spb_single_image] [spb_text_block pb_margin_bottom=&#8220;no&#8220; pb_border_bottom=&#8220;no&#8220; width=&#8220;1\/1&#8243; el_position=&#8220;first last&#8220;] Hast Du Lust einen Freeride-Tag im Pulverschnee zu erleben? Die lokalen Guides kennen die besten Runs bei allen Verh\u00e4ltnissen und bieten Dir maximale Sicherheit im ungesicherten Gel\u00e4nde. G\u00f6nne Dir ein unvergessliches Powder-Erlebnis abseits des Pistenrummels. Sicherheit ist dabei immer unser\u00a0oberstes Ziel. Wir sind Schneesportlehrer [&hellip;]<\/p>\n","protected":false},"author":1,"featured_media":0,"parent":0,"menu_order":0,"comment_status":"open","ping_status":"open","template":"","meta":{"footnotes":""},"class_list":["post-10","page","type-page","status-publish","hentry"],"yoast_head":"<!-- This site is optimized with the Yoast SEO plugin v26.6 - https:\/\/yoast.com\/wordpress\/plugins\/seo\/ -->\r\n<title>Freerideguide.ch und hikeandflyguide.ch<\/title>\r\n<meta name=\"description\" content=\"Erlebe einen Freride-Tag, Powder Day, Offpiste-Day, mit einem der Freeride Guide Autoren. Skischule Davos.\" \/>\r\n<meta name=\"robots\" content=\"index, follow, max-snippet:-1, max-image-preview:large, max-video-preview:-1\" \/>\r\n<link rel=\"canonical\" href=\"https:\/\/freerideguide.ch\/schweiz\/freeride-days\/\" \/>\r\n<meta property=\"og:locale\" content=\"de_DE\" \/>\r\n<meta property=\"og:type\" content=\"article\" \/>\r\n<meta property=\"og:title\" content=\"Freerideguide.ch und hikeandflyguide.ch\" \/>\r\n<meta property=\"og:description\" content=\"Erlebe einen Freride-Tag, Powder Day, Offpiste-Day, mit einem der Freeride Guide Autoren. Skischule Davos.\" \/>\r\n<meta property=\"og:url\" content=\"https:\/\/freerideguide.ch\/schweiz\/freeride-days\/\" \/>\r\n<meta property=\"og:site_name\" content=\"Freerideguide.ch\" \/>\r\n<meta property=\"article:publisher\" content=\"https:\/\/www.facebook.com\/FreerideGuideJungfrauRegion\/\" \/>\r\n<meta property=\"article:modified_time\" content=\"2024-03-05T15:34:57+00:00\" \/>\r\n<meta property=\"og:image\" content=\"https:\/\/freerideguide.ch\/schweiz\/wp-content\/uploads\/2014\/08\/Logo.jpg\" \/>\r\n\t<meta property=\"og:image:width\" content=\"2362\" \/>\r\n\t<meta property=\"og:image:height\" content=\"476\" \/>\r\n\t<meta property=\"og:image:type\" content=\"image\/jpeg\" \/>\r\n<meta name=\"twitter:label1\" content=\"Gesch\u00e4tzte Lesezeit\" \/>\n\t<meta name=\"twitter:data1\" content=\"2\u00a0Minuten\" \/>\r\n<script type=\"application\/ld+json\" class=\"yoast-schema-graph\">{\"@context\":\"https:\/\/schema.org\",\"@graph\":[{\"@type\":\"WebPage\",\"@id\":\"https:\/\/freerideguide.ch\/schweiz\/freeride-days\/\",\"url\":\"https:\/\/freerideguide.ch\/schweiz\/freeride-days\/\",\"name\":\"Freerideguide.ch und hikeandflyguide.ch\",\"isPartOf\":{\"@id\":\"https:\/\/freerideguide.ch\/schweiz\/#website\"},\"primaryImageOfPage\":{\"@id\":\"https:\/\/freerideguide.ch\/schweiz\/freeride-days\/#primaryimage\"},\"image\":{\"@id\":\"https:\/\/freerideguide.ch\/schweiz\/freeride-days\/#primaryimage\"},\"thumbnailUrl\":\"http:\/\/freerideguide.ch\/schweiz\/wp-content\/uploads\/2014\/08\/Logo-1024x206.jpg\",\"datePublished\":\"2014-08-19T09:18:59+00:00\",\"dateModified\":\"2024-03-05T15:34:57+00:00\",\"description\":\"Erlebe einen Freride-Tag, Powder Day, Offpiste-Day, mit einem der Freeride Guide Autoren. Skischule Davos.\",\"breadcrumb\":{\"@id\":\"https:\/\/freerideguide.ch\/schweiz\/freeride-days\/#breadcrumb\"},\"inLanguage\":\"de\",\"potentialAction\":[{\"@type\":\"ReadAction\",\"target\":[\"https:\/\/freerideguide.ch\/schweiz\/freeride-days\/\"]}]},{\"@type\":\"ImageObject\",\"inLanguage\":\"de\",\"@id\":\"https:\/\/freerideguide.ch\/schweiz\/freeride-days\/#primaryimage\",\"url\":\"http:\/\/freerideguide.ch\/schweiz\/wp-content\/uploads\/2014\/08\/Logo-1024x206.jpg\",\"contentUrl\":\"http:\/\/freerideguide.ch\/schweiz\/wp-content\/uploads\/2014\/08\/Logo-1024x206.jpg\"},{\"@type\":\"BreadcrumbList\",\"@id\":\"https:\/\/freerideguide.ch\/schweiz\/freeride-days\/#breadcrumb\",\"itemListElement\":[{\"@type\":\"ListItem\",\"position\":1,\"name\":\"Home\",\"item\":\"https:\/\/freerideguide.ch\/schweiz\/\"},{\"@type\":\"ListItem\",\"position\":2,\"name\":\"Freeride Days\"}]},{\"@type\":\"WebSite\",\"@id\":\"https:\/\/freerideguide.ch\/schweiz\/#website\",\"url\":\"https:\/\/freerideguide.ch\/schweiz\/\",\"name\":\"Freerideguide.ch\",\"description\":\"Books, Guidings and Tandem Flights\",\"publisher\":{\"@id\":\"https:\/\/freerideguide.ch\/schweiz\/#organization\"},\"potentialAction\":[{\"@type\":\"SearchAction\",\"target\":{\"@type\":\"EntryPoint\",\"urlTemplate\":\"https:\/\/freerideguide.ch\/schweiz\/?s={search_term_string}\"},\"query-input\":{\"@type\":\"PropertyValueSpecification\",\"valueRequired\":true,\"valueName\":\"search_term_string\"}}],\"inLanguage\":\"de\"},{\"@type\":\"Organization\",\"@id\":\"https:\/\/freerideguide.ch\/schweiz\/#organization\",\"name\":\"Freerideguide.ch\",\"url\":\"https:\/\/freerideguide.ch\/schweiz\/\",\"logo\":{\"@type\":\"ImageObject\",\"inLanguage\":\"de\",\"@id\":\"https:\/\/freerideguide.ch\/schweiz\/#\/schema\/logo\/image\/\",\"url\":\"http:\/\/freerideguide.ch\/schweiz\/wp-content\/uploads\/2014\/09\/freerideguideR.png\",\"contentUrl\":\"http:\/\/freerideguide.ch\/schweiz\/wp-content\/uploads\/2014\/09\/freerideguideR.png\",\"width\":2362,\"height\":587,\"caption\":\"Freerideguide.ch\"},\"image\":{\"@id\":\"https:\/\/freerideguide.ch\/schweiz\/#\/schema\/logo\/image\/\"},\"sameAs\":[\"https:\/\/www.facebook.com\/FreerideGuideJungfrauRegion\/\",\"https:\/\/www.instagram.com\/freerideguide.ch\/\",\"https:\/\/www.youtube.com\/channel\/UCzwnKqRhHpXAzUA5ZErLnAg\"]}]}<\/script>\r\n<!-- \/ Yoast SEO plugin. -->","yoast_head_json":{"title":"Freerideguide.ch und hikeandflyguide.ch","description":"Erlebe einen Freride-Tag, Powder Day, Offpiste-Day, mit einem der Freeride Guide Autoren. Skischule Davos.","robots":{"index":"index","follow":"follow","max-snippet":"max-snippet:-1","max-image-preview":"max-image-preview:large","max-video-preview":"max-video-preview:-1"},"canonical":"https:\/\/freerideguide.ch\/schweiz\/freeride-days\/","og_locale":"de_DE","og_type":"article","og_title":"Freerideguide.ch und hikeandflyguide.ch","og_description":"Erlebe einen Freride-Tag, Powder Day, Offpiste-Day, mit einem der Freeride Guide Autoren. Skischule Davos.","og_url":"https:\/\/freerideguide.ch\/schweiz\/freeride-days\/","og_site_name":"Freerideguide.ch","article_publisher":"https:\/\/www.facebook.com\/FreerideGuideJungfrauRegion\/","article_modified_time":"2024-03-05T15:34:57+00:00","og_image":[{"width":2362,"height":476,"url":"https:\/\/freerideguide.ch\/schweiz\/wp-content\/uploads\/2014\/08\/Logo.jpg","type":"image\/jpeg"}],"twitter_misc":{"Gesch\u00e4tzte Lesezeit":"2\u00a0Minuten"},"schema":{"@context":"https:\/\/schema.org","@graph":[{"@type":"WebPage","@id":"https:\/\/freerideguide.ch\/schweiz\/freeride-days\/","url":"https:\/\/freerideguide.ch\/schweiz\/freeride-days\/","name":"Freerideguide.ch und hikeandflyguide.ch","isPartOf":{"@id":"https:\/\/freerideguide.ch\/schweiz\/#website"},"primaryImageOfPage":{"@id":"https:\/\/freerideguide.ch\/schweiz\/freeride-days\/#primaryimage"},"image":{"@id":"https:\/\/freerideguide.ch\/schweiz\/freeride-days\/#primaryimage"},"thumbnailUrl":"http:\/\/freerideguide.ch\/schweiz\/wp-content\/uploads\/2014\/08\/Logo-1024x206.jpg","datePublished":"2014-08-19T09:18:59+00:00","dateModified":"2024-03-05T15:34:57+00:00","description":"Erlebe einen Freride-Tag, Powder Day, Offpiste-Day, mit einem der Freeride Guide Autoren. Skischule Davos.","breadcrumb":{"@id":"https:\/\/freerideguide.ch\/schweiz\/freeride-days\/#breadcrumb"},"inLanguage":"de","potentialAction":[{"@type":"ReadAction","target":["https:\/\/freerideguide.ch\/schweiz\/freeride-days\/"]}]},{"@type":"ImageObject","inLanguage":"de","@id":"https:\/\/freerideguide.ch\/schweiz\/freeride-days\/#primaryimage","url":"http:\/\/freerideguide.ch\/schweiz\/wp-content\/uploads\/2014\/08\/Logo-1024x206.jpg","contentUrl":"http:\/\/freerideguide.ch\/schweiz\/wp-content\/uploads\/2014\/08\/Logo-1024x206.jpg"},{"@type":"BreadcrumbList","@id":"https:\/\/freerideguide.ch\/schweiz\/freeride-days\/#breadcrumb","itemListElement":[{"@type":"ListItem","position":1,"name":"Home","item":"https:\/\/freerideguide.ch\/schweiz\/"},{"@type":"ListItem","position":2,"name":"Freeride Days"}]},{"@type":"WebSite","@id":"https:\/\/freerideguide.ch\/schweiz\/#website","url":"https:\/\/freerideguide.ch\/schweiz\/","name":"Freerideguide.ch","description":"Books, Guidings and Tandem Flights","publisher":{"@id":"https:\/\/freerideguide.ch\/schweiz\/#organization"},"potentialAction":[{"@type":"SearchAction","target":{"@type":"EntryPoint","urlTemplate":"https:\/\/freerideguide.ch\/schweiz\/?s={search_term_string}"},"query-input":{"@type":"PropertyValueSpecification","valueRequired":true,"valueName":"search_term_string"}}],"inLanguage":"de"},{"@type":"Organization","@id":"https:\/\/freerideguide.ch\/schweiz\/#organization","name":"Freerideguide.ch","url":"https:\/\/freerideguide.ch\/schweiz\/","logo":{"@type":"ImageObject","inLanguage":"de","@id":"https:\/\/freerideguide.ch\/schweiz\/#\/schema\/logo\/image\/","url":"http:\/\/freerideguide.ch\/schweiz\/wp-content\/uploads\/2014\/09\/freerideguideR.png","contentUrl":"http:\/\/freerideguide.ch\/schweiz\/wp-content\/uploads\/2014\/09\/freerideguideR.png","width":2362,"height":587,"caption":"Freerideguide.ch"},"image":{"@id":"https:\/\/freerideguide.ch\/schweiz\/#\/schema\/logo\/image\/"},"sameAs":["https:\/\/www.facebook.com\/FreerideGuideJungfrauRegion\/","https:\/\/www.instagram.com\/freerideguide.ch\/","https:\/\/www.youtube.com\/channel\/UCzwnKqRhHpXAzUA5ZErLnAg"]}]}},"_links":{"self":[{"href":"https:\/\/freerideguide.ch\/schweiz\/wp-json\/wp\/v2\/pages\/10","targetHints":{"allow":["GET"]}}],"collection":[{"href":"https:\/\/freerideguide.ch\/schweiz\/wp-json\/wp\/v2\/pages"}],"about":[{"href":"https:\/\/freerideguide.ch\/schweiz\/wp-json\/wp\/v2\/types\/page"}],"author":[{"embeddable":true,"href":"https:\/\/freerideguide.ch\/schweiz\/wp-json\/wp\/v2\/users\/1"}],"replies":[{"embeddable":true,"href":"https:\/\/freerideguide.ch\/schweiz\/wp-json\/wp\/v2\/comments?post=10"}],"version-history":[{"count":31,"href":"https:\/\/freerideguide.ch\/schweiz\/wp-json\/wp\/v2\/pages\/10\/revisions"}],"predecessor-version":[{"id":6485,"href":"https:\/\/freerideguide.ch\/schweiz\/wp-json\/wp\/v2\/pages\/10\/revisions\/6485"}],"wp:attachment":[{"href":"https:\/\/freerideguide.ch\/schweiz\/wp-json\/wp\/v2\/media?parent=10"}],"curies":[{"name":"wp","href":"https:\/\/api.w.org\/{rel}","templated":true}]}}